{"id":717,"date":"2021-11-12T15:37:50","date_gmt":"2021-11-12T14:37:50","guid":{"rendered":"https:\/\/www.ilsancristoforo.com\/?page_id=717"},"modified":"2023-11-09T09:26:58","modified_gmt":"2023-11-09T08:26:58","slug":"nouvel-an-2022-sur-le-vesuve","status":"publish","type":"page","link":"https:\/\/www.ilsancristoforo.com\/fr\/offres-et-forfaits\/nouvel-an-2022-sur-le-vesuve\/","title":{"rendered":"Nouvel An 2024 sur le V\u00e9suve"},"content":{"rendered":"<p>Le complexe \u00ab\u00a0Il San Cristoforo\u00a0\u00bb vous invite \u00e0 c\u00e9l\u00e9brer le <strong>Nouvel An 2024<\/strong>\u00a0dans une atmosph\u00e8re pleine de suggestions, avec une vue magnifique sur le golfe de Naples, illumin\u00e9e la nuit la plus importante de l&rsquo;ann\u00e9e. Situ\u00e9 dans une position privil\u00e9gi\u00e9e au c\u0153ur du parc national du V\u00e9suve, le Resort est une oasis de luxe, d&rsquo;exclusivit\u00e9 et d&rsquo;\u00e9l\u00e9gance o\u00f9 la courtoisie et le charme ne sont pas de simples fantasmes.<\/p>\n<p>Notre proposition vous permettra de vivre le r\u00e9veillon du Nouvel An 2024 en toute libert\u00e9 et s\u00e9curit\u00e9 dans l&rsquo;un des plus beaux et exclusifs AgriResorts d&rsquo;Italie.<\/p>\n<p>R\u00c9SERVER MAINTENANT &#8211; OFFRE LIMIT\u00c9E<\/p>\n<p>TOUT CE QUE TU AS BESOIN DE SAVOIR:<\/p>\n<ul>\n<li><strong>S\u00e9journez au moins 3 nuits du 23\/12 au 07\/01<\/strong> dans l&rsquo;une des charmantes chambres finement meubl\u00e9es<\/li>\n<li><strong>Petit-d\u00e9jeuner copieux<\/strong> avec des produits classiques du V\u00e9suve, des tartes sucr\u00e9es et sal\u00e9es, des centrifugeuses, notre <a href=\"https:\/\/www.ilsancristoforo.com\/fr\/la-cuisine-du-vesuve\/panettone-artisan\/\">PANETTONE<\/a> et des fruits frais servis dans nos \u00ab\u00a0jardins d&rsquo;hiver\u00a0\u00bb<\/li>\n<li><em>Snack Bar<\/em> pour votre d\u00e9jeuner rapide<\/li>\n<li>Service de conciergerie pour organiser des visites guid\u00e9es et des excursions<\/li>\n<li><strong>Wi-Fi<\/strong> dans toutes les chambres et espaces communs<\/li>\n<li><em>Annulable jusqu&rsquo;\u00e0 14 jours avant la date d&rsquo;arriv\u00e9e<\/em>. En cas d&rsquo;annulation apr\u00e8s la date limite, la totalit\u00e9 du s\u00e9jour sera factur\u00e9e.<\/li>\n<li>En cas de mesures emp\u00eachant la libre circulation des personnes, l&rsquo;annulation est gratuite.<\/li>\n<li>R\u00e9servez en ligne ou en appelant notre centrale de r\u00e9servation au 081-7712292 en demandant la promotion <strong>\u00ab\u00a0Nouvel An 2024 sur le V\u00e9suve\u00a0\u00bb<\/strong><\/li>\n<\/ul>\n","protected":false},"excerpt":{"rendered":"<p>Le complexe \u00ab\u00a0Il San Cristoforo\u00a0\u00bb vous invite \u00e0 c\u00e9l\u00e9brer le Nouvel An 2024\u00a0dans une atmosph\u00e8re pleine de suggestions, avec une vue magnifique sur le golfe de Naples, illumin\u00e9e la nuit la plus importante de l&rsquo;ann\u00e9e. Situ\u00e9 dans une position privil\u00e9gi\u00e9e au c\u0153ur du parc national du V\u00e9suve, le Resort est une oasis de luxe, d&rsquo;exclusivit\u00e9 [&hellip;]<\/p>\n","protected":false},"author":174,"featured_media":0,"parent":442,"menu_order":0,"comment_status":"closed","ping_status":"closed","template":"","meta":{"footnotes":""},"class_list":["post-717","page","type-page","status-publish","hentry"],"yoast_head":"<!-- This site is optimized with the Yoast SEO plugin v26.9 - https:\/\/yoast.com\/product\/yoast-seo-wordpress\/ -->\n<title>Nouvel An 2024 sur le V\u00e9suve | Il San Cristoforo | Herculanum<\/title>\n<meta name=\"description\" content=\"&quot;Il San Cristoforo&quot; vous invite \u00e0 c\u00e9l\u00e9brer le Nouvel An 2022 dans une atmosph\u00e8re romantique avec une vue magnifique sur le golfe de Naples.\" \/>\n<meta name=\"robots\" content=\"index, follow, max-snippet:-1, max-image-preview:large, max-video-preview:-1\" \/>\n<link rel=\"canonical\" href=\"https:\/\/www.ilsancristoforo.com\/fr\/offres-et-forfaits\/nouvel-an-2022-sur-le-vesuve\/\" \/>\n<meta property=\"og:locale\" content=\"fr_FR\" \/>\n<meta property=\"og:type\" content=\"article\" \/>\n<meta property=\"og:title\" content=\"Nouvel An 2024 sur le V\u00e9suve | Il San Cristoforo | Herculanum\" \/>\n<meta property=\"og:description\" content=\"&quot;Il San Cristoforo&quot; vous invite \u00e0 c\u00e9l\u00e9brer le Nouvel An 2022 dans une atmosph\u00e8re romantique avec une vue magnifique sur le golfe de Naples.\" \/>\n<meta property=\"og:url\" content=\"https:\/\/www.ilsancristoforo.com\/fr\/offres-et-forfaits\/nouvel-an-2022-sur-le-vesuve\/\" \/>\n<meta property=\"og:site_name\" content=\"Il San Cristoforo\" \/>\n<meta property=\"article:modified_time\" content=\"2023-11-09T08:26:58+00:00\" \/>\n<meta name=\"twitter:card\" content=\"summary_large_image\" \/>\n<meta name=\"twitter:label1\" content=\"Dur\u00e9e de lecture estim\u00e9e\" \/>\n\t<meta name=\"twitter:data1\" content=\"2 minutes\" \/>\n<script type=\"application\/ld+json\" class=\"yoast-schema-graph\">{\"@context\":\"https:\/\/schema.org\",\"@graph\":[{\"@type\":\"WebPage\",\"@id\":\"https:\/\/www.ilsancristoforo.com\/fr\/offres-et-forfaits\/nouvel-an-2022-sur-le-vesuve\/\",\"url\":\"https:\/\/www.ilsancristoforo.com\/fr\/offres-et-forfaits\/nouvel-an-2022-sur-le-vesuve\/\",\"name\":\"Nouvel An 2024 sur le V\u00e9suve | Il San Cristoforo | Herculanum\",\"isPartOf\":{\"@id\":\"https:\/\/www.ilsancristoforo.com\/fr\/#website\"},\"datePublished\":\"2021-11-12T14:37:50+00:00\",\"dateModified\":\"2023-11-09T08:26:58+00:00\",\"description\":\"\\\"Il San Cristoforo\\\" vous invite \u00e0 c\u00e9l\u00e9brer le Nouvel An 2022 dans une atmosph\u00e8re romantique avec une vue magnifique sur le golfe de Naples.\",\"breadcrumb\":{\"@id\":\"https:\/\/www.ilsancristoforo.com\/fr\/offres-et-forfaits\/nouvel-an-2022-sur-le-vesuve\/#breadcrumb\"},\"inLanguage\":\"fr-FR\",\"potentialAction\":[{\"@type\":\"ReadAction\",\"target\":[\"https:\/\/www.ilsancristoforo.com\/fr\/offres-et-forfaits\/nouvel-an-2022-sur-le-vesuve\/\"]}]},{\"@type\":\"BreadcrumbList\",\"@id\":\"https:\/\/www.ilsancristoforo.com\/fr\/offres-et-forfaits\/nouvel-an-2022-sur-le-vesuve\/#breadcrumb\",\"itemListElement\":[{\"@type\":\"ListItem\",\"position\":1,\"name\":\"Home\",\"item\":\"https:\/\/www.ilsancristoforo.com\/fr\/\"},{\"@type\":\"ListItem\",\"position\":2,\"name\":\"Offres et forfaits\",\"item\":\"https:\/\/www.ilsancristoforo.com\/fr\/offres-et-forfaits\/\"},{\"@type\":\"ListItem\",\"position\":3,\"name\":\"Nouvel An 2024 sur le V\u00e9suve\"}]},{\"@type\":\"WebSite\",\"@id\":\"https:\/\/www.ilsancristoforo.com\/fr\/#website\",\"url\":\"https:\/\/www.ilsancristoforo.com\/fr\/\",\"name\":\"Il San Cristoforo\",\"description\":\"Ecco un altro sito ms.decms.eu\",\"potentialAction\":[{\"@type\":\"SearchAction\",\"target\":{\"@type\":\"EntryPoint\",\"urlTemplate\":\"https:\/\/www.ilsancristoforo.com\/fr\/?s={search_term_string}\"},\"query-input\":{\"@type\":\"PropertyValueSpecification\",\"valueRequired\":true,\"valueName\":\"search_term_string\"}}],\"inLanguage\":\"fr-FR\"}]}<\/script>\n<!-- \/ Yoast SEO plugin. -->","yoast_head_json":{"title":"Nouvel An 2024 sur le V\u00e9suve | Il San Cristoforo | Herculanum","description":"\"Il San Cristoforo\" vous invite \u00e0 c\u00e9l\u00e9brer le Nouvel An 2022 dans une atmosph\u00e8re romantique avec une vue magnifique sur le golfe de Naples.","robots":{"index":"index","follow":"follow","max-snippet":"max-snippet:-1","max-image-preview":"max-image-preview:large","max-video-preview":"max-video-preview:-1"},"canonical":"https:\/\/www.ilsancristoforo.com\/fr\/offres-et-forfaits\/nouvel-an-2022-sur-le-vesuve\/","og_locale":"fr_FR","og_type":"article","og_title":"Nouvel An 2024 sur le V\u00e9suve | Il San Cristoforo | Herculanum","og_description":"\"Il San Cristoforo\" vous invite \u00e0 c\u00e9l\u00e9brer le Nouvel An 2022 dans une atmosph\u00e8re romantique avec une vue magnifique sur le golfe de Naples.","og_url":"https:\/\/www.ilsancristoforo.com\/fr\/offres-et-forfaits\/nouvel-an-2022-sur-le-vesuve\/","og_site_name":"Il San Cristoforo","article_modified_time":"2023-11-09T08:26:58+00:00","twitter_card":"summary_large_image","twitter_misc":{"Dur\u00e9e de lecture estim\u00e9e":"2 minutes"},"schema":{"@context":"https:\/\/schema.org","@graph":[{"@type":"WebPage","@id":"https:\/\/www.ilsancristoforo.com\/fr\/offres-et-forfaits\/nouvel-an-2022-sur-le-vesuve\/","url":"https:\/\/www.ilsancristoforo.com\/fr\/offres-et-forfaits\/nouvel-an-2022-sur-le-vesuve\/","name":"Nouvel An 2024 sur le V\u00e9suve | Il San Cristoforo | Herculanum","isPartOf":{"@id":"https:\/\/www.ilsancristoforo.com\/fr\/#website"},"datePublished":"2021-11-12T14:37:50+00:00","dateModified":"2023-11-09T08:26:58+00:00","description":"\"Il San Cristoforo\" vous invite \u00e0 c\u00e9l\u00e9brer le Nouvel An 2022 dans une atmosph\u00e8re romantique avec une vue magnifique sur le golfe de Naples.","breadcrumb":{"@id":"https:\/\/www.ilsancristoforo.com\/fr\/offres-et-forfaits\/nouvel-an-2022-sur-le-vesuve\/#breadcrumb"},"inLanguage":"fr-FR","potentialAction":[{"@type":"ReadAction","target":["https:\/\/www.ilsancristoforo.com\/fr\/offres-et-forfaits\/nouvel-an-2022-sur-le-vesuve\/"]}]},{"@type":"BreadcrumbList","@id":"https:\/\/www.ilsancristoforo.com\/fr\/offres-et-forfaits\/nouvel-an-2022-sur-le-vesuve\/#breadcrumb","itemListElement":[{"@type":"ListItem","position":1,"name":"Home","item":"https:\/\/www.ilsancristoforo.com\/fr\/"},{"@type":"ListItem","position":2,"name":"Offres et forfaits","item":"https:\/\/www.ilsancristoforo.com\/fr\/offres-et-forfaits\/"},{"@type":"ListItem","position":3,"name":"Nouvel An 2024 sur le V\u00e9suve"}]},{"@type":"WebSite","@id":"https:\/\/www.ilsancristoforo.com\/fr\/#website","url":"https:\/\/www.ilsancristoforo.com\/fr\/","name":"Il San Cristoforo","description":"Ecco un altro sito ms.decms.eu","potentialAction":[{"@type":"SearchAction","target":{"@type":"EntryPoint","urlTemplate":"https:\/\/www.ilsancristoforo.com\/fr\/?s={search_term_string}"},"query-input":{"@type":"PropertyValueSpecification","valueRequired":true,"valueName":"search_term_string"}}],"inLanguage":"fr-FR"}]}},"acf":[],"_links":{"self":[{"href":"https:\/\/www.ilsancristoforo.com\/fr\/wp-json\/wp\/v2\/pages\/717","targetHints":{"allow":["GET"]}}],"collection":[{"href":"https:\/\/www.ilsancristoforo.com\/fr\/wp-json\/wp\/v2\/pages"}],"about":[{"href":"https:\/\/www.ilsancristoforo.com\/fr\/wp-json\/wp\/v2\/types\/page"}],"author":[{"embeddable":true,"href":"https:\/\/www.ilsancristoforo.com\/fr\/wp-json\/wp\/v2\/users\/174"}],"replies":[{"embeddable":true,"href":"https:\/\/www.ilsancristoforo.com\/fr\/wp-json\/wp\/v2\/comments?post=717"}],"version-history":[{"count":0,"href":"https:\/\/www.ilsancristoforo.com\/fr\/wp-json\/wp\/v2\/pages\/717\/revisions"}],"up":[{"embeddable":true,"href":"https:\/\/www.ilsancristoforo.com\/fr\/wp-json\/wp\/v2\/pages\/442"}],"wp:attachment":[{"href":"https:\/\/www.ilsancristoforo.com\/fr\/wp-json\/wp\/v2\/media?parent=717"}],"curies":[{"name":"wp","href":"https:\/\/api.w.org\/{rel}","templated":true}]}}