{"id":567,"date":"2020-11-26T14:50:30","date_gmt":"2020-11-26T13:50:30","guid":{"rendered":"https:\/\/www.ilsancristoforo.com\/?page_id=567"},"modified":"2022-11-04T12:19:35","modified_gmt":"2022-11-04T11:19:35","slug":"panettone-artisan","status":"publish","type":"page","link":"https:\/\/www.ilsancristoforo.com\/fr\/la-cuisine-du-vesuve\/panettone-artisan\/","title":{"rendered":"Panettone Artisan"},"content":{"rendered":"<p>De la comp\u00e9tence de notre <strong>chef ex\u00e9cutif Antonio Tecchia<\/strong> vient la s\u00e9lection de <strong>Panettone Artisan<\/strong> inspir\u00e9 par le territoire et la tradition.<\/p>\n<p>De la s\u00e9lection de la mati\u00e8re premi\u00e8re \u00e0 la recherche continue de nouvelles sensations pour le palais, le chef Tecchia a combin\u00e9 la recette du panettone classique, <em>un dessert typiquement italien<\/em> prot\u00e9g\u00e9 par une discipline, avec les saveurs du <strong>V\u00e9suve et de Campania Felix<\/strong> cr\u00e9ant un produit d&rsquo;excellence reconnue lors de l&rsquo;\u00e9v\u00e9nement Mastro Panettone 2018, organis\u00e9 par le portail Goloasi.it et li\u00e9 au monde de la p\u00e2tisserie artisanale.<\/p>\n<p>Voici les diff\u00e9rents types:<\/p>\n<ul>\n<li>Panettone artisanal classique<\/li>\n<li>Panettone artisanal \u00e0 l&rsquo;amaretto et \u00e0 la cerise noire<\/li>\n<li>Panettone artisanal au citron et chocolat blanc<\/li>\n<li>Panettone artisanal aux figues et chocolat noir<\/li>\n<li>Panettone artisanal aux abricots du V\u00e9suve et aux amandes<\/li>\n<\/ul>\n<p>Il sera possible d&rsquo;acheter directement sur notre <strong>shop Facebook<\/strong> ou d&rsquo;envoyer une demande \u00e0<a href=\"mailto:info@ilsancristoforo.it\"> info@ilsancristoforo.it<\/a>.<\/p>\n<p>Cliquez ici pour visiter la boutique: <a href=\"https:\/\/bit.ly\/33ARP55\">https:\/\/bit.ly\/33ARP55<\/a><\/p>\n","protected":false},"excerpt":{"rendered":"<p>De la comp\u00e9tence de notre chef ex\u00e9cutif Antonio Tecchia vient la s\u00e9lection de Panettone Artisan inspir\u00e9 par le territoire et la tradition. De la s\u00e9lection de la mati\u00e8re premi\u00e8re \u00e0 la recherche continue de nouvelles sensations pour le palais, le chef Tecchia a combin\u00e9 la recette du panettone classique, un dessert typiquement italien prot\u00e9g\u00e9 par [&hellip;]<\/p>\n","protected":false},"author":174,"featured_media":0,"parent":443,"menu_order":6,"comment_status":"closed","ping_status":"closed","template":"","meta":{"footnotes":""},"class_list":["post-567","page","type-page","status-publish","hentry"],"yoast_head":"<!-- This site is optimized with the Yoast SEO plugin v26.9 - https:\/\/yoast.com\/product\/yoast-seo-wordpress\/ -->\n<title>Les saveurs du V\u00e9suve et de Campania Felix | Il San Cristoforo |<\/title>\n<meta name=\"description\" content=\"De la comp\u00e9tence de notre chef ex\u00e9cutif Antonio Tecchia vient la s\u00e9lection de Panettone Artisan inspir\u00e9 par le territoire et la tradition.\" \/>\n<meta name=\"robots\" content=\"index, follow, max-snippet:-1, max-image-preview:large, max-video-preview:-1\" \/>\n<link rel=\"canonical\" href=\"https:\/\/www.ilsancristoforo.com\/fr\/la-cuisine-du-vesuve\/panettone-artisan\/\" \/>\n<meta property=\"og:locale\" content=\"fr_FR\" \/>\n<meta property=\"og:type\" content=\"article\" \/>\n<meta property=\"og:title\" content=\"Les saveurs du V\u00e9suve et de Campania Felix | Il San Cristoforo |\" \/>\n<meta property=\"og:description\" content=\"De la comp\u00e9tence de notre chef ex\u00e9cutif Antonio Tecchia vient la s\u00e9lection de Panettone Artisan inspir\u00e9 par le territoire et la tradition.\" \/>\n<meta property=\"og:url\" content=\"https:\/\/www.ilsancristoforo.com\/fr\/la-cuisine-du-vesuve\/panettone-artisan\/\" \/>\n<meta property=\"og:site_name\" content=\"Il San Cristoforo\" \/>\n<meta property=\"article:modified_time\" content=\"2022-11-04T11:19:35+00:00\" \/>\n<meta name=\"twitter:card\" content=\"summary_large_image\" \/>\n<meta name=\"twitter:label1\" content=\"Dur\u00e9e de lecture estim\u00e9e\" \/>\n\t<meta name=\"twitter:data1\" content=\"1 minute\" \/>\n<script type=\"application\/ld+json\" class=\"yoast-schema-graph\">{\"@context\":\"https:\/\/schema.org\",\"@graph\":[{\"@type\":\"WebPage\",\"@id\":\"https:\/\/www.ilsancristoforo.com\/fr\/la-cuisine-du-vesuve\/panettone-artisan\/\",\"url\":\"https:\/\/www.ilsancristoforo.com\/fr\/la-cuisine-du-vesuve\/panettone-artisan\/\",\"name\":\"Les saveurs du V\u00e9suve et de Campania Felix | Il San Cristoforo |\",\"isPartOf\":{\"@id\":\"https:\/\/www.ilsancristoforo.com\/fr\/#website\"},\"datePublished\":\"2020-11-26T13:50:30+00:00\",\"dateModified\":\"2022-11-04T11:19:35+00:00\",\"description\":\"De la comp\u00e9tence de notre chef ex\u00e9cutif Antonio Tecchia vient la s\u00e9lection de Panettone Artisan inspir\u00e9 par le territoire et la tradition.\",\"breadcrumb\":{\"@id\":\"https:\/\/www.ilsancristoforo.com\/fr\/la-cuisine-du-vesuve\/panettone-artisan\/#breadcrumb\"},\"inLanguage\":\"fr-FR\",\"potentialAction\":[{\"@type\":\"ReadAction\",\"target\":[\"https:\/\/www.ilsancristoforo.com\/fr\/la-cuisine-du-vesuve\/panettone-artisan\/\"]}]},{\"@type\":\"BreadcrumbList\",\"@id\":\"https:\/\/www.ilsancristoforo.com\/fr\/la-cuisine-du-vesuve\/panettone-artisan\/#breadcrumb\",\"itemListElement\":[{\"@type\":\"ListItem\",\"position\":1,\"name\":\"Home\",\"item\":\"https:\/\/www.ilsancristoforo.com\/fr\/\"},{\"@type\":\"ListItem\",\"position\":2,\"name\":\"La cuisine du V\u00e9suve\",\"item\":\"https:\/\/www.ilsancristoforo.com\/fr\/la-cuisine-du-vesuve\/\"},{\"@type\":\"ListItem\",\"position\":3,\"name\":\"Panettone Artisan\"}]},{\"@type\":\"WebSite\",\"@id\":\"https:\/\/www.ilsancristoforo.com\/fr\/#website\",\"url\":\"https:\/\/www.ilsancristoforo.com\/fr\/\",\"name\":\"Il San Cristoforo\",\"description\":\"Ecco un altro sito ms.decms.eu\",\"potentialAction\":[{\"@type\":\"SearchAction\",\"target\":{\"@type\":\"EntryPoint\",\"urlTemplate\":\"https:\/\/www.ilsancristoforo.com\/fr\/?s={search_term_string}\"},\"query-input\":{\"@type\":\"PropertyValueSpecification\",\"valueRequired\":true,\"valueName\":\"search_term_string\"}}],\"inLanguage\":\"fr-FR\"}]}<\/script>\n<!-- \/ Yoast SEO plugin. -->","yoast_head_json":{"title":"Les saveurs du V\u00e9suve et de Campania Felix | Il San Cristoforo |","description":"De la comp\u00e9tence de notre chef ex\u00e9cutif Antonio Tecchia vient la s\u00e9lection de Panettone Artisan inspir\u00e9 par le territoire et la tradition.","robots":{"index":"index","follow":"follow","max-snippet":"max-snippet:-1","max-image-preview":"max-image-preview:large","max-video-preview":"max-video-preview:-1"},"canonical":"https:\/\/www.ilsancristoforo.com\/fr\/la-cuisine-du-vesuve\/panettone-artisan\/","og_locale":"fr_FR","og_type":"article","og_title":"Les saveurs du V\u00e9suve et de Campania Felix | Il San Cristoforo |","og_description":"De la comp\u00e9tence de notre chef ex\u00e9cutif Antonio Tecchia vient la s\u00e9lection de Panettone Artisan inspir\u00e9 par le territoire et la tradition.","og_url":"https:\/\/www.ilsancristoforo.com\/fr\/la-cuisine-du-vesuve\/panettone-artisan\/","og_site_name":"Il San Cristoforo","article_modified_time":"2022-11-04T11:19:35+00:00","twitter_card":"summary_large_image","twitter_misc":{"Dur\u00e9e de lecture estim\u00e9e":"1 minute"},"schema":{"@context":"https:\/\/schema.org","@graph":[{"@type":"WebPage","@id":"https:\/\/www.ilsancristoforo.com\/fr\/la-cuisine-du-vesuve\/panettone-artisan\/","url":"https:\/\/www.ilsancristoforo.com\/fr\/la-cuisine-du-vesuve\/panettone-artisan\/","name":"Les saveurs du V\u00e9suve et de Campania Felix | Il San Cristoforo |","isPartOf":{"@id":"https:\/\/www.ilsancristoforo.com\/fr\/#website"},"datePublished":"2020-11-26T13:50:30+00:00","dateModified":"2022-11-04T11:19:35+00:00","description":"De la comp\u00e9tence de notre chef ex\u00e9cutif Antonio Tecchia vient la s\u00e9lection de Panettone Artisan inspir\u00e9 par le territoire et la tradition.","breadcrumb":{"@id":"https:\/\/www.ilsancristoforo.com\/fr\/la-cuisine-du-vesuve\/panettone-artisan\/#breadcrumb"},"inLanguage":"fr-FR","potentialAction":[{"@type":"ReadAction","target":["https:\/\/www.ilsancristoforo.com\/fr\/la-cuisine-du-vesuve\/panettone-artisan\/"]}]},{"@type":"BreadcrumbList","@id":"https:\/\/www.ilsancristoforo.com\/fr\/la-cuisine-du-vesuve\/panettone-artisan\/#breadcrumb","itemListElement":[{"@type":"ListItem","position":1,"name":"Home","item":"https:\/\/www.ilsancristoforo.com\/fr\/"},{"@type":"ListItem","position":2,"name":"La cuisine du V\u00e9suve","item":"https:\/\/www.ilsancristoforo.com\/fr\/la-cuisine-du-vesuve\/"},{"@type":"ListItem","position":3,"name":"Panettone Artisan"}]},{"@type":"WebSite","@id":"https:\/\/www.ilsancristoforo.com\/fr\/#website","url":"https:\/\/www.ilsancristoforo.com\/fr\/","name":"Il San Cristoforo","description":"Ecco un altro sito ms.decms.eu","potentialAction":[{"@type":"SearchAction","target":{"@type":"EntryPoint","urlTemplate":"https:\/\/www.ilsancristoforo.com\/fr\/?s={search_term_string}"},"query-input":{"@type":"PropertyValueSpecification","valueRequired":true,"valueName":"search_term_string"}}],"inLanguage":"fr-FR"}]}},"acf":[],"_links":{"self":[{"href":"https:\/\/www.ilsancristoforo.com\/fr\/wp-json\/wp\/v2\/pages\/567","targetHints":{"allow":["GET"]}}],"collection":[{"href":"https:\/\/www.ilsancristoforo.com\/fr\/wp-json\/wp\/v2\/pages"}],"about":[{"href":"https:\/\/www.ilsancristoforo.com\/fr\/wp-json\/wp\/v2\/types\/page"}],"author":[{"embeddable":true,"href":"https:\/\/www.ilsancristoforo.com\/fr\/wp-json\/wp\/v2\/users\/174"}],"replies":[{"embeddable":true,"href":"https:\/\/www.ilsancristoforo.com\/fr\/wp-json\/wp\/v2\/comments?post=567"}],"version-history":[{"count":0,"href":"https:\/\/www.ilsancristoforo.com\/fr\/wp-json\/wp\/v2\/pages\/567\/revisions"}],"up":[{"embeddable":true,"href":"https:\/\/www.ilsancristoforo.com\/fr\/wp-json\/wp\/v2\/pages\/443"}],"wp:attachment":[{"href":"https:\/\/www.ilsancristoforo.com\/fr\/wp-json\/wp\/v2\/media?parent=567"}],"curies":[{"name":"wp","href":"https:\/\/api.w.org\/{rel}","templated":true}]}}