{"id":512,"date":"2020-10-23T10:39:05","date_gmt":"2020-10-23T08:39:05","guid":{"rendered":"https:\/\/www.ilsancristoforo.com\/?page_id=512"},"modified":"2020-11-26T15:53:03","modified_gmt":"2020-11-26T14:53:03","slug":"agences-de-voyages-et-voyagistes-internationaux","status":"publish","type":"page","link":"https:\/\/www.ilsancristoforo.com\/fr\/business\/agences-de-voyages-et-voyagistes-internationaux\/","title":{"rendered":"Agences de Voyages et Voyagistes Internationaux"},"content":{"rendered":"<p>Nous cr\u00e9ons des collaborations et des relations avec des associations, des agences de voyages et des voyagistes int\u00e9ress\u00e9s par des voyages historico-culturels d\u00e9di\u00e9s \u00e0 la d\u00e9couverte de la vie locale du territoire v\u00e9suvien. Les festivals populaires, les rites traditionnels et la cuisine typique sont les meilleures occasions \u00e0 la fois de conna\u00eetre les habitants et de savourer la culture et le folklore locaux.<\/p>\n<p>Les voyages culturels et historiques ne sont pas un type de vacances qui s&rsquo;improvise. En fait, il est conseill\u00e9 d&rsquo;avoir une organisation pr\u00e9cise derri\u00e8re vous, qui comprend \u00e0 la fois les itin\u00e9raires, le budget et le temps dont vous disposez.<\/p>\n<p>La visite de la zone arch\u00e9ologique entre Herculanum et Pomp\u00e9i et l&rsquo;ascension du V\u00e9suve sont d\u00e9j\u00e0 des activit\u00e9s pr\u00e9vues; nous proposons des itin\u00e9raires et des lieux int\u00e9gr\u00e9s qui vous permettent de fusionner compl\u00e8tement avec la population locale et avec les merveilleux produits locaux. Nous sommes en mesure de vous recommander les meilleurs itin\u00e9raires, les meilleurs guides et les meilleurs itin\u00e9raires culturels de la r\u00e9gion.<\/p>\n<p>Si vous optez pour un voyage de groupe historico-culturel en amiti\u00e9 ou en famille, nous pouvons accueillir des groupes ad hoc jusqu&rsquo;\u00e0 15 chambres avec diff\u00e9rentes solutions d&rsquo;h\u00e9bergement.<\/p>\n<p>Contactez-nous \u00e0 <a href=\"mailto:commerciale@ilsancristoforo.it\">commerciale@ilsancristoforo.it<\/a> pour plus de d\u00e9tails.<\/p>\n","protected":false},"excerpt":{"rendered":"<p>Nous cr\u00e9ons des collaborations et des relations avec des associations, des agences de voyages et des voyagistes int\u00e9ress\u00e9s par des voyages historico-culturels d\u00e9di\u00e9s \u00e0 la d\u00e9couverte de la vie locale du territoire v\u00e9suvien. Les festivals populaires, les rites traditionnels et la cuisine typique sont les meilleures occasions \u00e0 la fois de conna\u00eetre les habitants et [&hellip;]<\/p>\n","protected":false},"author":13,"featured_media":0,"parent":510,"menu_order":2,"comment_status":"closed","ping_status":"closed","template":"","meta":{"footnotes":""},"class_list":["post-512","page","type-page","status-publish","hentry"],"yoast_head":"<!-- This site is optimized with the Yoast SEO plugin v26.9 - https:\/\/yoast.com\/product\/yoast-seo-wordpress\/ -->\n<title>Agences de Voyages et Voyagistes Internationaux - Il San Cristoforo<\/title>\n<meta name=\"description\" content=\"Nous cr\u00e9ons des collaborations et des relations avec des agences de voyages et des voyagistes int\u00e9ress\u00e9s par des voyages historico-culturels\" \/>\n<meta name=\"robots\" content=\"index, follow, max-snippet:-1, max-image-preview:large, max-video-preview:-1\" \/>\n<link rel=\"canonical\" href=\"https:\/\/www.ilsancristoforo.com\/fr\/business\/agences-de-voyages-et-voyagistes-internationaux\/\" \/>\n<meta property=\"og:locale\" content=\"fr_FR\" \/>\n<meta property=\"og:type\" content=\"article\" \/>\n<meta property=\"og:title\" content=\"Agences de Voyages et Voyagistes Internationaux - Il San Cristoforo\" \/>\n<meta property=\"og:description\" content=\"Nous cr\u00e9ons des collaborations et des relations avec des agences de voyages et des voyagistes int\u00e9ress\u00e9s par des voyages historico-culturels\" \/>\n<meta property=\"og:url\" content=\"https:\/\/www.ilsancristoforo.com\/fr\/business\/agences-de-voyages-et-voyagistes-internationaux\/\" \/>\n<meta property=\"og:site_name\" content=\"Il San Cristoforo\" \/>\n<meta property=\"article:modified_time\" content=\"2020-11-26T14:53:03+00:00\" \/>\n<meta name=\"twitter:card\" content=\"summary_large_image\" \/>\n<meta name=\"twitter:label1\" content=\"Dur\u00e9e de lecture estim\u00e9e\" \/>\n\t<meta name=\"twitter:data1\" content=\"1 minute\" \/>\n<script type=\"application\/ld+json\" class=\"yoast-schema-graph\">{\"@context\":\"https:\/\/schema.org\",\"@graph\":[{\"@type\":\"WebPage\",\"@id\":\"https:\/\/www.ilsancristoforo.com\/fr\/business\/agences-de-voyages-et-voyagistes-internationaux\/\",\"url\":\"https:\/\/www.ilsancristoforo.com\/fr\/business\/agences-de-voyages-et-voyagistes-internationaux\/\",\"name\":\"Agences de Voyages et Voyagistes Internationaux - Il San Cristoforo\",\"isPartOf\":{\"@id\":\"https:\/\/www.ilsancristoforo.com\/fr\/#website\"},\"datePublished\":\"2020-10-23T08:39:05+00:00\",\"dateModified\":\"2020-11-26T14:53:03+00:00\",\"description\":\"Nous cr\u00e9ons des collaborations et des relations avec des agences de voyages et des voyagistes int\u00e9ress\u00e9s par des voyages historico-culturels\",\"breadcrumb\":{\"@id\":\"https:\/\/www.ilsancristoforo.com\/fr\/business\/agences-de-voyages-et-voyagistes-internationaux\/#breadcrumb\"},\"inLanguage\":\"fr-FR\",\"potentialAction\":[{\"@type\":\"ReadAction\",\"target\":[\"https:\/\/www.ilsancristoforo.com\/fr\/business\/agences-de-voyages-et-voyagistes-internationaux\/\"]}]},{\"@type\":\"BreadcrumbList\",\"@id\":\"https:\/\/www.ilsancristoforo.com\/fr\/business\/agences-de-voyages-et-voyagistes-internationaux\/#breadcrumb\",\"itemListElement\":[{\"@type\":\"ListItem\",\"position\":1,\"name\":\"Home\",\"item\":\"https:\/\/www.ilsancristoforo.com\/fr\/\"},{\"@type\":\"ListItem\",\"position\":2,\"name\":\"Business\",\"item\":\"https:\/\/www.ilsancristoforo.com\/fr\/business\/\"},{\"@type\":\"ListItem\",\"position\":3,\"name\":\"Agences de Voyages et Voyagistes Internationaux\"}]},{\"@type\":\"WebSite\",\"@id\":\"https:\/\/www.ilsancristoforo.com\/fr\/#website\",\"url\":\"https:\/\/www.ilsancristoforo.com\/fr\/\",\"name\":\"Il San Cristoforo\",\"description\":\"Ecco un altro sito ms.decms.eu\",\"potentialAction\":[{\"@type\":\"SearchAction\",\"target\":{\"@type\":\"EntryPoint\",\"urlTemplate\":\"https:\/\/www.ilsancristoforo.com\/fr\/?s={search_term_string}\"},\"query-input\":{\"@type\":\"PropertyValueSpecification\",\"valueRequired\":true,\"valueName\":\"search_term_string\"}}],\"inLanguage\":\"fr-FR\"}]}<\/script>\n<!-- \/ Yoast SEO plugin. -->","yoast_head_json":{"title":"Agences de Voyages et Voyagistes Internationaux - Il San Cristoforo","description":"Nous cr\u00e9ons des collaborations et des relations avec des agences de voyages et des voyagistes int\u00e9ress\u00e9s par des voyages historico-culturels","robots":{"index":"index","follow":"follow","max-snippet":"max-snippet:-1","max-image-preview":"max-image-preview:large","max-video-preview":"max-video-preview:-1"},"canonical":"https:\/\/www.ilsancristoforo.com\/fr\/business\/agences-de-voyages-et-voyagistes-internationaux\/","og_locale":"fr_FR","og_type":"article","og_title":"Agences de Voyages et Voyagistes Internationaux - Il San Cristoforo","og_description":"Nous cr\u00e9ons des collaborations et des relations avec des agences de voyages et des voyagistes int\u00e9ress\u00e9s par des voyages historico-culturels","og_url":"https:\/\/www.ilsancristoforo.com\/fr\/business\/agences-de-voyages-et-voyagistes-internationaux\/","og_site_name":"Il San Cristoforo","article_modified_time":"2020-11-26T14:53:03+00:00","twitter_card":"summary_large_image","twitter_misc":{"Dur\u00e9e de lecture estim\u00e9e":"1 minute"},"schema":{"@context":"https:\/\/schema.org","@graph":[{"@type":"WebPage","@id":"https:\/\/www.ilsancristoforo.com\/fr\/business\/agences-de-voyages-et-voyagistes-internationaux\/","url":"https:\/\/www.ilsancristoforo.com\/fr\/business\/agences-de-voyages-et-voyagistes-internationaux\/","name":"Agences de Voyages et Voyagistes Internationaux - Il San Cristoforo","isPartOf":{"@id":"https:\/\/www.ilsancristoforo.com\/fr\/#website"},"datePublished":"2020-10-23T08:39:05+00:00","dateModified":"2020-11-26T14:53:03+00:00","description":"Nous cr\u00e9ons des collaborations et des relations avec des agences de voyages et des voyagistes int\u00e9ress\u00e9s par des voyages historico-culturels","breadcrumb":{"@id":"https:\/\/www.ilsancristoforo.com\/fr\/business\/agences-de-voyages-et-voyagistes-internationaux\/#breadcrumb"},"inLanguage":"fr-FR","potentialAction":[{"@type":"ReadAction","target":["https:\/\/www.ilsancristoforo.com\/fr\/business\/agences-de-voyages-et-voyagistes-internationaux\/"]}]},{"@type":"BreadcrumbList","@id":"https:\/\/www.ilsancristoforo.com\/fr\/business\/agences-de-voyages-et-voyagistes-internationaux\/#breadcrumb","itemListElement":[{"@type":"ListItem","position":1,"name":"Home","item":"https:\/\/www.ilsancristoforo.com\/fr\/"},{"@type":"ListItem","position":2,"name":"Business","item":"https:\/\/www.ilsancristoforo.com\/fr\/business\/"},{"@type":"ListItem","position":3,"name":"Agences de Voyages et Voyagistes Internationaux"}]},{"@type":"WebSite","@id":"https:\/\/www.ilsancristoforo.com\/fr\/#website","url":"https:\/\/www.ilsancristoforo.com\/fr\/","name":"Il San Cristoforo","description":"Ecco un altro sito ms.decms.eu","potentialAction":[{"@type":"SearchAction","target":{"@type":"EntryPoint","urlTemplate":"https:\/\/www.ilsancristoforo.com\/fr\/?s={search_term_string}"},"query-input":{"@type":"PropertyValueSpecification","valueRequired":true,"valueName":"search_term_string"}}],"inLanguage":"fr-FR"}]}},"acf":[],"_links":{"self":[{"href":"https:\/\/www.ilsancristoforo.com\/fr\/wp-json\/wp\/v2\/pages\/512","targetHints":{"allow":["GET"]}}],"collection":[{"href":"https:\/\/www.ilsancristoforo.com\/fr\/wp-json\/wp\/v2\/pages"}],"about":[{"href":"https:\/\/www.ilsancristoforo.com\/fr\/wp-json\/wp\/v2\/types\/page"}],"author":[{"embeddable":true,"href":"https:\/\/www.ilsancristoforo.com\/fr\/wp-json\/wp\/v2\/users\/13"}],"replies":[{"embeddable":true,"href":"https:\/\/www.ilsancristoforo.com\/fr\/wp-json\/wp\/v2\/comments?post=512"}],"version-history":[{"count":0,"href":"https:\/\/www.ilsancristoforo.com\/fr\/wp-json\/wp\/v2\/pages\/512\/revisions"}],"up":[{"embeddable":true,"href":"https:\/\/www.ilsancristoforo.com\/fr\/wp-json\/wp\/v2\/pages\/510"}],"wp:attachment":[{"href":"https:\/\/www.ilsancristoforo.com\/fr\/wp-json\/wp\/v2\/media?parent=512"}],"curies":[{"name":"wp","href":"https:\/\/api.w.org\/{rel}","templated":true}]}}