{"id":509,"date":"2020-10-23T10:36:36","date_gmt":"2020-10-23T08:36:36","guid":{"rendered":"https:\/\/www.ilsancristoforo.com\/?page_id=509"},"modified":"2020-10-23T10:36:36","modified_gmt":"2020-10-23T08:36:36","slug":"salle-de-reunion","status":"publish","type":"page","link":"https:\/\/www.ilsancristoforo.com\/fr\/business\/salle-de-reunion\/","title":{"rendered":"Salle de r\u00e9union"},"content":{"rendered":"<p>R\u00e9servez une salle de r\u00e9union d\u00e9cloisonn\u00e9e avec vue, con\u00e7ue pour que votre \u00e9quipe ou vos clients restent confortables, cr\u00e9atifs et concentr\u00e9s. Notre personnel s&rsquo;occupera de tout le reste et s&rsquo;assurera que vous avez tout ce dont vous avez besoin.<\/p>\n<p>Nous savons que parfois sortir de votre environnement quotidien est exactement ce dont les gens ont besoin pour faire couler leur cr\u00e9ativit\u00e9 et, pour cette raison, nous avons cr\u00e9\u00e9 une salle de r\u00e9union d\u00e9cloisonn\u00e9e avec une vue imprenable sur le V\u00e9suve, pouvant accueillir jusqu&rsquo;\u00e0 100 personnes. . Dans le cas d&rsquo;un plus grand nombre, nous disposons d&rsquo;une salle de r\u00e9union open space pouvant accueillir jusqu&rsquo;\u00e0 250 personnes. Vous pourriez m\u00eame envisager l&rsquo;id\u00e9e d&rsquo;organiser un Team Building \u00e0 l&rsquo;int\u00e9rieur du Parc, en ayant plus de 40 000 m\u00e8tres carr\u00e9s de jardin \u00e0 votre disposition.<\/p>\n<p>De l&rsquo;\u00e9quipement audiovisuel (Maxischermo antireflet 75 pouces) aux tableaux blancs et au WiFi, en passant par les services de restauration (pauses-caf\u00e9 aux d\u00e9jeuners d&rsquo;affaires), nous pourrions satisfaire tous les types de demandes.<\/p>\n<p>Dans une position strat\u00e9gique, \u00e0 seulement 1 km de la jonction de l&rsquo;autoroute A3 Napoli Salerno, \u00e0 8 km de l&rsquo;a\u00e9roport de Naples, \u00e0 15 minutes en train de la gare centrale de Naples, les salles de r\u00e9union de \u00abIl San Cristoforo\u00bb sont parfaites pour organiser des r\u00e9unions avec des clients et des collaborateurs de partout en Italie et dans le monde. De plus, un grand parking donnera la possibilit\u00e9 d&rsquo;accueillir tous les participants \u00e0 l&rsquo;\u00e9v\u00e9nement, sans stress, et sans frais suppl\u00e9mentaires.<\/p>\n<p>Demandez un devis \u00e0 l&rsquo;adresse e-mail <a href=\"mailto:commerciale@ilsancristoforo.it\">commerciale@ilsancristoforo.it<\/a> ou appelez le 081-7712292 pour une visite de la structure et de la salle de r\u00e9union avec vue sur le V\u00e9suve.<\/p>\n","protected":false},"excerpt":{"rendered":"<p>R\u00e9servez une salle de r\u00e9union d\u00e9cloisonn\u00e9e avec vue, con\u00e7ue pour que votre \u00e9quipe ou vos clients restent confortables, cr\u00e9atifs et concentr\u00e9s. Notre personnel s&rsquo;occupera de tout le reste et s&rsquo;assurera que vous avez tout ce dont vous avez besoin. Nous savons que parfois sortir de votre environnement quotidien est exactement ce dont les gens ont [&hellip;]<\/p>\n","protected":false},"author":13,"featured_media":0,"parent":510,"menu_order":1,"comment_status":"closed","ping_status":"closed","template":"","meta":{"footnotes":""},"class_list":["post-509","page","type-page","status-publish","hentry"],"yoast_head":"<!-- This site is optimized with the Yoast SEO plugin v26.9 - https:\/\/yoast.com\/product\/yoast-seo-wordpress\/ -->\n<title>Salle de r\u00e9union - Il San Cristoforo<\/title>\n<meta name=\"robots\" content=\"index, follow, max-snippet:-1, max-image-preview:large, max-video-preview:-1\" \/>\n<link rel=\"canonical\" href=\"https:\/\/www.ilsancristoforo.com\/fr\/business\/salle-de-reunion\/\" \/>\n<meta property=\"og:locale\" content=\"fr_FR\" \/>\n<meta property=\"og:type\" content=\"article\" \/>\n<meta property=\"og:title\" content=\"Salle de r\u00e9union - Il San Cristoforo\" \/>\n<meta property=\"og:description\" content=\"R\u00e9servez une salle de r\u00e9union d\u00e9cloisonn\u00e9e avec vue, con\u00e7ue pour que votre \u00e9quipe ou vos clients restent confortables, cr\u00e9atifs et concentr\u00e9s. Notre personnel s&rsquo;occupera de tout le reste et s&rsquo;assurera que vous avez tout ce dont vous avez besoin. Nous savons que parfois sortir de votre environnement quotidien est exactement ce dont les gens ont [&hellip;]\" \/>\n<meta property=\"og:url\" content=\"https:\/\/www.ilsancristoforo.com\/fr\/business\/salle-de-reunion\/\" \/>\n<meta property=\"og:site_name\" content=\"Il San Cristoforo\" \/>\n<meta name=\"twitter:card\" content=\"summary_large_image\" \/>\n<meta name=\"twitter:label1\" content=\"Dur\u00e9e de lecture estim\u00e9e\" \/>\n\t<meta name=\"twitter:data1\" content=\"1 minute\" \/>\n<script type=\"application\/ld+json\" class=\"yoast-schema-graph\">{\"@context\":\"https:\/\/schema.org\",\"@graph\":[{\"@type\":\"WebPage\",\"@id\":\"https:\/\/www.ilsancristoforo.com\/fr\/business\/salle-de-reunion\/\",\"url\":\"https:\/\/www.ilsancristoforo.com\/fr\/business\/salle-de-reunion\/\",\"name\":\"Salle de r\u00e9union - Il San Cristoforo\",\"isPartOf\":{\"@id\":\"https:\/\/www.ilsancristoforo.com\/fr\/#website\"},\"datePublished\":\"2020-10-23T08:36:36+00:00\",\"breadcrumb\":{\"@id\":\"https:\/\/www.ilsancristoforo.com\/fr\/business\/salle-de-reunion\/#breadcrumb\"},\"inLanguage\":\"fr-FR\",\"potentialAction\":[{\"@type\":\"ReadAction\",\"target\":[\"https:\/\/www.ilsancristoforo.com\/fr\/business\/salle-de-reunion\/\"]}]},{\"@type\":\"BreadcrumbList\",\"@id\":\"https:\/\/www.ilsancristoforo.com\/fr\/business\/salle-de-reunion\/#breadcrumb\",\"itemListElement\":[{\"@type\":\"ListItem\",\"position\":1,\"name\":\"Home\",\"item\":\"https:\/\/www.ilsancristoforo.com\/fr\/\"},{\"@type\":\"ListItem\",\"position\":2,\"name\":\"Business\",\"item\":\"https:\/\/www.ilsancristoforo.com\/fr\/business\/\"},{\"@type\":\"ListItem\",\"position\":3,\"name\":\"Salle de r\u00e9union\"}]},{\"@type\":\"WebSite\",\"@id\":\"https:\/\/www.ilsancristoforo.com\/fr\/#website\",\"url\":\"https:\/\/www.ilsancristoforo.com\/fr\/\",\"name\":\"Il San Cristoforo\",\"description\":\"Ecco un altro sito ms.decms.eu\",\"potentialAction\":[{\"@type\":\"SearchAction\",\"target\":{\"@type\":\"EntryPoint\",\"urlTemplate\":\"https:\/\/www.ilsancristoforo.com\/fr\/?s={search_term_string}\"},\"query-input\":{\"@type\":\"PropertyValueSpecification\",\"valueRequired\":true,\"valueName\":\"search_term_string\"}}],\"inLanguage\":\"fr-FR\"}]}<\/script>\n<!-- \/ Yoast SEO plugin. -->","yoast_head_json":{"title":"Salle de r\u00e9union - Il San Cristoforo","robots":{"index":"index","follow":"follow","max-snippet":"max-snippet:-1","max-image-preview":"max-image-preview:large","max-video-preview":"max-video-preview:-1"},"canonical":"https:\/\/www.ilsancristoforo.com\/fr\/business\/salle-de-reunion\/","og_locale":"fr_FR","og_type":"article","og_title":"Salle de r\u00e9union - Il San Cristoforo","og_description":"R\u00e9servez une salle de r\u00e9union d\u00e9cloisonn\u00e9e avec vue, con\u00e7ue pour que votre \u00e9quipe ou vos clients restent confortables, cr\u00e9atifs et concentr\u00e9s. Notre personnel s&rsquo;occupera de tout le reste et s&rsquo;assurera que vous avez tout ce dont vous avez besoin. Nous savons que parfois sortir de votre environnement quotidien est exactement ce dont les gens ont [&hellip;]","og_url":"https:\/\/www.ilsancristoforo.com\/fr\/business\/salle-de-reunion\/","og_site_name":"Il San Cristoforo","twitter_card":"summary_large_image","twitter_misc":{"Dur\u00e9e de lecture estim\u00e9e":"1 minute"},"schema":{"@context":"https:\/\/schema.org","@graph":[{"@type":"WebPage","@id":"https:\/\/www.ilsancristoforo.com\/fr\/business\/salle-de-reunion\/","url":"https:\/\/www.ilsancristoforo.com\/fr\/business\/salle-de-reunion\/","name":"Salle de r\u00e9union - Il San Cristoforo","isPartOf":{"@id":"https:\/\/www.ilsancristoforo.com\/fr\/#website"},"datePublished":"2020-10-23T08:36:36+00:00","breadcrumb":{"@id":"https:\/\/www.ilsancristoforo.com\/fr\/business\/salle-de-reunion\/#breadcrumb"},"inLanguage":"fr-FR","potentialAction":[{"@type":"ReadAction","target":["https:\/\/www.ilsancristoforo.com\/fr\/business\/salle-de-reunion\/"]}]},{"@type":"BreadcrumbList","@id":"https:\/\/www.ilsancristoforo.com\/fr\/business\/salle-de-reunion\/#breadcrumb","itemListElement":[{"@type":"ListItem","position":1,"name":"Home","item":"https:\/\/www.ilsancristoforo.com\/fr\/"},{"@type":"ListItem","position":2,"name":"Business","item":"https:\/\/www.ilsancristoforo.com\/fr\/business\/"},{"@type":"ListItem","position":3,"name":"Salle de r\u00e9union"}]},{"@type":"WebSite","@id":"https:\/\/www.ilsancristoforo.com\/fr\/#website","url":"https:\/\/www.ilsancristoforo.com\/fr\/","name":"Il San Cristoforo","description":"Ecco un altro sito ms.decms.eu","potentialAction":[{"@type":"SearchAction","target":{"@type":"EntryPoint","urlTemplate":"https:\/\/www.ilsancristoforo.com\/fr\/?s={search_term_string}"},"query-input":{"@type":"PropertyValueSpecification","valueRequired":true,"valueName":"search_term_string"}}],"inLanguage":"fr-FR"}]}},"acf":[],"_links":{"self":[{"href":"https:\/\/www.ilsancristoforo.com\/fr\/wp-json\/wp\/v2\/pages\/509","targetHints":{"allow":["GET"]}}],"collection":[{"href":"https:\/\/www.ilsancristoforo.com\/fr\/wp-json\/wp\/v2\/pages"}],"about":[{"href":"https:\/\/www.ilsancristoforo.com\/fr\/wp-json\/wp\/v2\/types\/page"}],"author":[{"embeddable":true,"href":"https:\/\/www.ilsancristoforo.com\/fr\/wp-json\/wp\/v2\/users\/13"}],"replies":[{"embeddable":true,"href":"https:\/\/www.ilsancristoforo.com\/fr\/wp-json\/wp\/v2\/comments?post=509"}],"version-history":[{"count":0,"href":"https:\/\/www.ilsancristoforo.com\/fr\/wp-json\/wp\/v2\/pages\/509\/revisions"}],"up":[{"embeddable":true,"href":"https:\/\/www.ilsancristoforo.com\/fr\/wp-json\/wp\/v2\/pages\/510"}],"wp:attachment":[{"href":"https:\/\/www.ilsancristoforo.com\/fr\/wp-json\/wp\/v2\/media?parent=509"}],"curies":[{"name":"wp","href":"https:\/\/api.w.org\/{rel}","templated":true}]}}