{"id":508,"date":"2020-10-23T10:32:12","date_gmt":"2020-10-23T08:32:12","guid":{"rendered":"https:\/\/www.ilsancristoforo.com\/?page_id=508"},"modified":"2020-10-26T12:27:24","modified_gmt":"2020-10-26T11:27:24","slug":"visitez-sorrento-coast-amazing-peninsula","status":"publish","type":"page","link":"https:\/\/www.ilsancristoforo.com\/fr\/vesuve-et-ses-environs\/visitez-sorrento-coast-amazing-peninsula\/","title":{"rendered":"Visitez Sorrento Coast"},"content":{"rendered":"<p>La c\u00f4te de Sorrente poss\u00e8de un paysage unique au monde, o\u00f9 les collines hautes et basses alternent avec des vall\u00e9es profondes et des montagnes majestueuses o\u00f9 le travail de l&rsquo;homme a \u00e9t\u00e9 grandiose, qui a am\u00e9nag\u00e9 les zones les plus inaccessibles, les transformant en c\u00e9l\u00e8bres terrasses, d\u00e9gradant les marches de la terre vers la mer, o\u00f9 il a cultiv\u00e9 des oranges, des citrons, des oliviers et des vignes.<\/p>\n<p>Ce sont les jardins de d\u00e9lices d&rsquo;o\u00f9 s&rsquo;exhale au printemps un parfum enivrant de fleur d&rsquo;oranger. Le climat doux et sec pendant la majeure partie de l&rsquo;ann\u00e9e fait de la c\u00f4te de Sorrente la destination id\u00e9ale pour chaque saison.<\/p>\n<p>En arrivant par voie terrestre, les villes de Vico Equense et Meta vous accueilleront, dont les anciennes fermes et les plages ensoleill\u00e9es n&rsquo;attendent qu&rsquo;\u00e0 \u00eatre d\u00e9couvertes; Piano di Sorrento, une ville anim\u00e9e qui allie habilement son identit\u00e9 maritime \u00e0 celle rurale et au centre commercial actif de la p\u00e9ninsule; sa colline basse est travers\u00e9e par des rues \u00e9troites, flanqu\u00e9es de hauts murs qui entourent d&rsquo;anciennes plantations d&rsquo;agrumes.<\/p>\n<p>Et encore, Sant&rsquo;Agnello, dont la vue sur la mer, surplombant une cr\u00eate tuffac\u00e9e, a enchant\u00e9 la maison royale des Bourbons et les princes de toute l&rsquo;Europe, qui y ont construit de fabuleuses villas. Et, surplombant la mer et entour\u00e9e de ses collines, appara\u00eet Sorrento, une ville internationale, avec son centre ancien, ses marinas, ses jardins d&rsquo;agrumes; et enfin, nous atteignons Massa Lubrense, la limite extr\u00eame de la p\u00e9ninsule, situ\u00e9e face \u00e0 Capri, une oasis naturelle avec d&rsquo;innombrables sentiers p\u00e9destres entre anciennes fermes, zones arch\u00e9ologiques, garrigue m\u00e9diterran\u00e9enne et vues indescriptibles, sur la mer et des plages enchanteresses.<\/p>\n<p>Le centre historique de Sorrente montre encore la disposition orthogonale des rues d&rsquo;origine romaine avec des chardons et des d\u00e9cumans, tandis que vers la montagne, il est entour\u00e9 par les murs du XVIe si\u00e8cle. Il y a la cath\u00e9drale, reconstruite au XVe si\u00e8cle, avec une fa\u00e7ade n\u00e9o-gothique, et l&rsquo;\u00e9glise de San Francesco d&rsquo;Assisi, avec un remarquable clo\u00eetre du XIVe si\u00e8cle, avec un portique arabe avec des arcs entrelac\u00e9s sur des piliers octogonaux. Le mus\u00e9e Correale di Terranova pr\u00e9sente des collections de trouvailles grecques et romaines et de porcelaine de Capodimonte, avec une section consacr\u00e9e \u00e0 la peinture des XVIIe-XIXe si\u00e8cles; le parc offre \u00e9galement une vue magnifique sur le golfe. \u00c0 la Punta del Capo, \u00e0 3 km \u00e0 l&rsquo;ouest, il y a des vestiges romains qui seraient de la villa de Pollio Felice (1er si\u00e8cle apr\u00e8s JC). Une autre villa maritime est la \u00ab\u00a0Villa d&rsquo;Agrippa Postumo\u00a0\u00bb, litt\u00e9ralement situ\u00e9e sous l&rsquo;actuel H\u00f4tel Bellevue Syrene. La villa a \u00e9t\u00e9 construite par le malheureux neveu d&rsquo;Auguste.<\/p>\n","protected":false},"excerpt":{"rendered":"<p>La c\u00f4te de Sorrente poss\u00e8de un paysage unique au monde, o\u00f9 les collines hautes et basses alternent avec des vall\u00e9es profondes et des montagnes majestueuses o\u00f9 le travail de l&rsquo;homme a \u00e9t\u00e9 grandiose, qui a am\u00e9nag\u00e9 les zones les plus inaccessibles, les transformant en c\u00e9l\u00e8bres terrasses, d\u00e9gradant les marches de la terre vers la mer, [&hellip;]<\/p>\n","protected":false},"author":13,"featured_media":0,"parent":446,"menu_order":4,"comment_status":"closed","ping_status":"closed","template":"","meta":{"footnotes":""},"class_list":["post-508","page","type-page","status-publish","hentry"],"yoast_head":"<!-- This site is optimized with the Yoast SEO plugin v26.9 - https:\/\/yoast.com\/product\/yoast-seo-wordpress\/ -->\n<title>Visitez Sorrento Coast - Il San Cristoforo<\/title>\n<meta name=\"robots\" content=\"index, follow, max-snippet:-1, max-image-preview:large, max-video-preview:-1\" \/>\n<link rel=\"canonical\" href=\"https:\/\/www.ilsancristoforo.com\/fr\/vesuve-et-ses-environs\/visitez-sorrento-coast-amazing-peninsula\/\" \/>\n<meta property=\"og:locale\" content=\"fr_FR\" \/>\n<meta property=\"og:type\" content=\"article\" \/>\n<meta property=\"og:title\" content=\"Visitez Sorrento Coast - Il San Cristoforo\" \/>\n<meta property=\"og:description\" content=\"La c\u00f4te de Sorrente poss\u00e8de un paysage unique au monde, o\u00f9 les collines hautes et basses alternent avec des vall\u00e9es profondes et des montagnes majestueuses o\u00f9 le travail de l&rsquo;homme a \u00e9t\u00e9 grandiose, qui a am\u00e9nag\u00e9 les zones les plus inaccessibles, les transformant en c\u00e9l\u00e8bres terrasses, d\u00e9gradant les marches de la terre vers la mer, [&hellip;]\" \/>\n<meta property=\"og:url\" content=\"https:\/\/www.ilsancristoforo.com\/fr\/vesuve-et-ses-environs\/visitez-sorrento-coast-amazing-peninsula\/\" \/>\n<meta property=\"og:site_name\" content=\"Il San Cristoforo\" \/>\n<meta property=\"article:modified_time\" content=\"2020-10-26T11:27:24+00:00\" \/>\n<meta name=\"twitter:card\" content=\"summary_large_image\" \/>\n<meta name=\"twitter:label1\" content=\"Dur\u00e9e de lecture estim\u00e9e\" \/>\n\t<meta name=\"twitter:data1\" content=\"2 minutes\" \/>\n<script type=\"application\/ld+json\" class=\"yoast-schema-graph\">{\"@context\":\"https:\/\/schema.org\",\"@graph\":[{\"@type\":\"WebPage\",\"@id\":\"https:\/\/www.ilsancristoforo.com\/fr\/vesuve-et-ses-environs\/visitez-sorrento-coast-amazing-peninsula\/\",\"url\":\"https:\/\/www.ilsancristoforo.com\/fr\/vesuve-et-ses-environs\/visitez-sorrento-coast-amazing-peninsula\/\",\"name\":\"Visitez Sorrento Coast - Il San Cristoforo\",\"isPartOf\":{\"@id\":\"https:\/\/www.ilsancristoforo.com\/fr\/#website\"},\"datePublished\":\"2020-10-23T08:32:12+00:00\",\"dateModified\":\"2020-10-26T11:27:24+00:00\",\"breadcrumb\":{\"@id\":\"https:\/\/www.ilsancristoforo.com\/fr\/vesuve-et-ses-environs\/visitez-sorrento-coast-amazing-peninsula\/#breadcrumb\"},\"inLanguage\":\"fr-FR\",\"potentialAction\":[{\"@type\":\"ReadAction\",\"target\":[\"https:\/\/www.ilsancristoforo.com\/fr\/vesuve-et-ses-environs\/visitez-sorrento-coast-amazing-peninsula\/\"]}]},{\"@type\":\"BreadcrumbList\",\"@id\":\"https:\/\/www.ilsancristoforo.com\/fr\/vesuve-et-ses-environs\/visitez-sorrento-coast-amazing-peninsula\/#breadcrumb\",\"itemListElement\":[{\"@type\":\"ListItem\",\"position\":1,\"name\":\"Home\",\"item\":\"https:\/\/www.ilsancristoforo.com\/fr\/\"},{\"@type\":\"ListItem\",\"position\":2,\"name\":\"V\u00e9suve et ses environs\",\"item\":\"https:\/\/www.ilsancristoforo.com\/fr\/vesuve-et-ses-environs\/\"},{\"@type\":\"ListItem\",\"position\":3,\"name\":\"Visitez Sorrento Coast\"}]},{\"@type\":\"WebSite\",\"@id\":\"https:\/\/www.ilsancristoforo.com\/fr\/#website\",\"url\":\"https:\/\/www.ilsancristoforo.com\/fr\/\",\"name\":\"Il San Cristoforo\",\"description\":\"Ecco un altro sito ms.decms.eu\",\"potentialAction\":[{\"@type\":\"SearchAction\",\"target\":{\"@type\":\"EntryPoint\",\"urlTemplate\":\"https:\/\/www.ilsancristoforo.com\/fr\/?s={search_term_string}\"},\"query-input\":{\"@type\":\"PropertyValueSpecification\",\"valueRequired\":true,\"valueName\":\"search_term_string\"}}],\"inLanguage\":\"fr-FR\"}]}<\/script>\n<!-- \/ Yoast SEO plugin. -->","yoast_head_json":{"title":"Visitez Sorrento Coast - Il San Cristoforo","robots":{"index":"index","follow":"follow","max-snippet":"max-snippet:-1","max-image-preview":"max-image-preview:large","max-video-preview":"max-video-preview:-1"},"canonical":"https:\/\/www.ilsancristoforo.com\/fr\/vesuve-et-ses-environs\/visitez-sorrento-coast-amazing-peninsula\/","og_locale":"fr_FR","og_type":"article","og_title":"Visitez Sorrento Coast - Il San Cristoforo","og_description":"La c\u00f4te de Sorrente poss\u00e8de un paysage unique au monde, o\u00f9 les collines hautes et basses alternent avec des vall\u00e9es profondes et des montagnes majestueuses o\u00f9 le travail de l&rsquo;homme a \u00e9t\u00e9 grandiose, qui a am\u00e9nag\u00e9 les zones les plus inaccessibles, les transformant en c\u00e9l\u00e8bres terrasses, d\u00e9gradant les marches de la terre vers la mer, [&hellip;]","og_url":"https:\/\/www.ilsancristoforo.com\/fr\/vesuve-et-ses-environs\/visitez-sorrento-coast-amazing-peninsula\/","og_site_name":"Il San Cristoforo","article_modified_time":"2020-10-26T11:27:24+00:00","twitter_card":"summary_large_image","twitter_misc":{"Dur\u00e9e de lecture estim\u00e9e":"2 minutes"},"schema":{"@context":"https:\/\/schema.org","@graph":[{"@type":"WebPage","@id":"https:\/\/www.ilsancristoforo.com\/fr\/vesuve-et-ses-environs\/visitez-sorrento-coast-amazing-peninsula\/","url":"https:\/\/www.ilsancristoforo.com\/fr\/vesuve-et-ses-environs\/visitez-sorrento-coast-amazing-peninsula\/","name":"Visitez Sorrento Coast - Il San Cristoforo","isPartOf":{"@id":"https:\/\/www.ilsancristoforo.com\/fr\/#website"},"datePublished":"2020-10-23T08:32:12+00:00","dateModified":"2020-10-26T11:27:24+00:00","breadcrumb":{"@id":"https:\/\/www.ilsancristoforo.com\/fr\/vesuve-et-ses-environs\/visitez-sorrento-coast-amazing-peninsula\/#breadcrumb"},"inLanguage":"fr-FR","potentialAction":[{"@type":"ReadAction","target":["https:\/\/www.ilsancristoforo.com\/fr\/vesuve-et-ses-environs\/visitez-sorrento-coast-amazing-peninsula\/"]}]},{"@type":"BreadcrumbList","@id":"https:\/\/www.ilsancristoforo.com\/fr\/vesuve-et-ses-environs\/visitez-sorrento-coast-amazing-peninsula\/#breadcrumb","itemListElement":[{"@type":"ListItem","position":1,"name":"Home","item":"https:\/\/www.ilsancristoforo.com\/fr\/"},{"@type":"ListItem","position":2,"name":"V\u00e9suve et ses environs","item":"https:\/\/www.ilsancristoforo.com\/fr\/vesuve-et-ses-environs\/"},{"@type":"ListItem","position":3,"name":"Visitez Sorrento Coast"}]},{"@type":"WebSite","@id":"https:\/\/www.ilsancristoforo.com\/fr\/#website","url":"https:\/\/www.ilsancristoforo.com\/fr\/","name":"Il San Cristoforo","description":"Ecco un altro sito ms.decms.eu","potentialAction":[{"@type":"SearchAction","target":{"@type":"EntryPoint","urlTemplate":"https:\/\/www.ilsancristoforo.com\/fr\/?s={search_term_string}"},"query-input":{"@type":"PropertyValueSpecification","valueRequired":true,"valueName":"search_term_string"}}],"inLanguage":"fr-FR"}]}},"acf":[],"_links":{"self":[{"href":"https:\/\/www.ilsancristoforo.com\/fr\/wp-json\/wp\/v2\/pages\/508","targetHints":{"allow":["GET"]}}],"collection":[{"href":"https:\/\/www.ilsancristoforo.com\/fr\/wp-json\/wp\/v2\/pages"}],"about":[{"href":"https:\/\/www.ilsancristoforo.com\/fr\/wp-json\/wp\/v2\/types\/page"}],"author":[{"embeddable":true,"href":"https:\/\/www.ilsancristoforo.com\/fr\/wp-json\/wp\/v2\/users\/13"}],"replies":[{"embeddable":true,"href":"https:\/\/www.ilsancristoforo.com\/fr\/wp-json\/wp\/v2\/comments?post=508"}],"version-history":[{"count":0,"href":"https:\/\/www.ilsancristoforo.com\/fr\/wp-json\/wp\/v2\/pages\/508\/revisions"}],"up":[{"embeddable":true,"href":"https:\/\/www.ilsancristoforo.com\/fr\/wp-json\/wp\/v2\/pages\/446"}],"wp:attachment":[{"href":"https:\/\/www.ilsancristoforo.com\/fr\/wp-json\/wp\/v2\/media?parent=508"}],"curies":[{"name":"wp","href":"https:\/\/api.w.org\/{rel}","templated":true}]}}