{"id":507,"date":"2020-10-23T10:30:14","date_gmt":"2020-10-23T08:30:14","guid":{"rendered":"https:\/\/www.ilsancristoforo.com\/?page_id=507"},"modified":"2020-10-26T12:28:23","modified_gmt":"2020-10-26T11:28:23","slug":"ville-historique-de-naples-site-du-patrimoine-mondial-de-lunesco","status":"publish","type":"page","link":"https:\/\/www.ilsancristoforo.com\/fr\/vesuve-et-ses-environs\/ville-historique-de-naples-site-du-patrimoine-mondial-de-lunesco\/","title":{"rendered":"Ville Historique de Naples"},"content":{"rendered":"<p>Dans l&rsquo;ancien trac\u00e9 routier de l&rsquo;\u00e9poque grecque, compos\u00e9 d&rsquo;axes verticaux et horizontaux du centre historique de Naples, d\u00e9clar\u00e9 site du patrimoine de l&rsquo;UNESCO en 1995, il y a une petite rue qui est devenue c\u00e9l\u00e8bre dans le monde entier pour sa tradition artisanale: via San Gregorio Armeno. S&rsquo;\u00e9levant pr\u00e8s de l&rsquo;ancienne agora grecque, ils ont fabriqu\u00e9 ici des statues votives pour la d\u00e9esse C\u00e9r\u00e8s, dont la tradition a \u00e9t\u00e9 transmise au fil des si\u00e8cles par le paganisme et atteignant l&rsquo;\u00e8re des Bourbons, lorsque la \u00abmode\u00bb de la Nativit\u00e9 s&rsquo;est r\u00e9pandue avec le roi Charles, une repr\u00e9sentation typique de la Nativit\u00e9 de J\u00e9sus, \u00e0 travers la production de figurines et de sc\u00e8nes de li\u00e8ge et de papier m\u00e2ch\u00e9 qui reproduisaient le Naples de ces ann\u00e9es.<\/p>\n<p>L&rsquo;histoire d&rsquo;un art fascinant qui se transmet de g\u00e9n\u00e9ration en g\u00e9n\u00e9ration dans une entreprise locale historique, o\u00f9 les Ma\u00eetres vous montreront comment les bergers et les bergers prennent forme de leurs mains, de la terre cuite, du bois et des soieries renomm\u00e9es de S. Berceaux Leucio.<\/p>\n<p>Avec une visite de la spectaculaire cath\u00e9drale d\u00e9di\u00e9e \u00e0 San Gennaro, l&rsquo;\u00e9glise de San Gregorio Armeno et une d\u00e9gustation de produits typiques, cette visite devient l&rsquo;occasion de conna\u00eetre certaines des expressions les plus typiques de cette ville.<\/p>\n","protected":false},"excerpt":{"rendered":"<p>Dans l&rsquo;ancien trac\u00e9 routier de l&rsquo;\u00e9poque grecque, compos\u00e9 d&rsquo;axes verticaux et horizontaux du centre historique de Naples, d\u00e9clar\u00e9 site du patrimoine de l&rsquo;UNESCO en 1995, il y a une petite rue qui est devenue c\u00e9l\u00e8bre dans le monde entier pour sa tradition artisanale: via San Gregorio Armeno. S&rsquo;\u00e9levant pr\u00e8s de l&rsquo;ancienne agora grecque, ils ont [&hellip;]<\/p>\n","protected":false},"author":13,"featured_media":0,"parent":446,"menu_order":3,"comment_status":"closed","ping_status":"closed","template":"","meta":{"footnotes":""},"class_list":["post-507","page","type-page","status-publish","hentry"],"yoast_head":"<!-- This site is optimized with the Yoast SEO plugin v26.9 - https:\/\/yoast.com\/product\/yoast-seo-wordpress\/ -->\n<title>Ville Historique de Naples - Il San Cristoforo<\/title>\n<meta name=\"robots\" content=\"index, follow, max-snippet:-1, max-image-preview:large, max-video-preview:-1\" \/>\n<link rel=\"canonical\" href=\"https:\/\/www.ilsancristoforo.com\/fr\/vesuve-et-ses-environs\/ville-historique-de-naples-site-du-patrimoine-mondial-de-lunesco\/\" \/>\n<meta property=\"og:locale\" content=\"fr_FR\" \/>\n<meta property=\"og:type\" content=\"article\" \/>\n<meta property=\"og:title\" content=\"Ville Historique de Naples - Il San Cristoforo\" \/>\n<meta property=\"og:description\" content=\"Dans l&rsquo;ancien trac\u00e9 routier de l&rsquo;\u00e9poque grecque, compos\u00e9 d&rsquo;axes verticaux et horizontaux du centre historique de Naples, d\u00e9clar\u00e9 site du patrimoine de l&rsquo;UNESCO en 1995, il y a une petite rue qui est devenue c\u00e9l\u00e8bre dans le monde entier pour sa tradition artisanale: via San Gregorio Armeno. S&rsquo;\u00e9levant pr\u00e8s de l&rsquo;ancienne agora grecque, ils ont [&hellip;]\" \/>\n<meta property=\"og:url\" content=\"https:\/\/www.ilsancristoforo.com\/fr\/vesuve-et-ses-environs\/ville-historique-de-naples-site-du-patrimoine-mondial-de-lunesco\/\" \/>\n<meta property=\"og:site_name\" content=\"Il San Cristoforo\" \/>\n<meta property=\"article:modified_time\" content=\"2020-10-26T11:28:23+00:00\" \/>\n<meta name=\"twitter:card\" content=\"summary_large_image\" \/>\n<meta name=\"twitter:label1\" content=\"Dur\u00e9e de lecture estim\u00e9e\" \/>\n\t<meta name=\"twitter:data1\" content=\"1 minute\" \/>\n<script type=\"application\/ld+json\" class=\"yoast-schema-graph\">{\"@context\":\"https:\/\/schema.org\",\"@graph\":[{\"@type\":\"WebPage\",\"@id\":\"https:\/\/www.ilsancristoforo.com\/fr\/vesuve-et-ses-environs\/ville-historique-de-naples-site-du-patrimoine-mondial-de-lunesco\/\",\"url\":\"https:\/\/www.ilsancristoforo.com\/fr\/vesuve-et-ses-environs\/ville-historique-de-naples-site-du-patrimoine-mondial-de-lunesco\/\",\"name\":\"Ville Historique de Naples - Il San Cristoforo\",\"isPartOf\":{\"@id\":\"https:\/\/www.ilsancristoforo.com\/fr\/#website\"},\"datePublished\":\"2020-10-23T08:30:14+00:00\",\"dateModified\":\"2020-10-26T11:28:23+00:00\",\"breadcrumb\":{\"@id\":\"https:\/\/www.ilsancristoforo.com\/fr\/vesuve-et-ses-environs\/ville-historique-de-naples-site-du-patrimoine-mondial-de-lunesco\/#breadcrumb\"},\"inLanguage\":\"fr-FR\",\"potentialAction\":[{\"@type\":\"ReadAction\",\"target\":[\"https:\/\/www.ilsancristoforo.com\/fr\/vesuve-et-ses-environs\/ville-historique-de-naples-site-du-patrimoine-mondial-de-lunesco\/\"]}]},{\"@type\":\"BreadcrumbList\",\"@id\":\"https:\/\/www.ilsancristoforo.com\/fr\/vesuve-et-ses-environs\/ville-historique-de-naples-site-du-patrimoine-mondial-de-lunesco\/#breadcrumb\",\"itemListElement\":[{\"@type\":\"ListItem\",\"position\":1,\"name\":\"Home\",\"item\":\"https:\/\/www.ilsancristoforo.com\/fr\/\"},{\"@type\":\"ListItem\",\"position\":2,\"name\":\"V\u00e9suve et ses environs\",\"item\":\"https:\/\/www.ilsancristoforo.com\/fr\/vesuve-et-ses-environs\/\"},{\"@type\":\"ListItem\",\"position\":3,\"name\":\"Ville Historique de Naples\"}]},{\"@type\":\"WebSite\",\"@id\":\"https:\/\/www.ilsancristoforo.com\/fr\/#website\",\"url\":\"https:\/\/www.ilsancristoforo.com\/fr\/\",\"name\":\"Il San Cristoforo\",\"description\":\"Ecco un altro sito ms.decms.eu\",\"potentialAction\":[{\"@type\":\"SearchAction\",\"target\":{\"@type\":\"EntryPoint\",\"urlTemplate\":\"https:\/\/www.ilsancristoforo.com\/fr\/?s={search_term_string}\"},\"query-input\":{\"@type\":\"PropertyValueSpecification\",\"valueRequired\":true,\"valueName\":\"search_term_string\"}}],\"inLanguage\":\"fr-FR\"}]}<\/script>\n<!-- \/ Yoast SEO plugin. -->","yoast_head_json":{"title":"Ville Historique de Naples - Il San Cristoforo","robots":{"index":"index","follow":"follow","max-snippet":"max-snippet:-1","max-image-preview":"max-image-preview:large","max-video-preview":"max-video-preview:-1"},"canonical":"https:\/\/www.ilsancristoforo.com\/fr\/vesuve-et-ses-environs\/ville-historique-de-naples-site-du-patrimoine-mondial-de-lunesco\/","og_locale":"fr_FR","og_type":"article","og_title":"Ville Historique de Naples - Il San Cristoforo","og_description":"Dans l&rsquo;ancien trac\u00e9 routier de l&rsquo;\u00e9poque grecque, compos\u00e9 d&rsquo;axes verticaux et horizontaux du centre historique de Naples, d\u00e9clar\u00e9 site du patrimoine de l&rsquo;UNESCO en 1995, il y a une petite rue qui est devenue c\u00e9l\u00e8bre dans le monde entier pour sa tradition artisanale: via San Gregorio Armeno. S&rsquo;\u00e9levant pr\u00e8s de l&rsquo;ancienne agora grecque, ils ont [&hellip;]","og_url":"https:\/\/www.ilsancristoforo.com\/fr\/vesuve-et-ses-environs\/ville-historique-de-naples-site-du-patrimoine-mondial-de-lunesco\/","og_site_name":"Il San Cristoforo","article_modified_time":"2020-10-26T11:28:23+00:00","twitter_card":"summary_large_image","twitter_misc":{"Dur\u00e9e de lecture estim\u00e9e":"1 minute"},"schema":{"@context":"https:\/\/schema.org","@graph":[{"@type":"WebPage","@id":"https:\/\/www.ilsancristoforo.com\/fr\/vesuve-et-ses-environs\/ville-historique-de-naples-site-du-patrimoine-mondial-de-lunesco\/","url":"https:\/\/www.ilsancristoforo.com\/fr\/vesuve-et-ses-environs\/ville-historique-de-naples-site-du-patrimoine-mondial-de-lunesco\/","name":"Ville Historique de Naples - Il San Cristoforo","isPartOf":{"@id":"https:\/\/www.ilsancristoforo.com\/fr\/#website"},"datePublished":"2020-10-23T08:30:14+00:00","dateModified":"2020-10-26T11:28:23+00:00","breadcrumb":{"@id":"https:\/\/www.ilsancristoforo.com\/fr\/vesuve-et-ses-environs\/ville-historique-de-naples-site-du-patrimoine-mondial-de-lunesco\/#breadcrumb"},"inLanguage":"fr-FR","potentialAction":[{"@type":"ReadAction","target":["https:\/\/www.ilsancristoforo.com\/fr\/vesuve-et-ses-environs\/ville-historique-de-naples-site-du-patrimoine-mondial-de-lunesco\/"]}]},{"@type":"BreadcrumbList","@id":"https:\/\/www.ilsancristoforo.com\/fr\/vesuve-et-ses-environs\/ville-historique-de-naples-site-du-patrimoine-mondial-de-lunesco\/#breadcrumb","itemListElement":[{"@type":"ListItem","position":1,"name":"Home","item":"https:\/\/www.ilsancristoforo.com\/fr\/"},{"@type":"ListItem","position":2,"name":"V\u00e9suve et ses environs","item":"https:\/\/www.ilsancristoforo.com\/fr\/vesuve-et-ses-environs\/"},{"@type":"ListItem","position":3,"name":"Ville Historique de Naples"}]},{"@type":"WebSite","@id":"https:\/\/www.ilsancristoforo.com\/fr\/#website","url":"https:\/\/www.ilsancristoforo.com\/fr\/","name":"Il San Cristoforo","description":"Ecco un altro sito ms.decms.eu","potentialAction":[{"@type":"SearchAction","target":{"@type":"EntryPoint","urlTemplate":"https:\/\/www.ilsancristoforo.com\/fr\/?s={search_term_string}"},"query-input":{"@type":"PropertyValueSpecification","valueRequired":true,"valueName":"search_term_string"}}],"inLanguage":"fr-FR"}]}},"acf":[],"_links":{"self":[{"href":"https:\/\/www.ilsancristoforo.com\/fr\/wp-json\/wp\/v2\/pages\/507","targetHints":{"allow":["GET"]}}],"collection":[{"href":"https:\/\/www.ilsancristoforo.com\/fr\/wp-json\/wp\/v2\/pages"}],"about":[{"href":"https:\/\/www.ilsancristoforo.com\/fr\/wp-json\/wp\/v2\/types\/page"}],"author":[{"embeddable":true,"href":"https:\/\/www.ilsancristoforo.com\/fr\/wp-json\/wp\/v2\/users\/13"}],"replies":[{"embeddable":true,"href":"https:\/\/www.ilsancristoforo.com\/fr\/wp-json\/wp\/v2\/comments?post=507"}],"version-history":[{"count":0,"href":"https:\/\/www.ilsancristoforo.com\/fr\/wp-json\/wp\/v2\/pages\/507\/revisions"}],"up":[{"embeddable":true,"href":"https:\/\/www.ilsancristoforo.com\/fr\/wp-json\/wp\/v2\/pages\/446"}],"wp:attachment":[{"href":"https:\/\/www.ilsancristoforo.com\/fr\/wp-json\/wp\/v2\/media?parent=507"}],"curies":[{"name":"wp","href":"https:\/\/api.w.org\/{rel}","templated":true}]}}