{"id":506,"date":"2020-10-23T10:28:27","date_gmt":"2020-10-23T08:28:27","guid":{"rendered":"https:\/\/www.ilsancristoforo.com\/?page_id=506"},"modified":"2020-10-23T10:28:27","modified_gmt":"2020-10-23T08:28:27","slug":"capodichino-aeroport-international-de-naples","status":"publish","type":"page","link":"https:\/\/www.ilsancristoforo.com\/fr\/situation\/capodichino-aeroport-international-de-naples\/","title":{"rendered":"\u00ab\u00a0Capodichino\u00a0\u00bb &#8211; A\u00e9roport International De Naples"},"content":{"rendered":"<p>Il San Cristoforo est facilement accessible:<\/p>\n<ul>\n<li>En voiture en seulement 15 minutes.<\/li>\n<li>Transferts priv\u00e9s sur demande en Van de 2 \u00e0 20 personnes.<\/li>\n<\/ul>\n<p><em>Calculez l&rsquo;itin\u00e9raire sur la carte interactive.<\/em><\/p>\n","protected":false},"excerpt":{"rendered":"<p>Il San Cristoforo est facilement accessible: En voiture en seulement 15 minutes. Transferts priv\u00e9s sur demande en Van de 2 \u00e0 20 personnes. Calculez l&rsquo;itin\u00e9raire sur la carte interactive.<\/p>\n","protected":false},"author":13,"featured_media":0,"parent":461,"menu_order":0,"comment_status":"closed","ping_status":"closed","template":"","meta":{"footnotes":""},"class_list":["post-506","page","type-page","status-publish","hentry"],"yoast_head":"<!-- This site is optimized with the Yoast SEO plugin v26.9 - https:\/\/yoast.com\/product\/yoast-seo-wordpress\/ -->\n<title>&quot;Capodichino&quot; - A\u00e9roport International De Naples - Il San Cristoforo<\/title>\n<meta name=\"robots\" content=\"index, follow, max-snippet:-1, max-image-preview:large, max-video-preview:-1\" \/>\n<link rel=\"canonical\" href=\"https:\/\/www.ilsancristoforo.com\/fr\/situation\/capodichino-aeroport-international-de-naples\/\" \/>\n<meta property=\"og:locale\" content=\"fr_FR\" \/>\n<meta property=\"og:type\" content=\"article\" \/>\n<meta property=\"og:title\" content=\"&quot;Capodichino&quot; - A\u00e9roport International De Naples - Il San Cristoforo\" \/>\n<meta property=\"og:description\" content=\"Il San Cristoforo est facilement accessible: En voiture en seulement 15 minutes. Transferts priv\u00e9s sur demande en Van de 2 \u00e0 20 personnes. Calculez l&rsquo;itin\u00e9raire sur la carte interactive.\" \/>\n<meta property=\"og:url\" content=\"https:\/\/www.ilsancristoforo.com\/fr\/situation\/capodichino-aeroport-international-de-naples\/\" \/>\n<meta property=\"og:site_name\" content=\"Il San Cristoforo\" \/>\n<meta name=\"twitter:card\" content=\"summary_large_image\" \/>\n<script type=\"application\/ld+json\" class=\"yoast-schema-graph\">{\"@context\":\"https:\/\/schema.org\",\"@graph\":[{\"@type\":\"WebPage\",\"@id\":\"https:\/\/www.ilsancristoforo.com\/fr\/situation\/capodichino-aeroport-international-de-naples\/\",\"url\":\"https:\/\/www.ilsancristoforo.com\/fr\/situation\/capodichino-aeroport-international-de-naples\/\",\"name\":\"\\\"Capodichino\\\" - A\u00e9roport International De Naples - Il San Cristoforo\",\"isPartOf\":{\"@id\":\"https:\/\/www.ilsancristoforo.com\/fr\/#website\"},\"datePublished\":\"2020-10-23T08:28:27+00:00\",\"breadcrumb\":{\"@id\":\"https:\/\/www.ilsancristoforo.com\/fr\/situation\/capodichino-aeroport-international-de-naples\/#breadcrumb\"},\"inLanguage\":\"fr-FR\",\"potentialAction\":[{\"@type\":\"ReadAction\",\"target\":[\"https:\/\/www.ilsancristoforo.com\/fr\/situation\/capodichino-aeroport-international-de-naples\/\"]}]},{\"@type\":\"BreadcrumbList\",\"@id\":\"https:\/\/www.ilsancristoforo.com\/fr\/situation\/capodichino-aeroport-international-de-naples\/#breadcrumb\",\"itemListElement\":[{\"@type\":\"ListItem\",\"position\":1,\"name\":\"Home\",\"item\":\"https:\/\/www.ilsancristoforo.com\/fr\/\"},{\"@type\":\"ListItem\",\"position\":2,\"name\":\"Situation\",\"item\":\"https:\/\/www.ilsancristoforo.com\/fr\/situation\/\"},{\"@type\":\"ListItem\",\"position\":3,\"name\":\"\u00ab\u00a0Capodichino\u00a0\u00bb &#8211; A\u00e9roport International De Naples\"}]},{\"@type\":\"WebSite\",\"@id\":\"https:\/\/www.ilsancristoforo.com\/fr\/#website\",\"url\":\"https:\/\/www.ilsancristoforo.com\/fr\/\",\"name\":\"Il San Cristoforo\",\"description\":\"Ecco un altro sito ms.decms.eu\",\"potentialAction\":[{\"@type\":\"SearchAction\",\"target\":{\"@type\":\"EntryPoint\",\"urlTemplate\":\"https:\/\/www.ilsancristoforo.com\/fr\/?s={search_term_string}\"},\"query-input\":{\"@type\":\"PropertyValueSpecification\",\"valueRequired\":true,\"valueName\":\"search_term_string\"}}],\"inLanguage\":\"fr-FR\"}]}<\/script>\n<!-- \/ Yoast SEO plugin. -->","yoast_head_json":{"title":"\"Capodichino\" - A\u00e9roport International De Naples - Il San Cristoforo","robots":{"index":"index","follow":"follow","max-snippet":"max-snippet:-1","max-image-preview":"max-image-preview:large","max-video-preview":"max-video-preview:-1"},"canonical":"https:\/\/www.ilsancristoforo.com\/fr\/situation\/capodichino-aeroport-international-de-naples\/","og_locale":"fr_FR","og_type":"article","og_title":"\"Capodichino\" - A\u00e9roport International De Naples - Il San Cristoforo","og_description":"Il San Cristoforo est facilement accessible: En voiture en seulement 15 minutes. Transferts priv\u00e9s sur demande en Van de 2 \u00e0 20 personnes. Calculez l&rsquo;itin\u00e9raire sur la carte interactive.","og_url":"https:\/\/www.ilsancristoforo.com\/fr\/situation\/capodichino-aeroport-international-de-naples\/","og_site_name":"Il San Cristoforo","twitter_card":"summary_large_image","schema":{"@context":"https:\/\/schema.org","@graph":[{"@type":"WebPage","@id":"https:\/\/www.ilsancristoforo.com\/fr\/situation\/capodichino-aeroport-international-de-naples\/","url":"https:\/\/www.ilsancristoforo.com\/fr\/situation\/capodichino-aeroport-international-de-naples\/","name":"\"Capodichino\" - A\u00e9roport International De Naples - Il San Cristoforo","isPartOf":{"@id":"https:\/\/www.ilsancristoforo.com\/fr\/#website"},"datePublished":"2020-10-23T08:28:27+00:00","breadcrumb":{"@id":"https:\/\/www.ilsancristoforo.com\/fr\/situation\/capodichino-aeroport-international-de-naples\/#breadcrumb"},"inLanguage":"fr-FR","potentialAction":[{"@type":"ReadAction","target":["https:\/\/www.ilsancristoforo.com\/fr\/situation\/capodichino-aeroport-international-de-naples\/"]}]},{"@type":"BreadcrumbList","@id":"https:\/\/www.ilsancristoforo.com\/fr\/situation\/capodichino-aeroport-international-de-naples\/#breadcrumb","itemListElement":[{"@type":"ListItem","position":1,"name":"Home","item":"https:\/\/www.ilsancristoforo.com\/fr\/"},{"@type":"ListItem","position":2,"name":"Situation","item":"https:\/\/www.ilsancristoforo.com\/fr\/situation\/"},{"@type":"ListItem","position":3,"name":"\u00ab\u00a0Capodichino\u00a0\u00bb &#8211; A\u00e9roport International De Naples"}]},{"@type":"WebSite","@id":"https:\/\/www.ilsancristoforo.com\/fr\/#website","url":"https:\/\/www.ilsancristoforo.com\/fr\/","name":"Il San Cristoforo","description":"Ecco un altro sito ms.decms.eu","potentialAction":[{"@type":"SearchAction","target":{"@type":"EntryPoint","urlTemplate":"https:\/\/www.ilsancristoforo.com\/fr\/?s={search_term_string}"},"query-input":{"@type":"PropertyValueSpecification","valueRequired":true,"valueName":"search_term_string"}}],"inLanguage":"fr-FR"}]}},"acf":[],"_links":{"self":[{"href":"https:\/\/www.ilsancristoforo.com\/fr\/wp-json\/wp\/v2\/pages\/506","targetHints":{"allow":["GET"]}}],"collection":[{"href":"https:\/\/www.ilsancristoforo.com\/fr\/wp-json\/wp\/v2\/pages"}],"about":[{"href":"https:\/\/www.ilsancristoforo.com\/fr\/wp-json\/wp\/v2\/types\/page"}],"author":[{"embeddable":true,"href":"https:\/\/www.ilsancristoforo.com\/fr\/wp-json\/wp\/v2\/users\/13"}],"replies":[{"embeddable":true,"href":"https:\/\/www.ilsancristoforo.com\/fr\/wp-json\/wp\/v2\/comments?post=506"}],"version-history":[{"count":0,"href":"https:\/\/www.ilsancristoforo.com\/fr\/wp-json\/wp\/v2\/pages\/506\/revisions"}],"up":[{"embeddable":true,"href":"https:\/\/www.ilsancristoforo.com\/fr\/wp-json\/wp\/v2\/pages\/461"}],"wp:attachment":[{"href":"https:\/\/www.ilsancristoforo.com\/fr\/wp-json\/wp\/v2\/media?parent=506"}],"curies":[{"name":"wp","href":"https:\/\/api.w.org\/{rel}","templated":true}]}}