{"id":461,"date":"2020-10-19T17:49:59","date_gmt":"2020-10-19T15:49:59","guid":{"rendered":"https:\/\/www.ilsancristoforo.com\/?page_id=461"},"modified":"2022-06-03T13:27:30","modified_gmt":"2022-06-03T11:27:30","slug":"situation","status":"publish","type":"page","link":"https:\/\/www.ilsancristoforo.com\/fr\/situation\/","title":{"rendered":"Situation"},"content":{"rendered":"<p><strong>Resort Il San Cristoforo<\/strong> est situ\u00e9 au centre de la c\u00f4te du V\u00e9suve, un endroit id\u00e9al pour visiter les fouilles d&rsquo;<strong>Herculanum et de Pomp\u00e9i et le parc national du V\u00e9suve.<\/strong><\/p>\n<p><em>L&#8217;emplacement central dans le Golfe<\/em> est particuli\u00e8rement avantageux pour explorer le centre historique de Naples, Sorrente et le Mont Faito en utilisant la ligne ferroviaire \u00ab\u00a0Circumvesuviana\u00a0\u00bb, accessible en r\u00e9servant notre service de navette.<\/p>\n<p><strong>Capri<\/strong> est accessible en ferry au d\u00e9part de la Villa Favorita, une ancienne villa v\u00e9suvienne construite \u00e0 l&rsquo;\u00e9poque des Bourbons sur le Golden Mile.<\/p>\n<p><strong>Il San Cristoforo<\/strong> se trouve \u00e0 seulement 2 km de la sortie<em> Portici \/ Ercolano de l&rsquo;autoroute A3 Napoli &#8211; Salerno<\/em>.<\/p>\n<p>L&rsquo;a\u00e9roport international de Naples \u00ab\u00a0Capodichino\u00a0\u00bb, la gare centrale de Garibaldi \u00e0 Naples est facilement accessible avec la ligne de chemin de fer \u00ab\u00a0Circumvesuviana\u00a0\u00bb et avec des transferts priv\u00e9s car ils sont \u00e0 seulement 8 km de l&rsquo;h\u00f4tel.<\/p>\n","protected":false},"excerpt":{"rendered":"<p>Resort Il San Cristoforo est situ\u00e9 au centre de la c\u00f4te du V\u00e9suve, un endroit id\u00e9al pour visiter les fouilles d&rsquo;Herculanum et de Pomp\u00e9i et le parc national du V\u00e9suve. L&#8217;emplacement central dans le Golfe est particuli\u00e8rement avantageux pour explorer le centre historique de Naples, Sorrente et le Mont Faito en utilisant la ligne ferroviaire [&hellip;]<\/p>\n","protected":false},"author":13,"featured_media":0,"parent":0,"menu_order":7,"comment_status":"closed","ping_status":"closed","template":"template-location.php","meta":{"footnotes":""},"class_list":["post-461","page","type-page","status-publish","hentry"],"yoast_head":"<!-- This site is optimized with the Yoast SEO plugin v26.9 - https:\/\/yoast.com\/product\/yoast-seo-wordpress\/ -->\n<title>Situation - Il San Cristoforo<\/title>\n<meta name=\"robots\" content=\"index, follow, max-snippet:-1, max-image-preview:large, max-video-preview:-1\" \/>\n<link rel=\"canonical\" href=\"https:\/\/www.ilsancristoforo.com\/fr\/situation\/\" \/>\n<meta property=\"og:locale\" content=\"fr_FR\" \/>\n<meta property=\"og:type\" content=\"article\" \/>\n<meta property=\"og:title\" content=\"Situation - Il San Cristoforo\" \/>\n<meta property=\"og:description\" content=\"Resort Il San Cristoforo est situ\u00e9 au centre de la c\u00f4te du V\u00e9suve, un endroit id\u00e9al pour visiter les fouilles d&rsquo;Herculanum et de Pomp\u00e9i et le parc national du V\u00e9suve. L&#8217;emplacement central dans le Golfe est particuli\u00e8rement avantageux pour explorer le centre historique de Naples, Sorrente et le Mont Faito en utilisant la ligne ferroviaire [&hellip;]\" \/>\n<meta property=\"og:url\" content=\"https:\/\/www.ilsancristoforo.com\/fr\/situation\/\" \/>\n<meta property=\"og:site_name\" content=\"Il San Cristoforo\" \/>\n<meta property=\"article:modified_time\" content=\"2022-06-03T11:27:30+00:00\" \/>\n<meta name=\"twitter:card\" content=\"summary_large_image\" \/>\n<meta name=\"twitter:label1\" content=\"Dur\u00e9e de lecture estim\u00e9e\" \/>\n\t<meta name=\"twitter:data1\" content=\"1 minute\" \/>\n<script type=\"application\/ld+json\" class=\"yoast-schema-graph\">{\"@context\":\"https:\/\/schema.org\",\"@graph\":[{\"@type\":\"WebPage\",\"@id\":\"https:\/\/www.ilsancristoforo.com\/fr\/situation\/\",\"url\":\"https:\/\/www.ilsancristoforo.com\/fr\/situation\/\",\"name\":\"Situation - Il San Cristoforo\",\"isPartOf\":{\"@id\":\"https:\/\/www.ilsancristoforo.com\/fr\/#website\"},\"datePublished\":\"2020-10-19T15:49:59+00:00\",\"dateModified\":\"2022-06-03T11:27:30+00:00\",\"breadcrumb\":{\"@id\":\"https:\/\/www.ilsancristoforo.com\/fr\/situation\/#breadcrumb\"},\"inLanguage\":\"fr-FR\",\"potentialAction\":[{\"@type\":\"ReadAction\",\"target\":[\"https:\/\/www.ilsancristoforo.com\/fr\/situation\/\"]}]},{\"@type\":\"BreadcrumbList\",\"@id\":\"https:\/\/www.ilsancristoforo.com\/fr\/situation\/#breadcrumb\",\"itemListElement\":[{\"@type\":\"ListItem\",\"position\":1,\"name\":\"Home\",\"item\":\"https:\/\/www.ilsancristoforo.com\/fr\/\"},{\"@type\":\"ListItem\",\"position\":2,\"name\":\"Situation\"}]},{\"@type\":\"WebSite\",\"@id\":\"https:\/\/www.ilsancristoforo.com\/fr\/#website\",\"url\":\"https:\/\/www.ilsancristoforo.com\/fr\/\",\"name\":\"Il San Cristoforo\",\"description\":\"Ecco un altro sito ms.decms.eu\",\"potentialAction\":[{\"@type\":\"SearchAction\",\"target\":{\"@type\":\"EntryPoint\",\"urlTemplate\":\"https:\/\/www.ilsancristoforo.com\/fr\/?s={search_term_string}\"},\"query-input\":{\"@type\":\"PropertyValueSpecification\",\"valueRequired\":true,\"valueName\":\"search_term_string\"}}],\"inLanguage\":\"fr-FR\"}]}<\/script>\n<!-- \/ Yoast SEO plugin. -->","yoast_head_json":{"title":"Situation - Il San Cristoforo","robots":{"index":"index","follow":"follow","max-snippet":"max-snippet:-1","max-image-preview":"max-image-preview:large","max-video-preview":"max-video-preview:-1"},"canonical":"https:\/\/www.ilsancristoforo.com\/fr\/situation\/","og_locale":"fr_FR","og_type":"article","og_title":"Situation - Il San Cristoforo","og_description":"Resort Il San Cristoforo est situ\u00e9 au centre de la c\u00f4te du V\u00e9suve, un endroit id\u00e9al pour visiter les fouilles d&rsquo;Herculanum et de Pomp\u00e9i et le parc national du V\u00e9suve. L&#8217;emplacement central dans le Golfe est particuli\u00e8rement avantageux pour explorer le centre historique de Naples, Sorrente et le Mont Faito en utilisant la ligne ferroviaire [&hellip;]","og_url":"https:\/\/www.ilsancristoforo.com\/fr\/situation\/","og_site_name":"Il San Cristoforo","article_modified_time":"2022-06-03T11:27:30+00:00","twitter_card":"summary_large_image","twitter_misc":{"Dur\u00e9e de lecture estim\u00e9e":"1 minute"},"schema":{"@context":"https:\/\/schema.org","@graph":[{"@type":"WebPage","@id":"https:\/\/www.ilsancristoforo.com\/fr\/situation\/","url":"https:\/\/www.ilsancristoforo.com\/fr\/situation\/","name":"Situation - Il San Cristoforo","isPartOf":{"@id":"https:\/\/www.ilsancristoforo.com\/fr\/#website"},"datePublished":"2020-10-19T15:49:59+00:00","dateModified":"2022-06-03T11:27:30+00:00","breadcrumb":{"@id":"https:\/\/www.ilsancristoforo.com\/fr\/situation\/#breadcrumb"},"inLanguage":"fr-FR","potentialAction":[{"@type":"ReadAction","target":["https:\/\/www.ilsancristoforo.com\/fr\/situation\/"]}]},{"@type":"BreadcrumbList","@id":"https:\/\/www.ilsancristoforo.com\/fr\/situation\/#breadcrumb","itemListElement":[{"@type":"ListItem","position":1,"name":"Home","item":"https:\/\/www.ilsancristoforo.com\/fr\/"},{"@type":"ListItem","position":2,"name":"Situation"}]},{"@type":"WebSite","@id":"https:\/\/www.ilsancristoforo.com\/fr\/#website","url":"https:\/\/www.ilsancristoforo.com\/fr\/","name":"Il San Cristoforo","description":"Ecco un altro sito ms.decms.eu","potentialAction":[{"@type":"SearchAction","target":{"@type":"EntryPoint","urlTemplate":"https:\/\/www.ilsancristoforo.com\/fr\/?s={search_term_string}"},"query-input":{"@type":"PropertyValueSpecification","valueRequired":true,"valueName":"search_term_string"}}],"inLanguage":"fr-FR"}]}},"acf":[],"_links":{"self":[{"href":"https:\/\/www.ilsancristoforo.com\/fr\/wp-json\/wp\/v2\/pages\/461","targetHints":{"allow":["GET"]}}],"collection":[{"href":"https:\/\/www.ilsancristoforo.com\/fr\/wp-json\/wp\/v2\/pages"}],"about":[{"href":"https:\/\/www.ilsancristoforo.com\/fr\/wp-json\/wp\/v2\/types\/page"}],"author":[{"embeddable":true,"href":"https:\/\/www.ilsancristoforo.com\/fr\/wp-json\/wp\/v2\/users\/13"}],"replies":[{"embeddable":true,"href":"https:\/\/www.ilsancristoforo.com\/fr\/wp-json\/wp\/v2\/comments?post=461"}],"version-history":[{"count":0,"href":"https:\/\/www.ilsancristoforo.com\/fr\/wp-json\/wp\/v2\/pages\/461\/revisions"}],"wp:attachment":[{"href":"https:\/\/www.ilsancristoforo.com\/fr\/wp-json\/wp\/v2\/media?parent=461"}],"curies":[{"name":"wp","href":"https:\/\/api.w.org\/{rel}","templated":true}]}}