{"id":460,"date":"2020-10-19T17:09:57","date_gmt":"2020-10-19T15:09:57","guid":{"rendered":"https:\/\/www.ilsancristoforo.com\/?page_id=460"},"modified":"2020-12-01T12:59:59","modified_gmt":"2020-12-01T11:59:59","slug":"suite-royal","status":"publish","type":"page","link":"https:\/\/www.ilsancristoforo.com\/fr\/chambres-et-dependance\/suite-royal\/","title":{"rendered":"Suite Royal"},"content":{"rendered":"<p>La chambre royale dispose d&rsquo;une grande terrasse donnant sur le V\u00e9suve, d&rsquo;un lit king-size et d&rsquo;une baignoire et d&rsquo;une douche dans la chambre.<\/p>\n<p>La chambre est enti\u00e8rement \u00e9quip\u00e9e avec un minibar, un coffre-fort, un four micro-ondes, une t\u00e9l\u00e9vision par satellite de 119 cm, la climatisation \u00e0 r\u00e9glage individuel, un peignoir et des articles de toilette sp\u00e9ciaux.<\/p>\n","protected":false},"excerpt":{"rendered":"<p>La chambre royale dispose d&rsquo;une grande terrasse donnant sur le V\u00e9suve, d&rsquo;un lit king-size et d&rsquo;une baignoire et d&rsquo;une douche dans la chambre. La chambre est enti\u00e8rement \u00e9quip\u00e9e avec un minibar, un coffre-fort, un four micro-ondes, une t\u00e9l\u00e9vision par satellite de 119 cm, la climatisation \u00e0 r\u00e9glage individuel, un peignoir et des articles de toilette [&hellip;]<\/p>\n","protected":false},"author":13,"featured_media":0,"parent":454,"menu_order":1,"comment_status":"closed","ping_status":"closed","template":"template-single-room.php","meta":{"footnotes":""},"class_list":["post-460","page","type-page","status-publish","hentry"],"yoast_head":"<!-- This site is optimized with the Yoast SEO plugin v26.9 - https:\/\/yoast.com\/product\/yoast-seo-wordpress\/ -->\n<title>Suite Royal - Il San Cristoforo<\/title>\n<meta name=\"robots\" content=\"index, follow, max-snippet:-1, max-image-preview:large, max-video-preview:-1\" \/>\n<link rel=\"canonical\" href=\"https:\/\/www.ilsancristoforo.com\/fr\/chambres-et-dependance\/suite-royal\/\" \/>\n<meta property=\"og:locale\" content=\"fr_FR\" \/>\n<meta property=\"og:type\" content=\"article\" \/>\n<meta property=\"og:title\" content=\"Suite Royal - Il San Cristoforo\" \/>\n<meta property=\"og:description\" content=\"La chambre royale dispose d&rsquo;une grande terrasse donnant sur le V\u00e9suve, d&rsquo;un lit king-size et d&rsquo;une baignoire et d&rsquo;une douche dans la chambre. La chambre est enti\u00e8rement \u00e9quip\u00e9e avec un minibar, un coffre-fort, un four micro-ondes, une t\u00e9l\u00e9vision par satellite de 119 cm, la climatisation \u00e0 r\u00e9glage individuel, un peignoir et des articles de toilette [&hellip;]\" \/>\n<meta property=\"og:url\" content=\"https:\/\/www.ilsancristoforo.com\/fr\/chambres-et-dependance\/suite-royal\/\" \/>\n<meta property=\"og:site_name\" content=\"Il San Cristoforo\" \/>\n<meta property=\"article:modified_time\" content=\"2020-12-01T11:59:59+00:00\" \/>\n<meta name=\"twitter:card\" content=\"summary_large_image\" \/>\n<script type=\"application\/ld+json\" class=\"yoast-schema-graph\">{\"@context\":\"https:\/\/schema.org\",\"@graph\":[{\"@type\":\"WebPage\",\"@id\":\"https:\/\/www.ilsancristoforo.com\/fr\/chambres-et-dependance\/suite-royal\/\",\"url\":\"https:\/\/www.ilsancristoforo.com\/fr\/chambres-et-dependance\/suite-royal\/\",\"name\":\"Suite Royal - Il San Cristoforo\",\"isPartOf\":{\"@id\":\"https:\/\/www.ilsancristoforo.com\/fr\/#website\"},\"datePublished\":\"2020-10-19T15:09:57+00:00\",\"dateModified\":\"2020-12-01T11:59:59+00:00\",\"breadcrumb\":{\"@id\":\"https:\/\/www.ilsancristoforo.com\/fr\/chambres-et-dependance\/suite-royal\/#breadcrumb\"},\"inLanguage\":\"fr-FR\",\"potentialAction\":[{\"@type\":\"ReadAction\",\"target\":[\"https:\/\/www.ilsancristoforo.com\/fr\/chambres-et-dependance\/suite-royal\/\"]}]},{\"@type\":\"BreadcrumbList\",\"@id\":\"https:\/\/www.ilsancristoforo.com\/fr\/chambres-et-dependance\/suite-royal\/#breadcrumb\",\"itemListElement\":[{\"@type\":\"ListItem\",\"position\":1,\"name\":\"Home\",\"item\":\"https:\/\/www.ilsancristoforo.com\/fr\/\"},{\"@type\":\"ListItem\",\"position\":2,\"name\":\"Chambres\",\"item\":\"https:\/\/www.ilsancristoforo.com\/fr\/chambres-et-dependance\/\"},{\"@type\":\"ListItem\",\"position\":3,\"name\":\"Suite Royal\"}]},{\"@type\":\"WebSite\",\"@id\":\"https:\/\/www.ilsancristoforo.com\/fr\/#website\",\"url\":\"https:\/\/www.ilsancristoforo.com\/fr\/\",\"name\":\"Il San Cristoforo\",\"description\":\"Ecco un altro sito ms.decms.eu\",\"potentialAction\":[{\"@type\":\"SearchAction\",\"target\":{\"@type\":\"EntryPoint\",\"urlTemplate\":\"https:\/\/www.ilsancristoforo.com\/fr\/?s={search_term_string}\"},\"query-input\":{\"@type\":\"PropertyValueSpecification\",\"valueRequired\":true,\"valueName\":\"search_term_string\"}}],\"inLanguage\":\"fr-FR\"}]}<\/script>\n<!-- \/ Yoast SEO plugin. -->","yoast_head_json":{"title":"Suite Royal - Il San Cristoforo","robots":{"index":"index","follow":"follow","max-snippet":"max-snippet:-1","max-image-preview":"max-image-preview:large","max-video-preview":"max-video-preview:-1"},"canonical":"https:\/\/www.ilsancristoforo.com\/fr\/chambres-et-dependance\/suite-royal\/","og_locale":"fr_FR","og_type":"article","og_title":"Suite Royal - Il San Cristoforo","og_description":"La chambre royale dispose d&rsquo;une grande terrasse donnant sur le V\u00e9suve, d&rsquo;un lit king-size et d&rsquo;une baignoire et d&rsquo;une douche dans la chambre. La chambre est enti\u00e8rement \u00e9quip\u00e9e avec un minibar, un coffre-fort, un four micro-ondes, une t\u00e9l\u00e9vision par satellite de 119 cm, la climatisation \u00e0 r\u00e9glage individuel, un peignoir et des articles de toilette [&hellip;]","og_url":"https:\/\/www.ilsancristoforo.com\/fr\/chambres-et-dependance\/suite-royal\/","og_site_name":"Il San Cristoforo","article_modified_time":"2020-12-01T11:59:59+00:00","twitter_card":"summary_large_image","schema":{"@context":"https:\/\/schema.org","@graph":[{"@type":"WebPage","@id":"https:\/\/www.ilsancristoforo.com\/fr\/chambres-et-dependance\/suite-royal\/","url":"https:\/\/www.ilsancristoforo.com\/fr\/chambres-et-dependance\/suite-royal\/","name":"Suite Royal - Il San Cristoforo","isPartOf":{"@id":"https:\/\/www.ilsancristoforo.com\/fr\/#website"},"datePublished":"2020-10-19T15:09:57+00:00","dateModified":"2020-12-01T11:59:59+00:00","breadcrumb":{"@id":"https:\/\/www.ilsancristoforo.com\/fr\/chambres-et-dependance\/suite-royal\/#breadcrumb"},"inLanguage":"fr-FR","potentialAction":[{"@type":"ReadAction","target":["https:\/\/www.ilsancristoforo.com\/fr\/chambres-et-dependance\/suite-royal\/"]}]},{"@type":"BreadcrumbList","@id":"https:\/\/www.ilsancristoforo.com\/fr\/chambres-et-dependance\/suite-royal\/#breadcrumb","itemListElement":[{"@type":"ListItem","position":1,"name":"Home","item":"https:\/\/www.ilsancristoforo.com\/fr\/"},{"@type":"ListItem","position":2,"name":"Chambres","item":"https:\/\/www.ilsancristoforo.com\/fr\/chambres-et-dependance\/"},{"@type":"ListItem","position":3,"name":"Suite Royal"}]},{"@type":"WebSite","@id":"https:\/\/www.ilsancristoforo.com\/fr\/#website","url":"https:\/\/www.ilsancristoforo.com\/fr\/","name":"Il San Cristoforo","description":"Ecco un altro sito ms.decms.eu","potentialAction":[{"@type":"SearchAction","target":{"@type":"EntryPoint","urlTemplate":"https:\/\/www.ilsancristoforo.com\/fr\/?s={search_term_string}"},"query-input":{"@type":"PropertyValueSpecification","valueRequired":true,"valueName":"search_term_string"}}],"inLanguage":"fr-FR"}]}},"acf":[],"_links":{"self":[{"href":"https:\/\/www.ilsancristoforo.com\/fr\/wp-json\/wp\/v2\/pages\/460","targetHints":{"allow":["GET"]}}],"collection":[{"href":"https:\/\/www.ilsancristoforo.com\/fr\/wp-json\/wp\/v2\/pages"}],"about":[{"href":"https:\/\/www.ilsancristoforo.com\/fr\/wp-json\/wp\/v2\/types\/page"}],"author":[{"embeddable":true,"href":"https:\/\/www.ilsancristoforo.com\/fr\/wp-json\/wp\/v2\/users\/13"}],"replies":[{"embeddable":true,"href":"https:\/\/www.ilsancristoforo.com\/fr\/wp-json\/wp\/v2\/comments?post=460"}],"version-history":[{"count":0,"href":"https:\/\/www.ilsancristoforo.com\/fr\/wp-json\/wp\/v2\/pages\/460\/revisions"}],"up":[{"embeddable":true,"href":"https:\/\/www.ilsancristoforo.com\/fr\/wp-json\/wp\/v2\/pages\/454"}],"wp:attachment":[{"href":"https:\/\/www.ilsancristoforo.com\/fr\/wp-json\/wp\/v2\/media?parent=460"}],"curies":[{"name":"wp","href":"https:\/\/api.w.org\/{rel}","templated":true}]}}