{"id":457,"date":"2020-10-19T17:08:42","date_gmt":"2020-10-19T15:08:42","guid":{"rendered":"https:\/\/www.ilsancristoforo.com\/?page_id=457"},"modified":"2020-10-19T17:08:42","modified_gmt":"2020-10-19T15:08:42","slug":"suite-junior","status":"publish","type":"page","link":"https:\/\/www.ilsancristoforo.com\/fr\/chambres-et-dependance\/suite-junior\/","title":{"rendered":"Suite junior"},"content":{"rendered":"<p>La Junior Suite est une solution prestigieuse pour les s\u00e9jours de 2 \u00e0 4 personnes.<\/p>\n<p>Un environnement moderne et \u00e9l\u00e9gant avec les services r\u00e9serv\u00e9s aux grandes suites d&rsquo;h\u00f4tel.<\/p>\n<p>La Suite Junior comprend 1 chambre double, un coin salon avec un canap\u00e9-lit ou deux lits simples et une grande salle de bains avec un marbre \u00e9l\u00e9gant et une douche.<\/p>\n<p>\u00c9quip\u00e9e de parquet, de la climatisation ind\u00e9pendante, de 2 t\u00e9l\u00e9visions \u00e0 \u00e9cran plat, d&rsquo;un minibar, d&rsquo;une connexion Internet Wi-Fi haut d\u00e9bit gratuite, d&rsquo;une bouilloire avec th\u00e9, tisanes et caf\u00e9.<\/p>\n","protected":false},"excerpt":{"rendered":"<p>La Junior Suite est une solution prestigieuse pour les s\u00e9jours de 2 \u00e0 4 personnes. Un environnement moderne et \u00e9l\u00e9gant avec les services r\u00e9serv\u00e9s aux grandes suites d&rsquo;h\u00f4tel. La Suite Junior comprend 1 chambre double, un coin salon avec un canap\u00e9-lit ou deux lits simples et une grande salle de bains avec un marbre \u00e9l\u00e9gant [&hellip;]<\/p>\n","protected":false},"author":13,"featured_media":0,"parent":454,"menu_order":3,"comment_status":"closed","ping_status":"closed","template":"template-single-room.php","meta":{"footnotes":""},"class_list":["post-457","page","type-page","status-publish","hentry"],"yoast_head":"<!-- This site is optimized with the Yoast SEO plugin v26.9 - https:\/\/yoast.com\/product\/yoast-seo-wordpress\/ -->\n<title>Suite junior - Il San Cristoforo<\/title>\n<meta name=\"robots\" content=\"index, follow, max-snippet:-1, max-image-preview:large, max-video-preview:-1\" \/>\n<link rel=\"canonical\" href=\"https:\/\/www.ilsancristoforo.com\/fr\/chambres-et-dependance\/suite-junior\/\" \/>\n<meta property=\"og:locale\" content=\"fr_FR\" \/>\n<meta property=\"og:type\" content=\"article\" \/>\n<meta property=\"og:title\" content=\"Suite junior - Il San Cristoforo\" \/>\n<meta property=\"og:description\" content=\"La Junior Suite est une solution prestigieuse pour les s\u00e9jours de 2 \u00e0 4 personnes. Un environnement moderne et \u00e9l\u00e9gant avec les services r\u00e9serv\u00e9s aux grandes suites d&rsquo;h\u00f4tel. La Suite Junior comprend 1 chambre double, un coin salon avec un canap\u00e9-lit ou deux lits simples et une grande salle de bains avec un marbre \u00e9l\u00e9gant [&hellip;]\" \/>\n<meta property=\"og:url\" content=\"https:\/\/www.ilsancristoforo.com\/fr\/chambres-et-dependance\/suite-junior\/\" \/>\n<meta property=\"og:site_name\" content=\"Il San Cristoforo\" \/>\n<meta name=\"twitter:card\" content=\"summary_large_image\" \/>\n<script type=\"application\/ld+json\" class=\"yoast-schema-graph\">{\"@context\":\"https:\/\/schema.org\",\"@graph\":[{\"@type\":\"WebPage\",\"@id\":\"https:\/\/www.ilsancristoforo.com\/fr\/chambres-et-dependance\/suite-junior\/\",\"url\":\"https:\/\/www.ilsancristoforo.com\/fr\/chambres-et-dependance\/suite-junior\/\",\"name\":\"Suite junior - Il San Cristoforo\",\"isPartOf\":{\"@id\":\"https:\/\/www.ilsancristoforo.com\/fr\/#website\"},\"datePublished\":\"2020-10-19T15:08:42+00:00\",\"breadcrumb\":{\"@id\":\"https:\/\/www.ilsancristoforo.com\/fr\/chambres-et-dependance\/suite-junior\/#breadcrumb\"},\"inLanguage\":\"fr-FR\",\"potentialAction\":[{\"@type\":\"ReadAction\",\"target\":[\"https:\/\/www.ilsancristoforo.com\/fr\/chambres-et-dependance\/suite-junior\/\"]}]},{\"@type\":\"BreadcrumbList\",\"@id\":\"https:\/\/www.ilsancristoforo.com\/fr\/chambres-et-dependance\/suite-junior\/#breadcrumb\",\"itemListElement\":[{\"@type\":\"ListItem\",\"position\":1,\"name\":\"Home\",\"item\":\"https:\/\/www.ilsancristoforo.com\/fr\/\"},{\"@type\":\"ListItem\",\"position\":2,\"name\":\"Chambres\",\"item\":\"https:\/\/www.ilsancristoforo.com\/fr\/chambres-et-dependance\/\"},{\"@type\":\"ListItem\",\"position\":3,\"name\":\"Suite junior\"}]},{\"@type\":\"WebSite\",\"@id\":\"https:\/\/www.ilsancristoforo.com\/fr\/#website\",\"url\":\"https:\/\/www.ilsancristoforo.com\/fr\/\",\"name\":\"Il San Cristoforo\",\"description\":\"Ecco un altro sito ms.decms.eu\",\"potentialAction\":[{\"@type\":\"SearchAction\",\"target\":{\"@type\":\"EntryPoint\",\"urlTemplate\":\"https:\/\/www.ilsancristoforo.com\/fr\/?s={search_term_string}\"},\"query-input\":{\"@type\":\"PropertyValueSpecification\",\"valueRequired\":true,\"valueName\":\"search_term_string\"}}],\"inLanguage\":\"fr-FR\"}]}<\/script>\n<!-- \/ Yoast SEO plugin. -->","yoast_head_json":{"title":"Suite junior - Il San Cristoforo","robots":{"index":"index","follow":"follow","max-snippet":"max-snippet:-1","max-image-preview":"max-image-preview:large","max-video-preview":"max-video-preview:-1"},"canonical":"https:\/\/www.ilsancristoforo.com\/fr\/chambres-et-dependance\/suite-junior\/","og_locale":"fr_FR","og_type":"article","og_title":"Suite junior - Il San Cristoforo","og_description":"La Junior Suite est une solution prestigieuse pour les s\u00e9jours de 2 \u00e0 4 personnes. Un environnement moderne et \u00e9l\u00e9gant avec les services r\u00e9serv\u00e9s aux grandes suites d&rsquo;h\u00f4tel. La Suite Junior comprend 1 chambre double, un coin salon avec un canap\u00e9-lit ou deux lits simples et une grande salle de bains avec un marbre \u00e9l\u00e9gant [&hellip;]","og_url":"https:\/\/www.ilsancristoforo.com\/fr\/chambres-et-dependance\/suite-junior\/","og_site_name":"Il San Cristoforo","twitter_card":"summary_large_image","schema":{"@context":"https:\/\/schema.org","@graph":[{"@type":"WebPage","@id":"https:\/\/www.ilsancristoforo.com\/fr\/chambres-et-dependance\/suite-junior\/","url":"https:\/\/www.ilsancristoforo.com\/fr\/chambres-et-dependance\/suite-junior\/","name":"Suite junior - Il San Cristoforo","isPartOf":{"@id":"https:\/\/www.ilsancristoforo.com\/fr\/#website"},"datePublished":"2020-10-19T15:08:42+00:00","breadcrumb":{"@id":"https:\/\/www.ilsancristoforo.com\/fr\/chambres-et-dependance\/suite-junior\/#breadcrumb"},"inLanguage":"fr-FR","potentialAction":[{"@type":"ReadAction","target":["https:\/\/www.ilsancristoforo.com\/fr\/chambres-et-dependance\/suite-junior\/"]}]},{"@type":"BreadcrumbList","@id":"https:\/\/www.ilsancristoforo.com\/fr\/chambres-et-dependance\/suite-junior\/#breadcrumb","itemListElement":[{"@type":"ListItem","position":1,"name":"Home","item":"https:\/\/www.ilsancristoforo.com\/fr\/"},{"@type":"ListItem","position":2,"name":"Chambres","item":"https:\/\/www.ilsancristoforo.com\/fr\/chambres-et-dependance\/"},{"@type":"ListItem","position":3,"name":"Suite junior"}]},{"@type":"WebSite","@id":"https:\/\/www.ilsancristoforo.com\/fr\/#website","url":"https:\/\/www.ilsancristoforo.com\/fr\/","name":"Il San Cristoforo","description":"Ecco un altro sito ms.decms.eu","potentialAction":[{"@type":"SearchAction","target":{"@type":"EntryPoint","urlTemplate":"https:\/\/www.ilsancristoforo.com\/fr\/?s={search_term_string}"},"query-input":{"@type":"PropertyValueSpecification","valueRequired":true,"valueName":"search_term_string"}}],"inLanguage":"fr-FR"}]}},"acf":[],"_links":{"self":[{"href":"https:\/\/www.ilsancristoforo.com\/fr\/wp-json\/wp\/v2\/pages\/457","targetHints":{"allow":["GET"]}}],"collection":[{"href":"https:\/\/www.ilsancristoforo.com\/fr\/wp-json\/wp\/v2\/pages"}],"about":[{"href":"https:\/\/www.ilsancristoforo.com\/fr\/wp-json\/wp\/v2\/types\/page"}],"author":[{"embeddable":true,"href":"https:\/\/www.ilsancristoforo.com\/fr\/wp-json\/wp\/v2\/users\/13"}],"replies":[{"embeddable":true,"href":"https:\/\/www.ilsancristoforo.com\/fr\/wp-json\/wp\/v2\/comments?post=457"}],"version-history":[{"count":0,"href":"https:\/\/www.ilsancristoforo.com\/fr\/wp-json\/wp\/v2\/pages\/457\/revisions"}],"up":[{"embeddable":true,"href":"https:\/\/www.ilsancristoforo.com\/fr\/wp-json\/wp\/v2\/pages\/454"}],"wp:attachment":[{"href":"https:\/\/www.ilsancristoforo.com\/fr\/wp-json\/wp\/v2\/media?parent=457"}],"curies":[{"name":"wp","href":"https:\/\/api.w.org\/{rel}","templated":true}]}}