{"id":456,"date":"2020-10-19T17:08:14","date_gmt":"2020-10-19T15:08:14","guid":{"rendered":"https:\/\/www.ilsancristoforo.com\/?page_id=456"},"modified":"2020-10-19T17:08:14","modified_gmt":"2020-10-19T15:08:14","slug":"deluxe","status":"publish","type":"page","link":"https:\/\/www.ilsancristoforo.com\/fr\/chambres-et-dependance\/deluxe\/","title":{"rendered":"Deluxe"},"content":{"rendered":"<p>La chambre Deluxe a une superficie de 25 m2 avec balcon Vesuvio au design moderne et \u00e9l\u00e9gant, \u00e9quip\u00e9e des meilleurs conforts pour un s\u00e9jour calme et relaxant.<\/p>\n<p>Cette chambre insonoris\u00e9e dispose d&rsquo;un lit double, d&rsquo;un coffre-fort, de la climatisation, d&rsquo;un bureau, d&rsquo;une t\u00e9l\u00e9vision \u00e0 \u00e9cran plat, d&rsquo;un minibar et d&rsquo;une connexion Wi-Fi haut d\u00e9bit. La salle de bains privative en marbre \u00e9l\u00e9gant comprend une douche, des produits de bain exclusifs et des serviettes personnalis\u00e9es.<\/p>\n<p>Equip\u00e9 d&rsquo;un mini-bar, coffre-fort, micro-ondes, TV satellite, climatisation \u00e0 r\u00e9glage individuel, peignoir et articles de toilette d\u00e9di\u00e9s..<\/p>\n","protected":false},"excerpt":{"rendered":"<p>La chambre Deluxe a une superficie de 25 m2 avec balcon Vesuvio au design moderne et \u00e9l\u00e9gant, \u00e9quip\u00e9e des meilleurs conforts pour un s\u00e9jour calme et relaxant. Cette chambre insonoris\u00e9e dispose d&rsquo;un lit double, d&rsquo;un coffre-fort, de la climatisation, d&rsquo;un bureau, d&rsquo;une t\u00e9l\u00e9vision \u00e0 \u00e9cran plat, d&rsquo;un minibar et d&rsquo;une connexion Wi-Fi haut d\u00e9bit. La [&hellip;]<\/p>\n","protected":false},"author":13,"featured_media":0,"parent":454,"menu_order":4,"comment_status":"closed","ping_status":"closed","template":"template-single-room.php","meta":{"footnotes":""},"class_list":["post-456","page","type-page","status-publish","hentry"],"yoast_head":"<!-- This site is optimized with the Yoast SEO plugin v26.9 - https:\/\/yoast.com\/product\/yoast-seo-wordpress\/ -->\n<title>Deluxe - Il San Cristoforo<\/title>\n<meta name=\"robots\" content=\"index, follow, max-snippet:-1, max-image-preview:large, max-video-preview:-1\" \/>\n<link rel=\"canonical\" href=\"https:\/\/www.ilsancristoforo.com\/fr\/chambres-et-dependance\/deluxe\/\" \/>\n<meta property=\"og:locale\" content=\"fr_FR\" \/>\n<meta property=\"og:type\" content=\"article\" \/>\n<meta property=\"og:title\" content=\"Deluxe - Il San Cristoforo\" \/>\n<meta property=\"og:description\" content=\"La chambre Deluxe a une superficie de 25 m2 avec balcon Vesuvio au design moderne et \u00e9l\u00e9gant, \u00e9quip\u00e9e des meilleurs conforts pour un s\u00e9jour calme et relaxant. Cette chambre insonoris\u00e9e dispose d&rsquo;un lit double, d&rsquo;un coffre-fort, de la climatisation, d&rsquo;un bureau, d&rsquo;une t\u00e9l\u00e9vision \u00e0 \u00e9cran plat, d&rsquo;un minibar et d&rsquo;une connexion Wi-Fi haut d\u00e9bit. La [&hellip;]\" \/>\n<meta property=\"og:url\" content=\"https:\/\/www.ilsancristoforo.com\/fr\/chambres-et-dependance\/deluxe\/\" \/>\n<meta property=\"og:site_name\" content=\"Il San Cristoforo\" \/>\n<meta name=\"twitter:card\" content=\"summary_large_image\" \/>\n<meta name=\"twitter:label1\" content=\"Dur\u00e9e de lecture estim\u00e9e\" \/>\n\t<meta name=\"twitter:data1\" content=\"1 minute\" \/>\n<script type=\"application\/ld+json\" class=\"yoast-schema-graph\">{\"@context\":\"https:\/\/schema.org\",\"@graph\":[{\"@type\":\"WebPage\",\"@id\":\"https:\/\/www.ilsancristoforo.com\/fr\/chambres-et-dependance\/deluxe\/\",\"url\":\"https:\/\/www.ilsancristoforo.com\/fr\/chambres-et-dependance\/deluxe\/\",\"name\":\"Deluxe - Il San Cristoforo\",\"isPartOf\":{\"@id\":\"https:\/\/www.ilsancristoforo.com\/fr\/#website\"},\"datePublished\":\"2020-10-19T15:08:14+00:00\",\"breadcrumb\":{\"@id\":\"https:\/\/www.ilsancristoforo.com\/fr\/chambres-et-dependance\/deluxe\/#breadcrumb\"},\"inLanguage\":\"fr-FR\",\"potentialAction\":[{\"@type\":\"ReadAction\",\"target\":[\"https:\/\/www.ilsancristoforo.com\/fr\/chambres-et-dependance\/deluxe\/\"]}]},{\"@type\":\"BreadcrumbList\",\"@id\":\"https:\/\/www.ilsancristoforo.com\/fr\/chambres-et-dependance\/deluxe\/#breadcrumb\",\"itemListElement\":[{\"@type\":\"ListItem\",\"position\":1,\"name\":\"Home\",\"item\":\"https:\/\/www.ilsancristoforo.com\/fr\/\"},{\"@type\":\"ListItem\",\"position\":2,\"name\":\"Chambres\",\"item\":\"https:\/\/www.ilsancristoforo.com\/fr\/chambres-et-dependance\/\"},{\"@type\":\"ListItem\",\"position\":3,\"name\":\"Deluxe\"}]},{\"@type\":\"WebSite\",\"@id\":\"https:\/\/www.ilsancristoforo.com\/fr\/#website\",\"url\":\"https:\/\/www.ilsancristoforo.com\/fr\/\",\"name\":\"Il San Cristoforo\",\"description\":\"Ecco un altro sito ms.decms.eu\",\"potentialAction\":[{\"@type\":\"SearchAction\",\"target\":{\"@type\":\"EntryPoint\",\"urlTemplate\":\"https:\/\/www.ilsancristoforo.com\/fr\/?s={search_term_string}\"},\"query-input\":{\"@type\":\"PropertyValueSpecification\",\"valueRequired\":true,\"valueName\":\"search_term_string\"}}],\"inLanguage\":\"fr-FR\"}]}<\/script>\n<!-- \/ Yoast SEO plugin. -->","yoast_head_json":{"title":"Deluxe - Il San Cristoforo","robots":{"index":"index","follow":"follow","max-snippet":"max-snippet:-1","max-image-preview":"max-image-preview:large","max-video-preview":"max-video-preview:-1"},"canonical":"https:\/\/www.ilsancristoforo.com\/fr\/chambres-et-dependance\/deluxe\/","og_locale":"fr_FR","og_type":"article","og_title":"Deluxe - Il San Cristoforo","og_description":"La chambre Deluxe a une superficie de 25 m2 avec balcon Vesuvio au design moderne et \u00e9l\u00e9gant, \u00e9quip\u00e9e des meilleurs conforts pour un s\u00e9jour calme et relaxant. Cette chambre insonoris\u00e9e dispose d&rsquo;un lit double, d&rsquo;un coffre-fort, de la climatisation, d&rsquo;un bureau, d&rsquo;une t\u00e9l\u00e9vision \u00e0 \u00e9cran plat, d&rsquo;un minibar et d&rsquo;une connexion Wi-Fi haut d\u00e9bit. La [&hellip;]","og_url":"https:\/\/www.ilsancristoforo.com\/fr\/chambres-et-dependance\/deluxe\/","og_site_name":"Il San Cristoforo","twitter_card":"summary_large_image","twitter_misc":{"Dur\u00e9e de lecture estim\u00e9e":"1 minute"},"schema":{"@context":"https:\/\/schema.org","@graph":[{"@type":"WebPage","@id":"https:\/\/www.ilsancristoforo.com\/fr\/chambres-et-dependance\/deluxe\/","url":"https:\/\/www.ilsancristoforo.com\/fr\/chambres-et-dependance\/deluxe\/","name":"Deluxe - Il San Cristoforo","isPartOf":{"@id":"https:\/\/www.ilsancristoforo.com\/fr\/#website"},"datePublished":"2020-10-19T15:08:14+00:00","breadcrumb":{"@id":"https:\/\/www.ilsancristoforo.com\/fr\/chambres-et-dependance\/deluxe\/#breadcrumb"},"inLanguage":"fr-FR","potentialAction":[{"@type":"ReadAction","target":["https:\/\/www.ilsancristoforo.com\/fr\/chambres-et-dependance\/deluxe\/"]}]},{"@type":"BreadcrumbList","@id":"https:\/\/www.ilsancristoforo.com\/fr\/chambres-et-dependance\/deluxe\/#breadcrumb","itemListElement":[{"@type":"ListItem","position":1,"name":"Home","item":"https:\/\/www.ilsancristoforo.com\/fr\/"},{"@type":"ListItem","position":2,"name":"Chambres","item":"https:\/\/www.ilsancristoforo.com\/fr\/chambres-et-dependance\/"},{"@type":"ListItem","position":3,"name":"Deluxe"}]},{"@type":"WebSite","@id":"https:\/\/www.ilsancristoforo.com\/fr\/#website","url":"https:\/\/www.ilsancristoforo.com\/fr\/","name":"Il San Cristoforo","description":"Ecco un altro sito ms.decms.eu","potentialAction":[{"@type":"SearchAction","target":{"@type":"EntryPoint","urlTemplate":"https:\/\/www.ilsancristoforo.com\/fr\/?s={search_term_string}"},"query-input":{"@type":"PropertyValueSpecification","valueRequired":true,"valueName":"search_term_string"}}],"inLanguage":"fr-FR"}]}},"acf":[],"_links":{"self":[{"href":"https:\/\/www.ilsancristoforo.com\/fr\/wp-json\/wp\/v2\/pages\/456","targetHints":{"allow":["GET"]}}],"collection":[{"href":"https:\/\/www.ilsancristoforo.com\/fr\/wp-json\/wp\/v2\/pages"}],"about":[{"href":"https:\/\/www.ilsancristoforo.com\/fr\/wp-json\/wp\/v2\/types\/page"}],"author":[{"embeddable":true,"href":"https:\/\/www.ilsancristoforo.com\/fr\/wp-json\/wp\/v2\/users\/13"}],"replies":[{"embeddable":true,"href":"https:\/\/www.ilsancristoforo.com\/fr\/wp-json\/wp\/v2\/comments?post=456"}],"version-history":[{"count":0,"href":"https:\/\/www.ilsancristoforo.com\/fr\/wp-json\/wp\/v2\/pages\/456\/revisions"}],"up":[{"embeddable":true,"href":"https:\/\/www.ilsancristoforo.com\/fr\/wp-json\/wp\/v2\/pages\/454"}],"wp:attachment":[{"href":"https:\/\/www.ilsancristoforo.com\/fr\/wp-json\/wp\/v2\/media?parent=456"}],"curies":[{"name":"wp","href":"https:\/\/api.w.org\/{rel}","templated":true}]}}