{"id":455,"date":"2020-10-19T17:06:54","date_gmt":"2020-10-19T15:06:54","guid":{"rendered":"https:\/\/www.ilsancristoforo.com\/?page_id=455"},"modified":"2020-11-10T14:03:10","modified_gmt":"2020-11-10T13:03:10","slug":"chambre-executive","status":"publish","type":"page","link":"https:\/\/www.ilsancristoforo.com\/fr\/chambres-et-dependance\/chambre-executive\/","title":{"rendered":"Chambre Ex\u00e9cutive"},"content":{"rendered":"<p>Chambres calmes et confortables, avec parquet et salle de bain avec douche. Certains d\u2019entre eux offrent <em>une vue splendide sur le V\u00e9suve<\/em> et d\u2019autres sur les magnifiques jardins du complexe.<!--more--><\/p>\n<p>Nos chambres ex\u00e9cutives sont meubl\u00e9es avec votre d\u00e9tente et votre confort \u00e0 l&rsquo;esprit, vous enveloppant dans le calme d\u00e8s que vous ouvrez la porte de votre chambre. Les tons doux apaiseront vos sens, tandis que le confortable coin salon offre un espace pour profiter de notre service d&rsquo;\u00e9tage 24h \/ 24.<\/p>\n<p>Des oreillers profonds, des draps frais et des couettes moelleuses ornent le lit, cr\u00e9ant un havre de paix si relaxant que vous ne voudrez tout simplement plus jamais quitter. Chaque chambre ex\u00e9cutive comprend une salle de bains spacieuse qui contient une douche \u00e0 jets puissants, id\u00e9ale pour profiter du stress de la journ\u00e9e.<\/p>\n","protected":false},"excerpt":{"rendered":"<p>Chambres calmes et confortables, avec parquet et salle de bain avec douche. Certains d\u2019entre eux offrent une vue splendide sur le V\u00e9suve et d\u2019autres sur les magnifiques jardins du complexe.<\/p>\n","protected":false},"author":13,"featured_media":0,"parent":454,"menu_order":6,"comment_status":"closed","ping_status":"closed","template":"template-single-room.php","meta":{"footnotes":""},"class_list":["post-455","page","type-page","status-publish","hentry"],"yoast_head":"<!-- This site is optimized with the Yoast SEO plugin v26.9 - https:\/\/yoast.com\/product\/yoast-seo-wordpress\/ -->\n<title>Chambre Ex\u00e9cutive - Il San Cristoforo<\/title>\n<meta name=\"robots\" content=\"index, follow, max-snippet:-1, max-image-preview:large, max-video-preview:-1\" \/>\n<link rel=\"canonical\" href=\"https:\/\/www.ilsancristoforo.com\/fr\/chambres-et-dependance\/chambre-executive\/\" \/>\n<meta property=\"og:locale\" content=\"fr_FR\" \/>\n<meta property=\"og:type\" content=\"article\" \/>\n<meta property=\"og:title\" content=\"Chambre Ex\u00e9cutive - Il San Cristoforo\" \/>\n<meta property=\"og:description\" content=\"Chambres calmes et confortables, avec parquet et salle de bain avec douche. Certains d\u2019entre eux offrent une vue splendide sur le V\u00e9suve et d\u2019autres sur les magnifiques jardins du complexe.\" \/>\n<meta property=\"og:url\" content=\"https:\/\/www.ilsancristoforo.com\/fr\/chambres-et-dependance\/chambre-executive\/\" \/>\n<meta property=\"og:site_name\" content=\"Il San Cristoforo\" \/>\n<meta property=\"article:modified_time\" content=\"2020-11-10T13:03:10+00:00\" \/>\n<meta name=\"twitter:card\" content=\"summary_large_image\" \/>\n<meta name=\"twitter:label1\" content=\"Dur\u00e9e de lecture estim\u00e9e\" \/>\n\t<meta name=\"twitter:data1\" content=\"1 minute\" \/>\n<script type=\"application\/ld+json\" class=\"yoast-schema-graph\">{\"@context\":\"https:\/\/schema.org\",\"@graph\":[{\"@type\":\"WebPage\",\"@id\":\"https:\/\/www.ilsancristoforo.com\/fr\/chambres-et-dependance\/chambre-executive\/\",\"url\":\"https:\/\/www.ilsancristoforo.com\/fr\/chambres-et-dependance\/chambre-executive\/\",\"name\":\"Chambre Ex\u00e9cutive - Il San Cristoforo\",\"isPartOf\":{\"@id\":\"https:\/\/www.ilsancristoforo.com\/fr\/#website\"},\"datePublished\":\"2020-10-19T15:06:54+00:00\",\"dateModified\":\"2020-11-10T13:03:10+00:00\",\"breadcrumb\":{\"@id\":\"https:\/\/www.ilsancristoforo.com\/fr\/chambres-et-dependance\/chambre-executive\/#breadcrumb\"},\"inLanguage\":\"fr-FR\",\"potentialAction\":[{\"@type\":\"ReadAction\",\"target\":[\"https:\/\/www.ilsancristoforo.com\/fr\/chambres-et-dependance\/chambre-executive\/\"]}]},{\"@type\":\"BreadcrumbList\",\"@id\":\"https:\/\/www.ilsancristoforo.com\/fr\/chambres-et-dependance\/chambre-executive\/#breadcrumb\",\"itemListElement\":[{\"@type\":\"ListItem\",\"position\":1,\"name\":\"Home\",\"item\":\"https:\/\/www.ilsancristoforo.com\/fr\/\"},{\"@type\":\"ListItem\",\"position\":2,\"name\":\"Chambres\",\"item\":\"https:\/\/www.ilsancristoforo.com\/fr\/chambres-et-dependance\/\"},{\"@type\":\"ListItem\",\"position\":3,\"name\":\"Chambre Ex\u00e9cutive\"}]},{\"@type\":\"WebSite\",\"@id\":\"https:\/\/www.ilsancristoforo.com\/fr\/#website\",\"url\":\"https:\/\/www.ilsancristoforo.com\/fr\/\",\"name\":\"Il San Cristoforo\",\"description\":\"Ecco un altro sito ms.decms.eu\",\"potentialAction\":[{\"@type\":\"SearchAction\",\"target\":{\"@type\":\"EntryPoint\",\"urlTemplate\":\"https:\/\/www.ilsancristoforo.com\/fr\/?s={search_term_string}\"},\"query-input\":{\"@type\":\"PropertyValueSpecification\",\"valueRequired\":true,\"valueName\":\"search_term_string\"}}],\"inLanguage\":\"fr-FR\"}]}<\/script>\n<!-- \/ Yoast SEO plugin. -->","yoast_head_json":{"title":"Chambre Ex\u00e9cutive - Il San Cristoforo","robots":{"index":"index","follow":"follow","max-snippet":"max-snippet:-1","max-image-preview":"max-image-preview:large","max-video-preview":"max-video-preview:-1"},"canonical":"https:\/\/www.ilsancristoforo.com\/fr\/chambres-et-dependance\/chambre-executive\/","og_locale":"fr_FR","og_type":"article","og_title":"Chambre Ex\u00e9cutive - Il San Cristoforo","og_description":"Chambres calmes et confortables, avec parquet et salle de bain avec douche. Certains d\u2019entre eux offrent une vue splendide sur le V\u00e9suve et d\u2019autres sur les magnifiques jardins du complexe.","og_url":"https:\/\/www.ilsancristoforo.com\/fr\/chambres-et-dependance\/chambre-executive\/","og_site_name":"Il San Cristoforo","article_modified_time":"2020-11-10T13:03:10+00:00","twitter_card":"summary_large_image","twitter_misc":{"Dur\u00e9e de lecture estim\u00e9e":"1 minute"},"schema":{"@context":"https:\/\/schema.org","@graph":[{"@type":"WebPage","@id":"https:\/\/www.ilsancristoforo.com\/fr\/chambres-et-dependance\/chambre-executive\/","url":"https:\/\/www.ilsancristoforo.com\/fr\/chambres-et-dependance\/chambre-executive\/","name":"Chambre Ex\u00e9cutive - Il San Cristoforo","isPartOf":{"@id":"https:\/\/www.ilsancristoforo.com\/fr\/#website"},"datePublished":"2020-10-19T15:06:54+00:00","dateModified":"2020-11-10T13:03:10+00:00","breadcrumb":{"@id":"https:\/\/www.ilsancristoforo.com\/fr\/chambres-et-dependance\/chambre-executive\/#breadcrumb"},"inLanguage":"fr-FR","potentialAction":[{"@type":"ReadAction","target":["https:\/\/www.ilsancristoforo.com\/fr\/chambres-et-dependance\/chambre-executive\/"]}]},{"@type":"BreadcrumbList","@id":"https:\/\/www.ilsancristoforo.com\/fr\/chambres-et-dependance\/chambre-executive\/#breadcrumb","itemListElement":[{"@type":"ListItem","position":1,"name":"Home","item":"https:\/\/www.ilsancristoforo.com\/fr\/"},{"@type":"ListItem","position":2,"name":"Chambres","item":"https:\/\/www.ilsancristoforo.com\/fr\/chambres-et-dependance\/"},{"@type":"ListItem","position":3,"name":"Chambre Ex\u00e9cutive"}]},{"@type":"WebSite","@id":"https:\/\/www.ilsancristoforo.com\/fr\/#website","url":"https:\/\/www.ilsancristoforo.com\/fr\/","name":"Il San Cristoforo","description":"Ecco un altro sito ms.decms.eu","potentialAction":[{"@type":"SearchAction","target":{"@type":"EntryPoint","urlTemplate":"https:\/\/www.ilsancristoforo.com\/fr\/?s={search_term_string}"},"query-input":{"@type":"PropertyValueSpecification","valueRequired":true,"valueName":"search_term_string"}}],"inLanguage":"fr-FR"}]}},"acf":[],"_links":{"self":[{"href":"https:\/\/www.ilsancristoforo.com\/fr\/wp-json\/wp\/v2\/pages\/455","targetHints":{"allow":["GET"]}}],"collection":[{"href":"https:\/\/www.ilsancristoforo.com\/fr\/wp-json\/wp\/v2\/pages"}],"about":[{"href":"https:\/\/www.ilsancristoforo.com\/fr\/wp-json\/wp\/v2\/types\/page"}],"author":[{"embeddable":true,"href":"https:\/\/www.ilsancristoforo.com\/fr\/wp-json\/wp\/v2\/users\/13"}],"replies":[{"embeddable":true,"href":"https:\/\/www.ilsancristoforo.com\/fr\/wp-json\/wp\/v2\/comments?post=455"}],"version-history":[{"count":0,"href":"https:\/\/www.ilsancristoforo.com\/fr\/wp-json\/wp\/v2\/pages\/455\/revisions"}],"up":[{"embeddable":true,"href":"https:\/\/www.ilsancristoforo.com\/fr\/wp-json\/wp\/v2\/pages\/454"}],"wp:attachment":[{"href":"https:\/\/www.ilsancristoforo.com\/fr\/wp-json\/wp\/v2\/media?parent=455"}],"curies":[{"name":"wp","href":"https:\/\/api.w.org\/{rel}","templated":true}]}}