{"id":454,"date":"2020-10-19T17:06:17","date_gmt":"2020-10-19T15:06:17","guid":{"rendered":"https:\/\/www.ilsancristoforo.com\/?page_id=454"},"modified":"2021-11-26T17:49:04","modified_gmt":"2021-11-26T16:49:04","slug":"chambres-et-dependance","status":"publish","type":"page","link":"https:\/\/www.ilsancristoforo.com\/fr\/chambres-et-dependance\/","title":{"rendered":"Chambres"},"content":{"rendered":"<p style=\"text-align: center\">Dans la <em>Villa<\/em> principale, il y a les chambres Deluxe, Executive et la Suite Royale, toutes avec vue sur le V\u00e9suve.<\/p>\n<p style=\"text-align: center\">A l&rsquo;int\u00e9rieur du parc se trouve une annexe o\u00f9 a \u00e9t\u00e9 retrouv\u00e9e la statue du saint qui a inspir\u00e9 le nom du Resort.<\/p>\n<p style=\"text-align: center\">On y trouve de <strong>grandes chambres familiales<\/strong> et des <strong>Junior Suites avec terrasses ind\u00e9pendantes<\/strong>, id\u00e9ales pour profiter du calme du parc.<\/p>\n<p style=\"text-align: center\">Les chambres sont \u00e9quip\u00e9es de tout le confort : Wi-Fi gratuit, TV LCD, minibar, ligne de courtoisie, t\u00e9l\u00e9phone, bouilloire, coffre-fort.<\/p>\n<p style=\"text-align: center\"><strong>Meilleur prix, surclassement gratuit<\/strong> et autres r\u00e9servations de soins sp\u00e9ciaux sur notre site Web.<\/p>\n<p style=\"text-align: center\">Pour les <em>Chambres Familiales dans l&rsquo;Annexe pour 4 personnes<\/em>, merci d&rsquo;en faire la demande aupr\u00e8s de notre <a href=\"https:\/\/www.ilsancristoforo.com\/fr\/contacts\/\">service r\u00e9servation<\/a>.<\/p>\n","protected":false},"excerpt":{"rendered":"<p>Dans la Villa principale, il y a les chambres Deluxe, Executive et la Suite Royale, toutes avec vue sur le V\u00e9suve. A l&rsquo;int\u00e9rieur du parc se trouve une annexe o\u00f9 a \u00e9t\u00e9 retrouv\u00e9e la statue du saint qui a inspir\u00e9 le nom du Resort. On y trouve de grandes chambres familiales et des Junior Suites [&hellip;]<\/p>\n","protected":false},"author":13,"featured_media":0,"parent":0,"menu_order":2,"comment_status":"closed","ping_status":"closed","template":"template-rooms.php","meta":{"footnotes":""},"class_list":["post-454","page","type-page","status-publish","hentry"],"yoast_head":"<!-- This site is optimized with the Yoast SEO plugin v26.9 - https:\/\/yoast.com\/product\/yoast-seo-wordpress\/ -->\n<title>Chambres avec vue sur le V\u00e9suve et chambre familiale \u00e0 Herculanum<\/title>\n<meta name=\"description\" content=\"Chambres double, suites chambres familiales pour 4 personnes \u00e9l\u00e9gantes, spacieuses et anim\u00e9es b\u00e9n\u00e9ficient du meilleur confort de l&#039;h\u00f4tel. .\" \/>\n<meta name=\"robots\" content=\"index, follow, max-snippet:-1, max-image-preview:large, max-video-preview:-1\" \/>\n<link rel=\"canonical\" href=\"https:\/\/www.ilsancristoforo.com\/fr\/chambres-et-dependance\/\" \/>\n<meta property=\"og:locale\" content=\"fr_FR\" \/>\n<meta property=\"og:type\" content=\"article\" \/>\n<meta property=\"og:title\" content=\"Chambres avec vue sur le V\u00e9suve et chambre familiale \u00e0 Herculanum\" \/>\n<meta property=\"og:description\" content=\"Chambres double, suites chambres familiales pour 4 personnes \u00e9l\u00e9gantes, spacieuses et anim\u00e9es b\u00e9n\u00e9ficient du meilleur confort de l&#039;h\u00f4tel. .\" \/>\n<meta property=\"og:url\" content=\"https:\/\/www.ilsancristoforo.com\/fr\/chambres-et-dependance\/\" \/>\n<meta property=\"og:site_name\" content=\"Il San Cristoforo\" \/>\n<meta property=\"article:modified_time\" content=\"2021-11-26T16:49:04+00:00\" \/>\n<meta name=\"twitter:card\" content=\"summary_large_image\" \/>\n<meta name=\"twitter:label1\" content=\"Dur\u00e9e de lecture estim\u00e9e\" \/>\n\t<meta name=\"twitter:data1\" content=\"1 minute\" \/>\n<script type=\"application\/ld+json\" class=\"yoast-schema-graph\">{\"@context\":\"https:\/\/schema.org\",\"@graph\":[{\"@type\":\"WebPage\",\"@id\":\"https:\/\/www.ilsancristoforo.com\/fr\/chambres-et-dependance\/\",\"url\":\"https:\/\/www.ilsancristoforo.com\/fr\/chambres-et-dependance\/\",\"name\":\"Chambres avec vue sur le V\u00e9suve et chambre familiale \u00e0 Herculanum\",\"isPartOf\":{\"@id\":\"https:\/\/www.ilsancristoforo.com\/fr\/#website\"},\"datePublished\":\"2020-10-19T15:06:17+00:00\",\"dateModified\":\"2021-11-26T16:49:04+00:00\",\"description\":\"Chambres double, suites chambres familiales pour 4 personnes \u00e9l\u00e9gantes, spacieuses et anim\u00e9es b\u00e9n\u00e9ficient du meilleur confort de l'h\u00f4tel. .\",\"breadcrumb\":{\"@id\":\"https:\/\/www.ilsancristoforo.com\/fr\/chambres-et-dependance\/#breadcrumb\"},\"inLanguage\":\"fr-FR\",\"potentialAction\":[{\"@type\":\"ReadAction\",\"target\":[\"https:\/\/www.ilsancristoforo.com\/fr\/chambres-et-dependance\/\"]}]},{\"@type\":\"BreadcrumbList\",\"@id\":\"https:\/\/www.ilsancristoforo.com\/fr\/chambres-et-dependance\/#breadcrumb\",\"itemListElement\":[{\"@type\":\"ListItem\",\"position\":1,\"name\":\"Home\",\"item\":\"https:\/\/www.ilsancristoforo.com\/fr\/\"},{\"@type\":\"ListItem\",\"position\":2,\"name\":\"Chambres\"}]},{\"@type\":\"WebSite\",\"@id\":\"https:\/\/www.ilsancristoforo.com\/fr\/#website\",\"url\":\"https:\/\/www.ilsancristoforo.com\/fr\/\",\"name\":\"Il San Cristoforo\",\"description\":\"Ecco un altro sito ms.decms.eu\",\"potentialAction\":[{\"@type\":\"SearchAction\",\"target\":{\"@type\":\"EntryPoint\",\"urlTemplate\":\"https:\/\/www.ilsancristoforo.com\/fr\/?s={search_term_string}\"},\"query-input\":{\"@type\":\"PropertyValueSpecification\",\"valueRequired\":true,\"valueName\":\"search_term_string\"}}],\"inLanguage\":\"fr-FR\"}]}<\/script>\n<!-- \/ Yoast SEO plugin. -->","yoast_head_json":{"title":"Chambres avec vue sur le V\u00e9suve et chambre familiale \u00e0 Herculanum","description":"Chambres double, suites chambres familiales pour 4 personnes \u00e9l\u00e9gantes, spacieuses et anim\u00e9es b\u00e9n\u00e9ficient du meilleur confort de l'h\u00f4tel. .","robots":{"index":"index","follow":"follow","max-snippet":"max-snippet:-1","max-image-preview":"max-image-preview:large","max-video-preview":"max-video-preview:-1"},"canonical":"https:\/\/www.ilsancristoforo.com\/fr\/chambres-et-dependance\/","og_locale":"fr_FR","og_type":"article","og_title":"Chambres avec vue sur le V\u00e9suve et chambre familiale \u00e0 Herculanum","og_description":"Chambres double, suites chambres familiales pour 4 personnes \u00e9l\u00e9gantes, spacieuses et anim\u00e9es b\u00e9n\u00e9ficient du meilleur confort de l'h\u00f4tel. .","og_url":"https:\/\/www.ilsancristoforo.com\/fr\/chambres-et-dependance\/","og_site_name":"Il San Cristoforo","article_modified_time":"2021-11-26T16:49:04+00:00","twitter_card":"summary_large_image","twitter_misc":{"Dur\u00e9e de lecture estim\u00e9e":"1 minute"},"schema":{"@context":"https:\/\/schema.org","@graph":[{"@type":"WebPage","@id":"https:\/\/www.ilsancristoforo.com\/fr\/chambres-et-dependance\/","url":"https:\/\/www.ilsancristoforo.com\/fr\/chambres-et-dependance\/","name":"Chambres avec vue sur le V\u00e9suve et chambre familiale \u00e0 Herculanum","isPartOf":{"@id":"https:\/\/www.ilsancristoforo.com\/fr\/#website"},"datePublished":"2020-10-19T15:06:17+00:00","dateModified":"2021-11-26T16:49:04+00:00","description":"Chambres double, suites chambres familiales pour 4 personnes \u00e9l\u00e9gantes, spacieuses et anim\u00e9es b\u00e9n\u00e9ficient du meilleur confort de l'h\u00f4tel. .","breadcrumb":{"@id":"https:\/\/www.ilsancristoforo.com\/fr\/chambres-et-dependance\/#breadcrumb"},"inLanguage":"fr-FR","potentialAction":[{"@type":"ReadAction","target":["https:\/\/www.ilsancristoforo.com\/fr\/chambres-et-dependance\/"]}]},{"@type":"BreadcrumbList","@id":"https:\/\/www.ilsancristoforo.com\/fr\/chambres-et-dependance\/#breadcrumb","itemListElement":[{"@type":"ListItem","position":1,"name":"Home","item":"https:\/\/www.ilsancristoforo.com\/fr\/"},{"@type":"ListItem","position":2,"name":"Chambres"}]},{"@type":"WebSite","@id":"https:\/\/www.ilsancristoforo.com\/fr\/#website","url":"https:\/\/www.ilsancristoforo.com\/fr\/","name":"Il San Cristoforo","description":"Ecco un altro sito ms.decms.eu","potentialAction":[{"@type":"SearchAction","target":{"@type":"EntryPoint","urlTemplate":"https:\/\/www.ilsancristoforo.com\/fr\/?s={search_term_string}"},"query-input":{"@type":"PropertyValueSpecification","valueRequired":true,"valueName":"search_term_string"}}],"inLanguage":"fr-FR"}]}},"acf":[],"_links":{"self":[{"href":"https:\/\/www.ilsancristoforo.com\/fr\/wp-json\/wp\/v2\/pages\/454","targetHints":{"allow":["GET"]}}],"collection":[{"href":"https:\/\/www.ilsancristoforo.com\/fr\/wp-json\/wp\/v2\/pages"}],"about":[{"href":"https:\/\/www.ilsancristoforo.com\/fr\/wp-json\/wp\/v2\/types\/page"}],"author":[{"embeddable":true,"href":"https:\/\/www.ilsancristoforo.com\/fr\/wp-json\/wp\/v2\/users\/13"}],"replies":[{"embeddable":true,"href":"https:\/\/www.ilsancristoforo.com\/fr\/wp-json\/wp\/v2\/comments?post=454"}],"version-history":[{"count":0,"href":"https:\/\/www.ilsancristoforo.com\/fr\/wp-json\/wp\/v2\/pages\/454\/revisions"}],"wp:attachment":[{"href":"https:\/\/www.ilsancristoforo.com\/fr\/wp-json\/wp\/v2\/media?parent=454"}],"curies":[{"name":"wp","href":"https:\/\/api.w.org\/{rel}","templated":true}]}}