{"id":453,"date":"2020-10-19T17:03:49","date_gmt":"2020-10-19T15:03:49","guid":{"rendered":"https:\/\/www.ilsancristoforo.com\/?page_id=453"},"modified":"2020-10-19T17:03:49","modified_gmt":"2020-10-19T15:03:49","slug":"intimite","status":"publish","type":"page","link":"https:\/\/www.ilsancristoforo.com\/fr\/intimite\/","title":{"rendered":"Intimit\u00e9"},"content":{"rendered":"<p>La societ\u00e0 Resort Vesuvio srl con sede in Torre del Greco alla via del Corallo 12, PIVA 04489631210, iscritta nel registro delle Imprese di Napoli Rea n 696702\u00a0 nella persona del suo legale rappresentante p.t., LANGELLA ANNA MARIA, nella qualit\u00e0 di Titolare del trattamento dei Suoi dati personali, ai sensi e per gli effetti del Regolamento Europeo 2016\/679 in materia di Protezione dei Dati Personali, con la presente La informa che la citata normativa prevede la tutela delle persone e di altri soggetti rispetto al trattamento dei dati personali e che tale trattamento sar\u00e0 improntato ai principi di correttezza, liceit\u00e0, trasparenza e di tutela della Sua riservatezza e dei Suoi diritti. I Suoi dati personali verranno trattati in accordo alle disposizioni legislative della normativa sopra richiamata e degli obblighi di riservatezza ivi previsti.<\/p>\n<p><b>Dati di Contatto del Titolare<\/b>: Resort Vesuvio srl con sede in Torre del Greco alla via del Corallo 12, tel 08\/17712292, email: resortvesuvio@libero.it, pec: resortvesuviosrl@pec.it. Il Cliente potr\u00e0 fare riferimento a tali indirizzi al fine di ottenere informazioni e far valere i propri diritti relativi ai propri dati.<\/p>\n<p><b>Categorie di Dati Personali Trattati<\/b>: i dati personali trattati saranno dati comuni.<\/p>\n<p><b>Finalit\u00e0 di trattamento e Base Giuridica<\/b>: i dati, liberamente forniti, saranno trattati per<\/p>\n<ul>\n<li>usufruire dei Servizi e\/o dei Prodotti offerti da Resort Vesuvio srl,<\/li>\n<li>prenotazione\/Organizzazione Eventi<\/li>\n<li>booking on line<\/li>\n<li>ricevere comunicazioni commerciali, come newsletter, e-mail informative e\/o promozionali<\/li>\n<li>pagamento elettronico dei Servizi e Offerte fruite<\/li>\n<li>richieste di informazioni<\/li>\n<li>adempimenti obbligatori per legge in campo fiscale e contabile.<\/li>\n<\/ul>\n<p><b>Modalit\u00e0 del Trattamento dei dati:<\/b>\u00a0 I dati personali potranno essere trattati a mezzo sia di archivi cartacei che informatici (ivi compresi dispositivi portatili) e trattati con modalit\u00e0 strettamente necessarie a far fronte alle finalit\u00e0 sopra indicate.<\/p>\n<p>Il trattamento dei dati verr\u00e0 utilizzato da soggetti all\u2019uopo nominati incaricati e responsabili del trattamento, adeguatamente formati ed informati, costantemente identificati. Alcune operazioni di trattamento potranno essere svolte da Soggetti Terzi nominati responsabili di specifico trattamento per conto della Resort Vesuvio srl. I dati comunque sono trattati e conservati presso la sede della Societ\u00e0 Resort Vesuvio srl.<\/p>\n<p>I dati potranno essere comunicati a:<\/p>\n<p>&#8211; consulenti e commercialisti o altri legali che eroghino prestazioni funzionali ai fini sopra indicati;<\/p>\n<p>&#8211; istituti bancari e assicurativi che eroghino prestazioni funzionali ai fini sopra indicati;<\/p>\n<p>&#8211; soggetti che elaborano i dati in esecuzione di specifici obblighi di legge;<\/p>\n<p>Resort Vesuvio srl potr\u00e0 intervenire sui dati nonch\u00e8 su ogni ulteriore informazione relativa al Cliente ove ritenga in buona fede che tale attivit\u00e0 sia necessaria per :<\/p>\n<ul>\n<li>Tutelare gli interessi della soc. Resort Vesuvio srl e\/o eventuali altre societ\u00e0 collegate e\/o colleganti e\/o terzi;<\/li>\n<li>Conformarsi a prescrizioni di legge o a provvedimenti di qualunque autorit\u00e0 competente;<\/li>\n<li>Supportare le competenti autorit\u00e0 nelle attivit\u00e0 di repressioni di illeciti;<\/li>\n<li>Far valere i propri diritti in ogni sede, stato, grado ed erga omnes;<\/li>\n<li>Difendersi da contestazioni di terzi che asseriscano che qualunque azione e\/o omissione dell\u2019utente in ogni modo posta in essere tramite i Servizi e\/o conseguentemente all\u2019uso dei Servizi viola i loro diritti.<\/li>\n<\/ul>\n<p><b>Diritti del Cliente:<\/b> Il cliente ha diritto di ottenere<\/p>\n<ul>\n<li>L\u2019aggiornamento , la rettificazione ovvero l\u2019integrazione dei dati;<\/li>\n<li>La cancellazione la trasformazione o il blocco dei dati trattati in violazione di legge, compresi quelli di cui non \u00e8 necessaria la conservazione in relazione agli scopi per i quali sono stati raccolti o trattati i dati;<\/li>\n<\/ul>\n<p>Il cliente ha il diritto di opporsi in tutto o in parte:<\/p>\n<ul>\n<li>per motivi legittimi al trattamento dei dati personali che lo riguardano, ancorch\u00e8 pertinenti allo scopo della raccolta;<\/li>\n<li>al trattamento dei dati personali che lo riguardano a fini di invio di materiale pubblicitario o di vendita diretta o per il compimento di ricerche di mercato o di comunicazione commerciale.<\/li>\n<\/ul>\n<p><b>Sicurezza dei dati personali : <\/b>I dati oggetto di trattamento, mediante l\u2019adozione di tutte le misure di sicurezza: minime, idonee, nuove, saranno custoditi in modo da ridurre al minimo i rischi di distruzione o perdita<b>, <\/b>anche accidentale, dei dati stessi, di accesso non autorizzato o di trattamento non consentito o non conforme alle finalit\u00e0 della raccolta.<\/p>\n<p><b>Conseguenze della mancata comunicazione dei dati personali : <\/b>La mancata comunicazione dei dati personali impedisce alla Societ\u00e0 Resort Vesuvio srl di fornire i propri servizi al Cliente, pertanto,\u00a0 impedisce il perfezionarsi del rapporto contrattuale stesso.<\/p>\n<p><b>Dati di navigazione : <\/b>La societ\u00e0 Resort Vesuvio srl proprietaria del Luxury Resort Il San Cristoforo nonch\u00e9 del sito internet \u201c<a href=\"http:\/\/www.ilsancristoforo.it\/\">http:\/\/www.ilsancristoforo.it\/<\/a>\u201d\u00a0 segnala che durante la navigazione sul sito \u00e8 previsto l\u2019utilizzo di cookie.<\/p>\n<p>Tali cookie sono utilizzati quando si condividono informazioni utilizzando i tasti di condivisione con i social media o i \u201clike\u201d nei nostri Siti, per visualizzare video erogati dalla piattaforma Youtube o nel caso in cui tu abbia collegato il tuo account o utilizzi i nostri contenuti su o attraverso un social network.<\/p>\n<p>Tali dati possono essere connessi ad attivit\u00e0 pubblicitarie.<br \/>\nSi pu\u00f2 consentire o meno l\u2019installazione dei cookie attraverso le funzionalit\u00e0 del\u00a0 computer. Tuttavia, non tutte le funzionalit\u00e0 di questo Sito potrebbero restare operative nel caso uno o \u00a0pi\u00f9 cookie venissero disabilitati (alcuni cookie sono indispensabili per le funzionalit\u00e0 di base del Sito). \u00a0Le impostazioni relative a tale scelta possono essere verificate e modificate \u00a0nella finestra delle preferenze del browser.<\/p>\n<p><b>Conferimento dei dati: <\/b>I dati personali conferiti da parte dell\u2019utente nei Form di registrazione presenti su questo sito comporta la successiva acquisizione dei dati forniti dal mittente, necessari per l\u2019erogazione del servizio e porre in essere operazioni di autorizzazione, abilitazione e personalizzazione degli accessi alle varie aree e relativi contenuti del sito web.<br \/>\nInoltre, Resort Vesuvio srl acquisisce i dati necessari per dare esecuzione agli obblighi contrattuali assunti nei confronti dei Clienti e derivanti dalle operazioni di prenotazione e di acquisto di soggiorni presso le proprie strutture e per offrire agli stessi servizi ed informazioni. L\u2019esecuzione di questi obblighi comporta, necessariamente, che a tali dati abbiano accesso pi\u00f9 soggetti, come ad esempio, gli addetti alle funzioni operative e commerciali di Resort Vesuvio srl, nonch\u00e9 eventuali addetti di societ\u00e0 terze fornitrici di servizi all\u2019uopo incaricate. Resort Vesuvio srl utilizza i dati personali raccolti on \u2013 line allo scopo di offrire prodotti e servizi, controllare il sistema degli accessi autorizzati per monitorare la sicurezza dei dati, valutare proposte di lavoro inoltrate dai candidati (CV); solo su specifica richiesta dell\u2019interessato, mediante modulo di iscrizione on line, mediante modulo cartaceo o spontaneo invio di informazioni a Resort Vesuvio srl, quest\u2019ultima sottopone offerte di tipo commerciale, di rilevazione della customer satisfaction e pu\u00f2 promuove iniziative di marketing tramite una sua propria \u201cNewsletter\u201d o attraverso altre possibili iniziative attuate con l\u2019utilizzo di strumentazione e tecnologia all\u2019uopo identificate.<\/p>\n<p><b>Tempo<\/b> <b>di conservazione dei dati: <\/b>\u00a0i dati, oggetto di trattamento per le finalit\u00e0 sopra indicate, saranno conservati per il periodo di durata del contratto e, successivamente, per il tempo in cui la societ\u00e0 sia soggetta a obblighi di conservazione\u00a0 per finalit\u00e0 fiscali o per altre finalit\u00e0,previsti, da norme di legge o regolamento.<\/p>\n<p><b>Modifiche alla Privacy Policy: <\/b>La Privacy Policy di Resort Vesuvio srl pu\u00f2 essere aggiornata e\/o modificata anche al fine di recepire e\/o conformarsi a normative nazionali, comunitarie, internazionali o per adeguarsi ad intervenute innovazioni tecnologiche. Gli aggiornamenti e\/o le modifiche che saranno apportate alla presente Privacy Policy saranno riportati in questa pagina web, e rese costantemente visibili attraverso il collegamento ipertestuale esistente nei siti della Resort Vesuvio srl, in modo che gli interessati possano essere pienamente informati in merito all\u2019utilizzo che \u00e8 fatto dei propri dati personali forniti attraverso il sito web di cui Resort Vesuvio srl \u00e8 titolare. Si raccomanda di prendere visione di tale Policy ogni volta che viene visitato un sito web della Resort Vesuvio srl.<\/p>\n","protected":false},"excerpt":{"rendered":"<p>La societ\u00e0 Resort Vesuvio srl con sede in Torre del Greco alla via del Corallo 12, PIVA 04489631210, iscritta nel registro delle Imprese di Napoli Rea n 696702\u00a0 nella persona del suo legale rappresentante p.t., LANGELLA ANNA MARIA, nella qualit\u00e0 di Titolare del trattamento dei Suoi dati personali, ai sensi e per gli effetti del [&hellip;]<\/p>\n","protected":false},"author":13,"featured_media":0,"parent":0,"menu_order":11,"comment_status":"closed","ping_status":"closed","template":"","meta":{"footnotes":""},"class_list":["post-453","page","type-page","status-publish","hentry"],"yoast_head":"<!-- This site is optimized with the Yoast SEO plugin v26.9 - https:\/\/yoast.com\/product\/yoast-seo-wordpress\/ -->\n<title>Intimit\u00e9 - Il San Cristoforo<\/title>\n<meta name=\"robots\" content=\"index, follow, max-snippet:-1, max-image-preview:large, max-video-preview:-1\" \/>\n<link rel=\"canonical\" href=\"https:\/\/www.ilsancristoforo.com\/fr\/intimite\/\" \/>\n<meta property=\"og:locale\" content=\"fr_FR\" \/>\n<meta property=\"og:type\" content=\"article\" \/>\n<meta property=\"og:title\" content=\"Intimit\u00e9 - Il San Cristoforo\" \/>\n<meta property=\"og:description\" content=\"La societ\u00e0 Resort Vesuvio srl con sede in Torre del Greco alla via del Corallo 12, PIVA 04489631210, iscritta nel registro delle Imprese di Napoli Rea n 696702\u00a0 nella persona del suo legale rappresentante p.t., LANGELLA ANNA MARIA, nella qualit\u00e0 di Titolare del trattamento dei Suoi dati personali, ai sensi e per gli effetti del [&hellip;]\" \/>\n<meta property=\"og:url\" content=\"https:\/\/www.ilsancristoforo.com\/fr\/intimite\/\" \/>\n<meta property=\"og:site_name\" content=\"Il San Cristoforo\" \/>\n<meta name=\"twitter:card\" content=\"summary_large_image\" \/>\n<meta name=\"twitter:label1\" content=\"Dur\u00e9e de lecture estim\u00e9e\" \/>\n\t<meta name=\"twitter:data1\" content=\"6 minutes\" \/>\n<script type=\"application\/ld+json\" class=\"yoast-schema-graph\">{\"@context\":\"https:\/\/schema.org\",\"@graph\":[{\"@type\":\"WebPage\",\"@id\":\"https:\/\/www.ilsancristoforo.com\/fr\/intimite\/\",\"url\":\"https:\/\/www.ilsancristoforo.com\/fr\/intimite\/\",\"name\":\"Intimit\u00e9 - Il San Cristoforo\",\"isPartOf\":{\"@id\":\"https:\/\/www.ilsancristoforo.com\/fr\/#website\"},\"datePublished\":\"2020-10-19T15:03:49+00:00\",\"breadcrumb\":{\"@id\":\"https:\/\/www.ilsancristoforo.com\/fr\/intimite\/#breadcrumb\"},\"inLanguage\":\"fr-FR\",\"potentialAction\":[{\"@type\":\"ReadAction\",\"target\":[\"https:\/\/www.ilsancristoforo.com\/fr\/intimite\/\"]}]},{\"@type\":\"BreadcrumbList\",\"@id\":\"https:\/\/www.ilsancristoforo.com\/fr\/intimite\/#breadcrumb\",\"itemListElement\":[{\"@type\":\"ListItem\",\"position\":1,\"name\":\"Home\",\"item\":\"https:\/\/www.ilsancristoforo.com\/fr\/\"},{\"@type\":\"ListItem\",\"position\":2,\"name\":\"Intimit\u00e9\"}]},{\"@type\":\"WebSite\",\"@id\":\"https:\/\/www.ilsancristoforo.com\/fr\/#website\",\"url\":\"https:\/\/www.ilsancristoforo.com\/fr\/\",\"name\":\"Il San Cristoforo\",\"description\":\"Ecco un altro sito ms.decms.eu\",\"potentialAction\":[{\"@type\":\"SearchAction\",\"target\":{\"@type\":\"EntryPoint\",\"urlTemplate\":\"https:\/\/www.ilsancristoforo.com\/fr\/?s={search_term_string}\"},\"query-input\":{\"@type\":\"PropertyValueSpecification\",\"valueRequired\":true,\"valueName\":\"search_term_string\"}}],\"inLanguage\":\"fr-FR\"}]}<\/script>\n<!-- \/ Yoast SEO plugin. -->","yoast_head_json":{"title":"Intimit\u00e9 - Il San Cristoforo","robots":{"index":"index","follow":"follow","max-snippet":"max-snippet:-1","max-image-preview":"max-image-preview:large","max-video-preview":"max-video-preview:-1"},"canonical":"https:\/\/www.ilsancristoforo.com\/fr\/intimite\/","og_locale":"fr_FR","og_type":"article","og_title":"Intimit\u00e9 - Il San Cristoforo","og_description":"La societ\u00e0 Resort Vesuvio srl con sede in Torre del Greco alla via del Corallo 12, PIVA 04489631210, iscritta nel registro delle Imprese di Napoli Rea n 696702\u00a0 nella persona del suo legale rappresentante p.t., LANGELLA ANNA MARIA, nella qualit\u00e0 di Titolare del trattamento dei Suoi dati personali, ai sensi e per gli effetti del [&hellip;]","og_url":"https:\/\/www.ilsancristoforo.com\/fr\/intimite\/","og_site_name":"Il San Cristoforo","twitter_card":"summary_large_image","twitter_misc":{"Dur\u00e9e de lecture estim\u00e9e":"6 minutes"},"schema":{"@context":"https:\/\/schema.org","@graph":[{"@type":"WebPage","@id":"https:\/\/www.ilsancristoforo.com\/fr\/intimite\/","url":"https:\/\/www.ilsancristoforo.com\/fr\/intimite\/","name":"Intimit\u00e9 - Il San Cristoforo","isPartOf":{"@id":"https:\/\/www.ilsancristoforo.com\/fr\/#website"},"datePublished":"2020-10-19T15:03:49+00:00","breadcrumb":{"@id":"https:\/\/www.ilsancristoforo.com\/fr\/intimite\/#breadcrumb"},"inLanguage":"fr-FR","potentialAction":[{"@type":"ReadAction","target":["https:\/\/www.ilsancristoforo.com\/fr\/intimite\/"]}]},{"@type":"BreadcrumbList","@id":"https:\/\/www.ilsancristoforo.com\/fr\/intimite\/#breadcrumb","itemListElement":[{"@type":"ListItem","position":1,"name":"Home","item":"https:\/\/www.ilsancristoforo.com\/fr\/"},{"@type":"ListItem","position":2,"name":"Intimit\u00e9"}]},{"@type":"WebSite","@id":"https:\/\/www.ilsancristoforo.com\/fr\/#website","url":"https:\/\/www.ilsancristoforo.com\/fr\/","name":"Il San Cristoforo","description":"Ecco un altro sito ms.decms.eu","potentialAction":[{"@type":"SearchAction","target":{"@type":"EntryPoint","urlTemplate":"https:\/\/www.ilsancristoforo.com\/fr\/?s={search_term_string}"},"query-input":{"@type":"PropertyValueSpecification","valueRequired":true,"valueName":"search_term_string"}}],"inLanguage":"fr-FR"}]}},"acf":[],"_links":{"self":[{"href":"https:\/\/www.ilsancristoforo.com\/fr\/wp-json\/wp\/v2\/pages\/453","targetHints":{"allow":["GET"]}}],"collection":[{"href":"https:\/\/www.ilsancristoforo.com\/fr\/wp-json\/wp\/v2\/pages"}],"about":[{"href":"https:\/\/www.ilsancristoforo.com\/fr\/wp-json\/wp\/v2\/types\/page"}],"author":[{"embeddable":true,"href":"https:\/\/www.ilsancristoforo.com\/fr\/wp-json\/wp\/v2\/users\/13"}],"replies":[{"embeddable":true,"href":"https:\/\/www.ilsancristoforo.com\/fr\/wp-json\/wp\/v2\/comments?post=453"}],"version-history":[{"count":0,"href":"https:\/\/www.ilsancristoforo.com\/fr\/wp-json\/wp\/v2\/pages\/453\/revisions"}],"wp:attachment":[{"href":"https:\/\/www.ilsancristoforo.com\/fr\/wp-json\/wp\/v2\/media?parent=453"}],"curies":[{"name":"wp","href":"https:\/\/api.w.org\/{rel}","templated":true}]}}