{"id":452,"date":"2020-10-19T17:03:27","date_gmt":"2020-10-19T15:03:27","guid":{"rendered":"https:\/\/www.ilsancristoforo.com\/?page_id=452"},"modified":"2025-08-05T14:09:55","modified_gmt":"2025-08-05T12:09:55","slug":"contacts","status":"publish","type":"page","link":"https:\/\/www.ilsancristoforo.com\/fr\/contacts\/","title":{"rendered":"Contacts"},"content":{"rendered":"<p style=\"text-align: center\">Via Benedetto Cozzolino, 29\/H80056 Ercolano (Na) Italia<\/p>\n<p style=\"text-align: center\"><em>CIN: IT0630064B5KZ5HR9FI<\/em><\/p>\n<p style=\"text-align: center\">R\u00e9servations: +39 \u202d081 7712292<br \/>\nemail Resort: <a href=\"mailto:info@ilsancristoforo.it\">info@ilsancristoforo.it<\/a><\/p>\n<p style=\"text-align: center\">pour les demandes de congr\u00e8s et r\u00e9unions d&rsquo;affaires: <a href=\"mailto:business@ilsancristoforo.it\">business@ilsancristoforo.it<\/a><br \/>\npour les r\u00e9servations individuelles et de groupe: <a href=\"mailto:booking@ilsancristoforo.it\">booking@ilsancristoforo.it<\/a><\/p>\n<p>&nbsp;<\/p>\n<p>&nbsp;<\/p>\n\n                <div class='gf_browser_gecko gform_wrapper' id='gform_wrapper_3' ><form method='post' enctype='multipart\/form-data'  id='gform_3'  action='\/fr\/wp-json\/wp\/v2\/pages\/452'>\n                        <div class='gform_heading'>\n                            <h3 class='gform_title'>Nous contacter<\/h3>\n                            <span class='gform_description'><\/span>\n                        <\/div>\n                        <div class='gform_body'><ul id='gform_fields_3' class='gform_fields top_label form_sublabel_below description_below'><li id='field_3_1'  class='gfield gfield_contains_required field_sublabel_below field_description_below gfield_visibility_visible' ><label class='gfield_label gfield_label_before_complex'  >Nom<span class='gfield_required'>*<\/span><\/label><div class='ginput_complex ginput_container no_prefix has_first_name no_middle_name has_last_name no_suffix gf_name_has_2 ginput_container_name' id='input_3_1'>\n                            \n                            <span id='input_3_1_3_container' class='name_first' >\n                                                    <input type='text' name='input_1.3' id='input_3_1_3' value='' aria-label='First name'   aria-required=\"true\" aria-invalid=\"false\" placeholder='Nom'\/>\n                                                    <label for='input_3_1_3' >Nom<\/label>\n                                                <\/span>\n                            \n                            <span id='input_3_1_6_container' class='name_last' >\n                                                    <input type='text' name='input_1.6' id='input_3_1_6' value='' aria-label='Last name'   aria-required=\"true\" aria-invalid=\"false\" placeholder='Pr\u00e9nom'\/>\n                                                    <label for='input_3_1_6' >Pr\u00e9nom<\/label>\n                                                <\/span>\n                            \n                        <\/div><\/li><li id='field_3_2'  class='gfield field_sublabel_below field_description_below gfield_visibility_visible' ><label class='gfield_label' for='input_3_2' >T\u00e9l\u00e9phone<\/label><div class='ginput_container ginput_container_phone'><input name='input_2' id='input_3_2' type='text' value='' class='medium'  placeholder='T\u00e9l\u00e9phone'  aria-invalid=\"false\"  \/><\/div><\/li><li id='field_3_3'  class='gfield gfield_contains_required field_sublabel_below field_description_below gfield_visibility_visible' ><label class='gfield_label' for='input_3_3' >Email<span class='gfield_required'>*<\/span><\/label><div class='ginput_container ginput_container_email'>\n                            <input name='input_3' id='input_3_3' type='text' value='' class='medium'   placeholder='Email' aria-required=\"true\" aria-invalid=\"false\" \/>\n                        <\/div><\/li><li id='field_3_4'  class='gfield gfield_contains_required field_sublabel_below field_description_below gfield_visibility_visible' ><label class='gfield_label' for='input_3_4' >Message<span class='gfield_required'>*<\/span><\/label><div class='ginput_container ginput_container_textarea'><textarea name='input_4' id='input_3_4' class='textarea medium'    placeholder='Ecrivez votre message ici...' aria-required=\"true\" aria-invalid=\"false\"   rows='10' cols='50'><\/textarea><\/div><\/li><li id='field_3_6'  class='gfield gfield_contains_required field_sublabel_below field_description_below gfield_visibility_visible' ><label class='gfield_label'  >Privacy<span class='gfield_required'>*<\/span><\/label><div class='ginput_container ginput_container_checkbox'><ul class='gfield_checkbox' id='input_3_6'><li class='gchoice_3_6_1'>\n\t\t\t\t\t\t\t\t<input name='input_6.1' type='checkbox'  value='J&#039;autorise le traitement des donn\u00e9es. &lt;a href=&quot;\/fr\/privacy&quot; target=&quot;_blank&quot;&gt;Plus d&#039;informations&lt;\/a&gt;'  id='choice_3_6_1'   \/>\n\t\t\t\t\t\t\t\t<label for='choice_3_6_1' id='label_3_6_1'>J'autorise le traitement des donn\u00e9es. <a href=\"\/fr\/privacy\" target=\"_blank\">Plus d'informations<\/a><\/label>\n\t\t\t\t\t\t\t<\/li><\/ul><\/div><\/li><li id='field_3_5'  class='gfield field_sublabel_below field_description_below gfield_visibility_visible' ><label class='gfield_label' for='input_3_5' >CAPTCHA<\/label><div id='input_3_5' class='ginput_container ginput_recaptcha' data-sitekey='6Lf_ON0UAAAAAIFRnRNHu9-jqpQnPapaxLhQlph3'  data-theme='light' data-tabindex='0'  data-badge=''><\/div><\/li>\n                            <\/ul><\/div>\n        <div class='gform_footer top_label'> <input type='submit' id='gform_submit_button_3' class='gform_button button' value='Soumettre'  onclick='if(window[\"gf_submitting_3\"]){return false;}  window[\"gf_submitting_3\"]=true;  ' onkeypress='if( event.keyCode == 13 ){ if(window[\"gf_submitting_3\"]){return false;} window[\"gf_submitting_3\"]=true;  jQuery(\"#gform_3\").trigger(\"submit\",[true]); }' \/> \n            <input type='hidden' class='gform_hidden' name='is_submit_3' value='1' \/>\n            <input type='hidden' class='gform_hidden' name='gform_submit' value='3' \/>\n            \n            <input type='hidden' class='gform_hidden' name='gform_unique_id' value='' \/>\n            <input type='hidden' class='gform_hidden' name='state_3' value='WyJbXSIsIjMzYmYyMWNkYTJhNzA4YTM1YzdlNzFmY2RiNzcyYTQwIl0=' \/>\n            <input type='hidden' class='gform_hidden' name='gform_target_page_number_3' id='gform_target_page_number_3' value='0' \/>\n            <input type='hidden' class='gform_hidden' name='gform_source_page_number_3' id='gform_source_page_number_3' value='1' \/>\n            <input type='hidden' name='gform_field_values' value='' \/>\n            \n        <\/div>\n                        <\/form>\n                        <\/div>\n","protected":false},"excerpt":{"rendered":"<p>Via Benedetto Cozzolino, 29\/H80056 Ercolano (Na) Italia CIN: IT0630064B5KZ5HR9FI R\u00e9servations: +39 \u202d081 7712292 email Resort: info@ilsancristoforo.it pour les demandes de congr\u00e8s et r\u00e9unions d&rsquo;affaires: business@ilsancristoforo.it pour les r\u00e9servations individuelles et de groupe: booking@ilsancristoforo.it &nbsp; &nbsp;<\/p>\n","protected":false},"author":13,"featured_media":0,"parent":0,"menu_order":10,"comment_status":"closed","ping_status":"closed","template":"","meta":{"footnotes":""},"class_list":["post-452","page","type-page","status-publish","hentry"],"yoast_head":"<!-- This site is optimized with the Yoast SEO plugin v26.9 - https:\/\/yoast.com\/product\/yoast-seo-wordpress\/ -->\n<title>Contacts - Il San Cristoforo<\/title>\n<meta name=\"robots\" content=\"index, follow, max-snippet:-1, max-image-preview:large, max-video-preview:-1\" \/>\n<link rel=\"canonical\" href=\"https:\/\/www.ilsancristoforo.com\/fr\/contacts\/\" \/>\n<meta property=\"og:locale\" content=\"fr_FR\" \/>\n<meta property=\"og:type\" content=\"article\" \/>\n<meta property=\"og:title\" content=\"Contacts - Il San Cristoforo\" \/>\n<meta property=\"og:description\" content=\"Via Benedetto Cozzolino, 29\/H80056 Ercolano (Na) Italia CIN: IT0630064B5KZ5HR9FI R\u00e9servations: +39 \u202d081 7712292 email Resort: info@ilsancristoforo.it pour les demandes de congr\u00e8s et r\u00e9unions d&rsquo;affaires: business@ilsancristoforo.it pour les r\u00e9servations individuelles et de groupe: booking@ilsancristoforo.it &nbsp; &nbsp;\" \/>\n<meta property=\"og:url\" content=\"https:\/\/www.ilsancristoforo.com\/fr\/contacts\/\" \/>\n<meta property=\"og:site_name\" content=\"Il San Cristoforo\" \/>\n<meta property=\"article:modified_time\" content=\"2025-08-05T12:09:55+00:00\" \/>\n<meta name=\"twitter:card\" content=\"summary_large_image\" \/>\n<meta name=\"twitter:label1\" content=\"Dur\u00e9e de lecture estim\u00e9e\" \/>\n\t<meta name=\"twitter:data1\" content=\"1 minute\" \/>\n<script type=\"application\/ld+json\" class=\"yoast-schema-graph\">{\"@context\":\"https:\/\/schema.org\",\"@graph\":[{\"@type\":\"WebPage\",\"@id\":\"https:\/\/www.ilsancristoforo.com\/fr\/contacts\/\",\"url\":\"https:\/\/www.ilsancristoforo.com\/fr\/contacts\/\",\"name\":\"Contacts - Il San Cristoforo\",\"isPartOf\":{\"@id\":\"https:\/\/www.ilsancristoforo.com\/fr\/#website\"},\"datePublished\":\"2020-10-19T15:03:27+00:00\",\"dateModified\":\"2025-08-05T12:09:55+00:00\",\"breadcrumb\":{\"@id\":\"https:\/\/www.ilsancristoforo.com\/fr\/contacts\/#breadcrumb\"},\"inLanguage\":\"fr-FR\",\"potentialAction\":[{\"@type\":\"ReadAction\",\"target\":[\"https:\/\/www.ilsancristoforo.com\/fr\/contacts\/\"]}]},{\"@type\":\"BreadcrumbList\",\"@id\":\"https:\/\/www.ilsancristoforo.com\/fr\/contacts\/#breadcrumb\",\"itemListElement\":[{\"@type\":\"ListItem\",\"position\":1,\"name\":\"Home\",\"item\":\"https:\/\/www.ilsancristoforo.com\/fr\/\"},{\"@type\":\"ListItem\",\"position\":2,\"name\":\"Contacts\"}]},{\"@type\":\"WebSite\",\"@id\":\"https:\/\/www.ilsancristoforo.com\/fr\/#website\",\"url\":\"https:\/\/www.ilsancristoforo.com\/fr\/\",\"name\":\"Il San Cristoforo\",\"description\":\"Ecco un altro sito ms.decms.eu\",\"potentialAction\":[{\"@type\":\"SearchAction\",\"target\":{\"@type\":\"EntryPoint\",\"urlTemplate\":\"https:\/\/www.ilsancristoforo.com\/fr\/?s={search_term_string}\"},\"query-input\":{\"@type\":\"PropertyValueSpecification\",\"valueRequired\":true,\"valueName\":\"search_term_string\"}}],\"inLanguage\":\"fr-FR\"}]}<\/script>\n<!-- \/ Yoast SEO plugin. -->","yoast_head_json":{"title":"Contacts - Il San Cristoforo","robots":{"index":"index","follow":"follow","max-snippet":"max-snippet:-1","max-image-preview":"max-image-preview:large","max-video-preview":"max-video-preview:-1"},"canonical":"https:\/\/www.ilsancristoforo.com\/fr\/contacts\/","og_locale":"fr_FR","og_type":"article","og_title":"Contacts - Il San Cristoforo","og_description":"Via Benedetto Cozzolino, 29\/H80056 Ercolano (Na) Italia CIN: IT0630064B5KZ5HR9FI R\u00e9servations: +39 \u202d081 7712292 email Resort: info@ilsancristoforo.it pour les demandes de congr\u00e8s et r\u00e9unions d&rsquo;affaires: business@ilsancristoforo.it pour les r\u00e9servations individuelles et de groupe: booking@ilsancristoforo.it &nbsp; &nbsp;","og_url":"https:\/\/www.ilsancristoforo.com\/fr\/contacts\/","og_site_name":"Il San Cristoforo","article_modified_time":"2025-08-05T12:09:55+00:00","twitter_card":"summary_large_image","twitter_misc":{"Dur\u00e9e de lecture estim\u00e9e":"1 minute"},"schema":{"@context":"https:\/\/schema.org","@graph":[{"@type":"WebPage","@id":"https:\/\/www.ilsancristoforo.com\/fr\/contacts\/","url":"https:\/\/www.ilsancristoforo.com\/fr\/contacts\/","name":"Contacts - Il San Cristoforo","isPartOf":{"@id":"https:\/\/www.ilsancristoforo.com\/fr\/#website"},"datePublished":"2020-10-19T15:03:27+00:00","dateModified":"2025-08-05T12:09:55+00:00","breadcrumb":{"@id":"https:\/\/www.ilsancristoforo.com\/fr\/contacts\/#breadcrumb"},"inLanguage":"fr-FR","potentialAction":[{"@type":"ReadAction","target":["https:\/\/www.ilsancristoforo.com\/fr\/contacts\/"]}]},{"@type":"BreadcrumbList","@id":"https:\/\/www.ilsancristoforo.com\/fr\/contacts\/#breadcrumb","itemListElement":[{"@type":"ListItem","position":1,"name":"Home","item":"https:\/\/www.ilsancristoforo.com\/fr\/"},{"@type":"ListItem","position":2,"name":"Contacts"}]},{"@type":"WebSite","@id":"https:\/\/www.ilsancristoforo.com\/fr\/#website","url":"https:\/\/www.ilsancristoforo.com\/fr\/","name":"Il San Cristoforo","description":"Ecco un altro sito ms.decms.eu","potentialAction":[{"@type":"SearchAction","target":{"@type":"EntryPoint","urlTemplate":"https:\/\/www.ilsancristoforo.com\/fr\/?s={search_term_string}"},"query-input":{"@type":"PropertyValueSpecification","valueRequired":true,"valueName":"search_term_string"}}],"inLanguage":"fr-FR"}]}},"acf":[],"_links":{"self":[{"href":"https:\/\/www.ilsancristoforo.com\/fr\/wp-json\/wp\/v2\/pages\/452","targetHints":{"allow":["GET"]}}],"collection":[{"href":"https:\/\/www.ilsancristoforo.com\/fr\/wp-json\/wp\/v2\/pages"}],"about":[{"href":"https:\/\/www.ilsancristoforo.com\/fr\/wp-json\/wp\/v2\/types\/page"}],"author":[{"embeddable":true,"href":"https:\/\/www.ilsancristoforo.com\/fr\/wp-json\/wp\/v2\/users\/13"}],"replies":[{"embeddable":true,"href":"https:\/\/www.ilsancristoforo.com\/fr\/wp-json\/wp\/v2\/comments?post=452"}],"version-history":[{"count":0,"href":"https:\/\/www.ilsancristoforo.com\/fr\/wp-json\/wp\/v2\/pages\/452\/revisions"}],"wp:attachment":[{"href":"https:\/\/www.ilsancristoforo.com\/fr\/wp-json\/wp\/v2\/media?parent=452"}],"curies":[{"name":"wp","href":"https:\/\/api.w.org\/{rel}","templated":true}]}}