{"id":448,"date":"2020-10-19T16:53:45","date_gmt":"2020-10-19T14:53:45","guid":{"rendered":"https:\/\/www.ilsancristoforo.com\/?page_id=448"},"modified":"2020-10-26T12:30:17","modified_gmt":"2020-10-26T11:30:17","slug":"visitez-pompei-fouilles-archeologiques","status":"publish","type":"page","link":"https:\/\/www.ilsancristoforo.com\/fr\/vesuve-et-ses-environs\/visitez-pompei-fouilles-archeologiques\/","title":{"rendered":"Visitez Pomp\u00e9i"},"content":{"rendered":"<p>Les fouilles arch\u00e9ologiques de Pomp\u00e9i ont livr\u00e9 les restes de l&rsquo;ancienne ville de Pomp\u00e9i, pr\u00e8s de la colline de Civita, enterr\u00e9s sous une couverture de cendres et de lave lors de l&rsquo;\u00e9ruption du V\u00e9suve en 79 apr\u00e8s JC, avec Herculanum, Stabiae et Oplonti.<\/p>\n<p>Une fois arriv\u00e9s \u00e0 l&rsquo;arr\u00eat \u00abPompei Scavi &#8211; Villa dei Misteri\u00bb, les visiteurs peuvent se promener \u00e0 la billetterie, puis plonger dans le pass\u00e9 le long des anciennes rues de Pomp\u00e9i, visiter le th\u00e9\u00e2tre, l&rsquo;amphith\u00e9\u00e2tre, les bains, les maisons dont des patriciens romains avant la formidable \u00e9ruption de 79 apr\u00e8s JC et les magnifiques fresques qui les d\u00e9corent.<\/p>\n<p>Les fouilles ont commenc\u00e9 sous le r\u00e8gne de Charles III di Borbone, l&rsquo;un des meilleurs exemples de la vie romaine, ainsi que les villes les mieux pr\u00e9serv\u00e9es de cette \u00e9poque; La plupart des trouvailles r\u00e9cup\u00e9r\u00e9es (en plus des meubles simples tous les jours, m\u00eame des fresques, des mosa\u00efques et des statues), sont maintenant conserv\u00e9es au Mus\u00e9e Arch\u00e9ologique National de Naples et en petites quantit\u00e9s \u00e0 l&rsquo;Antiquarium de Pomp\u00e9i.<\/p>\n<p>La quantit\u00e9 consid\u00e9rable de trouvailles \u00e9tait inestimable pour comprendre les usages, les coutumes, les habitudes alimentaires et l&rsquo;art de vivre d&rsquo;il y a plus de deux mill\u00e9naires. Le site de Pomp\u00e9i, dans la premi\u00e8re d\u00e9cennie du nouveau mill\u00e9naire, a \u00e9t\u00e9 constamment visit\u00e9 par plus de deux millions de personnes par an, est le deuxi\u00e8me site arch\u00e9ologique italien pour le nombre de visiteurs (pr\u00e9c\u00e9d\u00e9 uniquement par le syst\u00e8me mus\u00e9al qui comprend le Colis\u00e9e, Foro Romano et Palatino).<\/p>\n<p>En 1997, afin de pr\u00e9server l&rsquo;int\u00e9grit\u00e9 et de souligner son importance, les ruines, d\u00e9sormais g\u00e9r\u00e9es par la Surintendance sp\u00e9ciale du patrimoine arch\u00e9ologique de Naples et de Pomp\u00e9i, ainsi que celles d&rsquo;Herculanum et d&rsquo;Oplontis, sont devenues une partie de la liste du patrimoine mondial de l&rsquo;UNESCO Site pour l&rsquo;humanit\u00e9.<\/p>\n<p>R\u00e9servez votre billet directement sur le site officiel de Pomp\u00e9i<\/p>\n","protected":false},"excerpt":{"rendered":"<p>Les fouilles arch\u00e9ologiques de Pomp\u00e9i ont livr\u00e9 les restes de l&rsquo;ancienne ville de Pomp\u00e9i, pr\u00e8s de la colline de Civita, enterr\u00e9s sous une couverture de cendres et de lave lors de l&rsquo;\u00e9ruption du V\u00e9suve en 79 apr\u00e8s JC, avec Herculanum, Stabiae et Oplonti. Une fois arriv\u00e9s \u00e0 l&rsquo;arr\u00eat \u00abPompei Scavi &#8211; Villa dei Misteri\u00bb, les [&hellip;]<\/p>\n","protected":false},"author":13,"featured_media":0,"parent":446,"menu_order":2,"comment_status":"closed","ping_status":"closed","template":"","meta":{"footnotes":""},"class_list":["post-448","page","type-page","status-publish","hentry"],"yoast_head":"<!-- This site is optimized with the Yoast SEO plugin v26.9 - https:\/\/yoast.com\/product\/yoast-seo-wordpress\/ -->\n<title>Visitez Pomp\u00e9i - Il San Cristoforo<\/title>\n<meta name=\"robots\" content=\"index, follow, max-snippet:-1, max-image-preview:large, max-video-preview:-1\" \/>\n<link rel=\"canonical\" href=\"https:\/\/www.ilsancristoforo.com\/fr\/vesuve-et-ses-environs\/visitez-pompei-fouilles-archeologiques\/\" \/>\n<meta property=\"og:locale\" content=\"fr_FR\" \/>\n<meta property=\"og:type\" content=\"article\" \/>\n<meta property=\"og:title\" content=\"Visitez Pomp\u00e9i - Il San Cristoforo\" \/>\n<meta property=\"og:description\" content=\"Les fouilles arch\u00e9ologiques de Pomp\u00e9i ont livr\u00e9 les restes de l&rsquo;ancienne ville de Pomp\u00e9i, pr\u00e8s de la colline de Civita, enterr\u00e9s sous une couverture de cendres et de lave lors de l&rsquo;\u00e9ruption du V\u00e9suve en 79 apr\u00e8s JC, avec Herculanum, Stabiae et Oplonti. Une fois arriv\u00e9s \u00e0 l&rsquo;arr\u00eat \u00abPompei Scavi &#8211; Villa dei Misteri\u00bb, les [&hellip;]\" \/>\n<meta property=\"og:url\" content=\"https:\/\/www.ilsancristoforo.com\/fr\/vesuve-et-ses-environs\/visitez-pompei-fouilles-archeologiques\/\" \/>\n<meta property=\"og:site_name\" content=\"Il San Cristoforo\" \/>\n<meta property=\"article:modified_time\" content=\"2020-10-26T11:30:17+00:00\" \/>\n<meta name=\"twitter:card\" content=\"summary_large_image\" \/>\n<meta name=\"twitter:label1\" content=\"Dur\u00e9e de lecture estim\u00e9e\" \/>\n\t<meta name=\"twitter:data1\" content=\"2 minutes\" \/>\n<script type=\"application\/ld+json\" class=\"yoast-schema-graph\">{\"@context\":\"https:\/\/schema.org\",\"@graph\":[{\"@type\":\"WebPage\",\"@id\":\"https:\/\/www.ilsancristoforo.com\/fr\/vesuve-et-ses-environs\/visitez-pompei-fouilles-archeologiques\/\",\"url\":\"https:\/\/www.ilsancristoforo.com\/fr\/vesuve-et-ses-environs\/visitez-pompei-fouilles-archeologiques\/\",\"name\":\"Visitez Pomp\u00e9i - Il San Cristoforo\",\"isPartOf\":{\"@id\":\"https:\/\/www.ilsancristoforo.com\/fr\/#website\"},\"datePublished\":\"2020-10-19T14:53:45+00:00\",\"dateModified\":\"2020-10-26T11:30:17+00:00\",\"breadcrumb\":{\"@id\":\"https:\/\/www.ilsancristoforo.com\/fr\/vesuve-et-ses-environs\/visitez-pompei-fouilles-archeologiques\/#breadcrumb\"},\"inLanguage\":\"fr-FR\",\"potentialAction\":[{\"@type\":\"ReadAction\",\"target\":[\"https:\/\/www.ilsancristoforo.com\/fr\/vesuve-et-ses-environs\/visitez-pompei-fouilles-archeologiques\/\"]}]},{\"@type\":\"BreadcrumbList\",\"@id\":\"https:\/\/www.ilsancristoforo.com\/fr\/vesuve-et-ses-environs\/visitez-pompei-fouilles-archeologiques\/#breadcrumb\",\"itemListElement\":[{\"@type\":\"ListItem\",\"position\":1,\"name\":\"Home\",\"item\":\"https:\/\/www.ilsancristoforo.com\/fr\/\"},{\"@type\":\"ListItem\",\"position\":2,\"name\":\"V\u00e9suve et ses environs\",\"item\":\"https:\/\/www.ilsancristoforo.com\/fr\/vesuve-et-ses-environs\/\"},{\"@type\":\"ListItem\",\"position\":3,\"name\":\"Visitez Pomp\u00e9i\"}]},{\"@type\":\"WebSite\",\"@id\":\"https:\/\/www.ilsancristoforo.com\/fr\/#website\",\"url\":\"https:\/\/www.ilsancristoforo.com\/fr\/\",\"name\":\"Il San Cristoforo\",\"description\":\"Ecco un altro sito ms.decms.eu\",\"potentialAction\":[{\"@type\":\"SearchAction\",\"target\":{\"@type\":\"EntryPoint\",\"urlTemplate\":\"https:\/\/www.ilsancristoforo.com\/fr\/?s={search_term_string}\"},\"query-input\":{\"@type\":\"PropertyValueSpecification\",\"valueRequired\":true,\"valueName\":\"search_term_string\"}}],\"inLanguage\":\"fr-FR\"}]}<\/script>\n<!-- \/ Yoast SEO plugin. -->","yoast_head_json":{"title":"Visitez Pomp\u00e9i - Il San Cristoforo","robots":{"index":"index","follow":"follow","max-snippet":"max-snippet:-1","max-image-preview":"max-image-preview:large","max-video-preview":"max-video-preview:-1"},"canonical":"https:\/\/www.ilsancristoforo.com\/fr\/vesuve-et-ses-environs\/visitez-pompei-fouilles-archeologiques\/","og_locale":"fr_FR","og_type":"article","og_title":"Visitez Pomp\u00e9i - Il San Cristoforo","og_description":"Les fouilles arch\u00e9ologiques de Pomp\u00e9i ont livr\u00e9 les restes de l&rsquo;ancienne ville de Pomp\u00e9i, pr\u00e8s de la colline de Civita, enterr\u00e9s sous une couverture de cendres et de lave lors de l&rsquo;\u00e9ruption du V\u00e9suve en 79 apr\u00e8s JC, avec Herculanum, Stabiae et Oplonti. Une fois arriv\u00e9s \u00e0 l&rsquo;arr\u00eat \u00abPompei Scavi &#8211; Villa dei Misteri\u00bb, les [&hellip;]","og_url":"https:\/\/www.ilsancristoforo.com\/fr\/vesuve-et-ses-environs\/visitez-pompei-fouilles-archeologiques\/","og_site_name":"Il San Cristoforo","article_modified_time":"2020-10-26T11:30:17+00:00","twitter_card":"summary_large_image","twitter_misc":{"Dur\u00e9e de lecture estim\u00e9e":"2 minutes"},"schema":{"@context":"https:\/\/schema.org","@graph":[{"@type":"WebPage","@id":"https:\/\/www.ilsancristoforo.com\/fr\/vesuve-et-ses-environs\/visitez-pompei-fouilles-archeologiques\/","url":"https:\/\/www.ilsancristoforo.com\/fr\/vesuve-et-ses-environs\/visitez-pompei-fouilles-archeologiques\/","name":"Visitez Pomp\u00e9i - Il San Cristoforo","isPartOf":{"@id":"https:\/\/www.ilsancristoforo.com\/fr\/#website"},"datePublished":"2020-10-19T14:53:45+00:00","dateModified":"2020-10-26T11:30:17+00:00","breadcrumb":{"@id":"https:\/\/www.ilsancristoforo.com\/fr\/vesuve-et-ses-environs\/visitez-pompei-fouilles-archeologiques\/#breadcrumb"},"inLanguage":"fr-FR","potentialAction":[{"@type":"ReadAction","target":["https:\/\/www.ilsancristoforo.com\/fr\/vesuve-et-ses-environs\/visitez-pompei-fouilles-archeologiques\/"]}]},{"@type":"BreadcrumbList","@id":"https:\/\/www.ilsancristoforo.com\/fr\/vesuve-et-ses-environs\/visitez-pompei-fouilles-archeologiques\/#breadcrumb","itemListElement":[{"@type":"ListItem","position":1,"name":"Home","item":"https:\/\/www.ilsancristoforo.com\/fr\/"},{"@type":"ListItem","position":2,"name":"V\u00e9suve et ses environs","item":"https:\/\/www.ilsancristoforo.com\/fr\/vesuve-et-ses-environs\/"},{"@type":"ListItem","position":3,"name":"Visitez Pomp\u00e9i"}]},{"@type":"WebSite","@id":"https:\/\/www.ilsancristoforo.com\/fr\/#website","url":"https:\/\/www.ilsancristoforo.com\/fr\/","name":"Il San Cristoforo","description":"Ecco un altro sito ms.decms.eu","potentialAction":[{"@type":"SearchAction","target":{"@type":"EntryPoint","urlTemplate":"https:\/\/www.ilsancristoforo.com\/fr\/?s={search_term_string}"},"query-input":{"@type":"PropertyValueSpecification","valueRequired":true,"valueName":"search_term_string"}}],"inLanguage":"fr-FR"}]}},"acf":[],"_links":{"self":[{"href":"https:\/\/www.ilsancristoforo.com\/fr\/wp-json\/wp\/v2\/pages\/448","targetHints":{"allow":["GET"]}}],"collection":[{"href":"https:\/\/www.ilsancristoforo.com\/fr\/wp-json\/wp\/v2\/pages"}],"about":[{"href":"https:\/\/www.ilsancristoforo.com\/fr\/wp-json\/wp\/v2\/types\/page"}],"author":[{"embeddable":true,"href":"https:\/\/www.ilsancristoforo.com\/fr\/wp-json\/wp\/v2\/users\/13"}],"replies":[{"embeddable":true,"href":"https:\/\/www.ilsancristoforo.com\/fr\/wp-json\/wp\/v2\/comments?post=448"}],"version-history":[{"count":0,"href":"https:\/\/www.ilsancristoforo.com\/fr\/wp-json\/wp\/v2\/pages\/448\/revisions"}],"up":[{"embeddable":true,"href":"https:\/\/www.ilsancristoforo.com\/fr\/wp-json\/wp\/v2\/pages\/446"}],"wp:attachment":[{"href":"https:\/\/www.ilsancristoforo.com\/fr\/wp-json\/wp\/v2\/media?parent=448"}],"curies":[{"name":"wp","href":"https:\/\/api.w.org\/{rel}","templated":true}]}}