{"id":447,"date":"2020-10-19T16:53:18","date_gmt":"2020-10-19T14:53:18","guid":{"rendered":"https:\/\/www.ilsancristoforo.com\/?page_id=447"},"modified":"2020-10-26T12:31:18","modified_gmt":"2020-10-26T11:31:18","slug":"visitez-capri-ile-de-luxe","status":"publish","type":"page","link":"https:\/\/www.ilsancristoforo.com\/fr\/vesuve-et-ses-environs\/visitez-capri-ile-de-luxe\/","title":{"rendered":"Visitez Capri &#8211; Ile<\/br>de luxe"},"content":{"rendered":"<p>L&rsquo;\u00eele de Capri est l&rsquo;une des destinations touristiques les plus populaires non seulement en Campanie mais dans le monde entier.<\/p>\n<p>Le Resort offre \u00e0 ses clients la possibilit\u00e9 de rejoindre l&rsquo;\u00eele directement depuis l&#8217;embarcad\u00e8re Bourbon de Villa Favorita, accessible par les jardins de la villa du XVIIIe si\u00e8cle. \u00c0 l&rsquo;int\u00e9rieur de la villa, il y a un parking gratuit pour ceux qui arrivent en voiture. Alternativement, il y a notre transfert en navette priv\u00e9 gratuit du Resort \u00e0 la Villa Favorita, \u00e0 seulement 3 km de \u00ab\u00a0Il San Cristoforo\u00a0\u00bb.<\/p>\n<p>\u00c0 Capri, vous pouvez choisir de vous promener sans but dans les rues du centre, prendre un bateau et d\u00e9couvrir des criques cach\u00e9es, rappeler le pass\u00e9 glorieux de l&rsquo;\u00eele entre les vestiges arch\u00e9ologiques de la Villa Jovis, randonn\u00e9e verte vers Monte Solaro ou le long de la Migliera. Peu d&rsquo;endroits offrent une g\u00e9ographie des \u00e9motions aussi vari\u00e9e. Peu d&rsquo;endroits peuvent se vanter d&rsquo;un m\u00e9lange de mythe et de nature comme les Faraglioni, la Grotta Azzurra, l&rsquo;Arco Naturale.<\/p>\n<p>L&rsquo;endroit le plus important \u00e0 visiter \u00e0 Capri lors de votre excursion:<\/p>\n<ul>\n<li>Monte Solaro et Cetrella: la marche ne dure qu&rsquo;un peu plus d&rsquo;une heure si vous arr\u00eatez d&rsquo;utiliser le t\u00e9l\u00e9si\u00e8ge pour Monte Solaro, de 2 \u00e0 4 heures si vous d\u00e9cidez d&rsquo;atteindre l&rsquo;ermitage de Cetrella.<\/li>\n<li>La Scala Fenicia: c&rsquo;\u00e9tait le seul lien routier entre le port de Marina Grande et Anacapri, le \u00absommet\u00bb commun de l&rsquo;\u00eele de Capri. Aujourd&rsquo;hui, il y a 921 marches \u00e0 gravir pour admirer la vue de Capri dans toute sa splendeur.<\/li>\n<li>La promenade de Pizzolungo: le long du sentier, vous pouvez voir diff\u00e9rentes nuances du paysage de l&rsquo;\u00eele avec Faraglioni et la p\u00e9ninsule de Sorrente vues d&rsquo;un point de vue moins connu.<\/li>\n<li>Les mus\u00e9es de Capri Villa San Michele; La casa rossa; Il centro Caprense; la Certosa di San Giacomo.<\/li>\n<li>La Grotta Azzurra est connue dans le monde entier pour la couleur bleue intense de ses eaux.<\/li>\n<li>Les Villas de Tib\u00e8re: la premi\u00e8re \u00e9tape est la Villa Jovis.<\/li>\n<\/ul>\n<p>Apr\u00e8s environ 40 minutes, vous pourrez voir le contour des fouilles. Juste avant d&rsquo;arriver aux ruines de la Villa Jovis, on peut visiter le Parc Astarita, une succession de terrasses surplombant la mer entre la riche v\u00e9g\u00e9tation m\u00e9diterran\u00e9enne et les pins anciens. De Villa Jovis, on peut observer tout le golfe de Naples, l&rsquo;\u00eele d&rsquo;Ischia, Procida, la p\u00e9ninsule de Sorrente et le golfe de Salerne jusqu&rsquo;aux terres du Cilento.<\/p>\n","protected":false},"excerpt":{"rendered":"<p>L&rsquo;\u00eele de Capri est l&rsquo;une des destinations touristiques les plus populaires non seulement en Campanie mais dans le monde entier. Le Resort offre \u00e0 ses clients la possibilit\u00e9 de rejoindre l&rsquo;\u00eele directement depuis l&#8217;embarcad\u00e8re Bourbon de Villa Favorita, accessible par les jardins de la villa du XVIIIe si\u00e8cle. \u00c0 l&rsquo;int\u00e9rieur de la villa, il y [&hellip;]<\/p>\n","protected":false},"author":13,"featured_media":0,"parent":446,"menu_order":1,"comment_status":"closed","ping_status":"closed","template":"","meta":{"footnotes":""},"class_list":["post-447","page","type-page","status-publish","hentry"],"yoast_head":"<!-- This site is optimized with the Yoast SEO plugin v26.9 - https:\/\/yoast.com\/product\/yoast-seo-wordpress\/ -->\n<title>Visitez Capri - Ilede luxe - Il San Cristoforo<\/title>\n<meta name=\"robots\" content=\"index, follow, max-snippet:-1, max-image-preview:large, max-video-preview:-1\" \/>\n<link rel=\"canonical\" href=\"https:\/\/www.ilsancristoforo.com\/fr\/vesuve-et-ses-environs\/visitez-capri-ile-de-luxe\/\" \/>\n<meta property=\"og:locale\" content=\"fr_FR\" \/>\n<meta property=\"og:type\" content=\"article\" \/>\n<meta property=\"og:title\" content=\"Visitez Capri - Ilede luxe - Il San Cristoforo\" \/>\n<meta property=\"og:description\" content=\"L&rsquo;\u00eele de Capri est l&rsquo;une des destinations touristiques les plus populaires non seulement en Campanie mais dans le monde entier. Le Resort offre \u00e0 ses clients la possibilit\u00e9 de rejoindre l&rsquo;\u00eele directement depuis l&#8217;embarcad\u00e8re Bourbon de Villa Favorita, accessible par les jardins de la villa du XVIIIe si\u00e8cle. \u00c0 l&rsquo;int\u00e9rieur de la villa, il y [&hellip;]\" \/>\n<meta property=\"og:url\" content=\"https:\/\/www.ilsancristoforo.com\/fr\/vesuve-et-ses-environs\/visitez-capri-ile-de-luxe\/\" \/>\n<meta property=\"og:site_name\" content=\"Il San Cristoforo\" \/>\n<meta property=\"article:modified_time\" content=\"2020-10-26T11:31:18+00:00\" \/>\n<meta name=\"twitter:card\" content=\"summary_large_image\" \/>\n<meta name=\"twitter:label1\" content=\"Dur\u00e9e de lecture estim\u00e9e\" \/>\n\t<meta name=\"twitter:data1\" content=\"2 minutes\" \/>\n<script type=\"application\/ld+json\" class=\"yoast-schema-graph\">{\"@context\":\"https:\/\/schema.org\",\"@graph\":[{\"@type\":\"WebPage\",\"@id\":\"https:\/\/www.ilsancristoforo.com\/fr\/vesuve-et-ses-environs\/visitez-capri-ile-de-luxe\/\",\"url\":\"https:\/\/www.ilsancristoforo.com\/fr\/vesuve-et-ses-environs\/visitez-capri-ile-de-luxe\/\",\"name\":\"Visitez Capri - Ilede luxe - Il San Cristoforo\",\"isPartOf\":{\"@id\":\"https:\/\/www.ilsancristoforo.com\/fr\/#website\"},\"datePublished\":\"2020-10-19T14:53:18+00:00\",\"dateModified\":\"2020-10-26T11:31:18+00:00\",\"breadcrumb\":{\"@id\":\"https:\/\/www.ilsancristoforo.com\/fr\/vesuve-et-ses-environs\/visitez-capri-ile-de-luxe\/#breadcrumb\"},\"inLanguage\":\"fr-FR\",\"potentialAction\":[{\"@type\":\"ReadAction\",\"target\":[\"https:\/\/www.ilsancristoforo.com\/fr\/vesuve-et-ses-environs\/visitez-capri-ile-de-luxe\/\"]}]},{\"@type\":\"BreadcrumbList\",\"@id\":\"https:\/\/www.ilsancristoforo.com\/fr\/vesuve-et-ses-environs\/visitez-capri-ile-de-luxe\/#breadcrumb\",\"itemListElement\":[{\"@type\":\"ListItem\",\"position\":1,\"name\":\"Home\",\"item\":\"https:\/\/www.ilsancristoforo.com\/fr\/\"},{\"@type\":\"ListItem\",\"position\":2,\"name\":\"V\u00e9suve et ses environs\",\"item\":\"https:\/\/www.ilsancristoforo.com\/fr\/vesuve-et-ses-environs\/\"},{\"@type\":\"ListItem\",\"position\":3,\"name\":\"Visitez Capri &#8211; Ilede luxe\"}]},{\"@type\":\"WebSite\",\"@id\":\"https:\/\/www.ilsancristoforo.com\/fr\/#website\",\"url\":\"https:\/\/www.ilsancristoforo.com\/fr\/\",\"name\":\"Il San Cristoforo\",\"description\":\"Ecco un altro sito ms.decms.eu\",\"potentialAction\":[{\"@type\":\"SearchAction\",\"target\":{\"@type\":\"EntryPoint\",\"urlTemplate\":\"https:\/\/www.ilsancristoforo.com\/fr\/?s={search_term_string}\"},\"query-input\":{\"@type\":\"PropertyValueSpecification\",\"valueRequired\":true,\"valueName\":\"search_term_string\"}}],\"inLanguage\":\"fr-FR\"}]}<\/script>\n<!-- \/ Yoast SEO plugin. -->","yoast_head_json":{"title":"Visitez Capri - Ilede luxe - Il San Cristoforo","robots":{"index":"index","follow":"follow","max-snippet":"max-snippet:-1","max-image-preview":"max-image-preview:large","max-video-preview":"max-video-preview:-1"},"canonical":"https:\/\/www.ilsancristoforo.com\/fr\/vesuve-et-ses-environs\/visitez-capri-ile-de-luxe\/","og_locale":"fr_FR","og_type":"article","og_title":"Visitez Capri - Ilede luxe - Il San Cristoforo","og_description":"L&rsquo;\u00eele de Capri est l&rsquo;une des destinations touristiques les plus populaires non seulement en Campanie mais dans le monde entier. Le Resort offre \u00e0 ses clients la possibilit\u00e9 de rejoindre l&rsquo;\u00eele directement depuis l&#8217;embarcad\u00e8re Bourbon de Villa Favorita, accessible par les jardins de la villa du XVIIIe si\u00e8cle. \u00c0 l&rsquo;int\u00e9rieur de la villa, il y [&hellip;]","og_url":"https:\/\/www.ilsancristoforo.com\/fr\/vesuve-et-ses-environs\/visitez-capri-ile-de-luxe\/","og_site_name":"Il San Cristoforo","article_modified_time":"2020-10-26T11:31:18+00:00","twitter_card":"summary_large_image","twitter_misc":{"Dur\u00e9e de lecture estim\u00e9e":"2 minutes"},"schema":{"@context":"https:\/\/schema.org","@graph":[{"@type":"WebPage","@id":"https:\/\/www.ilsancristoforo.com\/fr\/vesuve-et-ses-environs\/visitez-capri-ile-de-luxe\/","url":"https:\/\/www.ilsancristoforo.com\/fr\/vesuve-et-ses-environs\/visitez-capri-ile-de-luxe\/","name":"Visitez Capri - Ilede luxe - Il San Cristoforo","isPartOf":{"@id":"https:\/\/www.ilsancristoforo.com\/fr\/#website"},"datePublished":"2020-10-19T14:53:18+00:00","dateModified":"2020-10-26T11:31:18+00:00","breadcrumb":{"@id":"https:\/\/www.ilsancristoforo.com\/fr\/vesuve-et-ses-environs\/visitez-capri-ile-de-luxe\/#breadcrumb"},"inLanguage":"fr-FR","potentialAction":[{"@type":"ReadAction","target":["https:\/\/www.ilsancristoforo.com\/fr\/vesuve-et-ses-environs\/visitez-capri-ile-de-luxe\/"]}]},{"@type":"BreadcrumbList","@id":"https:\/\/www.ilsancristoforo.com\/fr\/vesuve-et-ses-environs\/visitez-capri-ile-de-luxe\/#breadcrumb","itemListElement":[{"@type":"ListItem","position":1,"name":"Home","item":"https:\/\/www.ilsancristoforo.com\/fr\/"},{"@type":"ListItem","position":2,"name":"V\u00e9suve et ses environs","item":"https:\/\/www.ilsancristoforo.com\/fr\/vesuve-et-ses-environs\/"},{"@type":"ListItem","position":3,"name":"Visitez Capri &#8211; Ilede luxe"}]},{"@type":"WebSite","@id":"https:\/\/www.ilsancristoforo.com\/fr\/#website","url":"https:\/\/www.ilsancristoforo.com\/fr\/","name":"Il San Cristoforo","description":"Ecco un altro sito ms.decms.eu","potentialAction":[{"@type":"SearchAction","target":{"@type":"EntryPoint","urlTemplate":"https:\/\/www.ilsancristoforo.com\/fr\/?s={search_term_string}"},"query-input":{"@type":"PropertyValueSpecification","valueRequired":true,"valueName":"search_term_string"}}],"inLanguage":"fr-FR"}]}},"acf":[],"_links":{"self":[{"href":"https:\/\/www.ilsancristoforo.com\/fr\/wp-json\/wp\/v2\/pages\/447","targetHints":{"allow":["GET"]}}],"collection":[{"href":"https:\/\/www.ilsancristoforo.com\/fr\/wp-json\/wp\/v2\/pages"}],"about":[{"href":"https:\/\/www.ilsancristoforo.com\/fr\/wp-json\/wp\/v2\/types\/page"}],"author":[{"embeddable":true,"href":"https:\/\/www.ilsancristoforo.com\/fr\/wp-json\/wp\/v2\/users\/13"}],"replies":[{"embeddable":true,"href":"https:\/\/www.ilsancristoforo.com\/fr\/wp-json\/wp\/v2\/comments?post=447"}],"version-history":[{"count":0,"href":"https:\/\/www.ilsancristoforo.com\/fr\/wp-json\/wp\/v2\/pages\/447\/revisions"}],"up":[{"embeddable":true,"href":"https:\/\/www.ilsancristoforo.com\/fr\/wp-json\/wp\/v2\/pages\/446"}],"wp:attachment":[{"href":"https:\/\/www.ilsancristoforo.com\/fr\/wp-json\/wp\/v2\/media?parent=447"}],"curies":[{"name":"wp","href":"https:\/\/api.w.org\/{rel}","templated":true}]}}