{"id":446,"date":"2020-10-19T16:51:56","date_gmt":"2020-10-19T14:51:56","guid":{"rendered":"https:\/\/www.ilsancristoforo.com\/?page_id=446"},"modified":"2020-10-19T16:51:56","modified_gmt":"2020-10-19T14:51:56","slug":"vesuve-et-ses-environs","status":"publish","type":"page","link":"https:\/\/www.ilsancristoforo.com\/fr\/vesuve-et-ses-environs\/","title":{"rendered":"V\u00e9suve et ses environs"},"content":{"rendered":"<p>L&rsquo;h\u00f4tel San Cristoforo est situ\u00e9 au centre de la c\u00f4te du V\u00e9suve, un emplacement id\u00e9al pour visiter les fouilles des ruines d&rsquo;Herculanum et de Pomp\u00e9i et le parc national du V\u00e9suve.<\/p>\n<p>La position centrale dans le golfe est particuli\u00e8rement avantageuse pour explorer le centre historique de Naples, Sorrente et le mont Faito en utilisant la ligne de chemin de fer \u00abCircumvesuviana\u00bb, accessible en r\u00e9servant notre service de navette.<\/p>\n<p>Capri est accessible en ferry au d\u00e9part de Villa Favorita, une ancienne villa v\u00e9suvienne construite \u00e0 l&rsquo;\u00e9poque des Bourbons sur le Golden Mile.<\/p>\n","protected":false},"excerpt":{"rendered":"<p>L&rsquo;h\u00f4tel San Cristoforo est situ\u00e9 au centre de la c\u00f4te du V\u00e9suve, un emplacement id\u00e9al pour visiter les fouilles des ruines d&rsquo;Herculanum et de Pomp\u00e9i et le parc national du V\u00e9suve. La position centrale dans le golfe est particuli\u00e8rement avantageuse pour explorer le centre historique de Naples, Sorrente et le mont Faito en utilisant la [&hellip;]<\/p>\n","protected":false},"author":13,"featured_media":0,"parent":0,"menu_order":8,"comment_status":"closed","ping_status":"closed","template":"","meta":{"footnotes":""},"class_list":["post-446","page","type-page","status-publish","hentry"],"yoast_head":"<!-- This site is optimized with the Yoast SEO plugin v26.9 - https:\/\/yoast.com\/product\/yoast-seo-wordpress\/ -->\n<title>V\u00e9suve et ses environs - Il San Cristoforo<\/title>\n<meta name=\"robots\" content=\"index, follow, max-snippet:-1, max-image-preview:large, max-video-preview:-1\" \/>\n<link rel=\"canonical\" href=\"https:\/\/www.ilsancristoforo.com\/fr\/vesuve-et-ses-environs\/\" \/>\n<meta property=\"og:locale\" content=\"fr_FR\" \/>\n<meta property=\"og:type\" content=\"article\" \/>\n<meta property=\"og:title\" content=\"V\u00e9suve et ses environs - Il San Cristoforo\" \/>\n<meta property=\"og:description\" content=\"L&rsquo;h\u00f4tel San Cristoforo est situ\u00e9 au centre de la c\u00f4te du V\u00e9suve, un emplacement id\u00e9al pour visiter les fouilles des ruines d&rsquo;Herculanum et de Pomp\u00e9i et le parc national du V\u00e9suve. La position centrale dans le golfe est particuli\u00e8rement avantageuse pour explorer le centre historique de Naples, Sorrente et le mont Faito en utilisant la [&hellip;]\" \/>\n<meta property=\"og:url\" content=\"https:\/\/www.ilsancristoforo.com\/fr\/vesuve-et-ses-environs\/\" \/>\n<meta property=\"og:site_name\" content=\"Il San Cristoforo\" \/>\n<meta name=\"twitter:card\" content=\"summary_large_image\" \/>\n<meta name=\"twitter:label1\" content=\"Dur\u00e9e de lecture estim\u00e9e\" \/>\n\t<meta name=\"twitter:data1\" content=\"1 minute\" \/>\n<script type=\"application\/ld+json\" class=\"yoast-schema-graph\">{\"@context\":\"https:\/\/schema.org\",\"@graph\":[{\"@type\":\"WebPage\",\"@id\":\"https:\/\/www.ilsancristoforo.com\/fr\/vesuve-et-ses-environs\/\",\"url\":\"https:\/\/www.ilsancristoforo.com\/fr\/vesuve-et-ses-environs\/\",\"name\":\"V\u00e9suve et ses environs - Il San Cristoforo\",\"isPartOf\":{\"@id\":\"https:\/\/www.ilsancristoforo.com\/fr\/#website\"},\"datePublished\":\"2020-10-19T14:51:56+00:00\",\"breadcrumb\":{\"@id\":\"https:\/\/www.ilsancristoforo.com\/fr\/vesuve-et-ses-environs\/#breadcrumb\"},\"inLanguage\":\"fr-FR\",\"potentialAction\":[{\"@type\":\"ReadAction\",\"target\":[\"https:\/\/www.ilsancristoforo.com\/fr\/vesuve-et-ses-environs\/\"]}]},{\"@type\":\"BreadcrumbList\",\"@id\":\"https:\/\/www.ilsancristoforo.com\/fr\/vesuve-et-ses-environs\/#breadcrumb\",\"itemListElement\":[{\"@type\":\"ListItem\",\"position\":1,\"name\":\"Home\",\"item\":\"https:\/\/www.ilsancristoforo.com\/fr\/\"},{\"@type\":\"ListItem\",\"position\":2,\"name\":\"V\u00e9suve et ses environs\"}]},{\"@type\":\"WebSite\",\"@id\":\"https:\/\/www.ilsancristoforo.com\/fr\/#website\",\"url\":\"https:\/\/www.ilsancristoforo.com\/fr\/\",\"name\":\"Il San Cristoforo\",\"description\":\"Ecco un altro sito ms.decms.eu\",\"potentialAction\":[{\"@type\":\"SearchAction\",\"target\":{\"@type\":\"EntryPoint\",\"urlTemplate\":\"https:\/\/www.ilsancristoforo.com\/fr\/?s={search_term_string}\"},\"query-input\":{\"@type\":\"PropertyValueSpecification\",\"valueRequired\":true,\"valueName\":\"search_term_string\"}}],\"inLanguage\":\"fr-FR\"}]}<\/script>\n<!-- \/ Yoast SEO plugin. -->","yoast_head_json":{"title":"V\u00e9suve et ses environs - Il San Cristoforo","robots":{"index":"index","follow":"follow","max-snippet":"max-snippet:-1","max-image-preview":"max-image-preview:large","max-video-preview":"max-video-preview:-1"},"canonical":"https:\/\/www.ilsancristoforo.com\/fr\/vesuve-et-ses-environs\/","og_locale":"fr_FR","og_type":"article","og_title":"V\u00e9suve et ses environs - Il San Cristoforo","og_description":"L&rsquo;h\u00f4tel San Cristoforo est situ\u00e9 au centre de la c\u00f4te du V\u00e9suve, un emplacement id\u00e9al pour visiter les fouilles des ruines d&rsquo;Herculanum et de Pomp\u00e9i et le parc national du V\u00e9suve. La position centrale dans le golfe est particuli\u00e8rement avantageuse pour explorer le centre historique de Naples, Sorrente et le mont Faito en utilisant la [&hellip;]","og_url":"https:\/\/www.ilsancristoforo.com\/fr\/vesuve-et-ses-environs\/","og_site_name":"Il San Cristoforo","twitter_card":"summary_large_image","twitter_misc":{"Dur\u00e9e de lecture estim\u00e9e":"1 minute"},"schema":{"@context":"https:\/\/schema.org","@graph":[{"@type":"WebPage","@id":"https:\/\/www.ilsancristoforo.com\/fr\/vesuve-et-ses-environs\/","url":"https:\/\/www.ilsancristoforo.com\/fr\/vesuve-et-ses-environs\/","name":"V\u00e9suve et ses environs - Il San Cristoforo","isPartOf":{"@id":"https:\/\/www.ilsancristoforo.com\/fr\/#website"},"datePublished":"2020-10-19T14:51:56+00:00","breadcrumb":{"@id":"https:\/\/www.ilsancristoforo.com\/fr\/vesuve-et-ses-environs\/#breadcrumb"},"inLanguage":"fr-FR","potentialAction":[{"@type":"ReadAction","target":["https:\/\/www.ilsancristoforo.com\/fr\/vesuve-et-ses-environs\/"]}]},{"@type":"BreadcrumbList","@id":"https:\/\/www.ilsancristoforo.com\/fr\/vesuve-et-ses-environs\/#breadcrumb","itemListElement":[{"@type":"ListItem","position":1,"name":"Home","item":"https:\/\/www.ilsancristoforo.com\/fr\/"},{"@type":"ListItem","position":2,"name":"V\u00e9suve et ses environs"}]},{"@type":"WebSite","@id":"https:\/\/www.ilsancristoforo.com\/fr\/#website","url":"https:\/\/www.ilsancristoforo.com\/fr\/","name":"Il San Cristoforo","description":"Ecco un altro sito ms.decms.eu","potentialAction":[{"@type":"SearchAction","target":{"@type":"EntryPoint","urlTemplate":"https:\/\/www.ilsancristoforo.com\/fr\/?s={search_term_string}"},"query-input":{"@type":"PropertyValueSpecification","valueRequired":true,"valueName":"search_term_string"}}],"inLanguage":"fr-FR"}]}},"acf":[],"_links":{"self":[{"href":"https:\/\/www.ilsancristoforo.com\/fr\/wp-json\/wp\/v2\/pages\/446","targetHints":{"allow":["GET"]}}],"collection":[{"href":"https:\/\/www.ilsancristoforo.com\/fr\/wp-json\/wp\/v2\/pages"}],"about":[{"href":"https:\/\/www.ilsancristoforo.com\/fr\/wp-json\/wp\/v2\/types\/page"}],"author":[{"embeddable":true,"href":"https:\/\/www.ilsancristoforo.com\/fr\/wp-json\/wp\/v2\/users\/13"}],"replies":[{"embeddable":true,"href":"https:\/\/www.ilsancristoforo.com\/fr\/wp-json\/wp\/v2\/comments?post=446"}],"version-history":[{"count":0,"href":"https:\/\/www.ilsancristoforo.com\/fr\/wp-json\/wp\/v2\/pages\/446\/revisions"}],"wp:attachment":[{"href":"https:\/\/www.ilsancristoforo.com\/fr\/wp-json\/wp\/v2\/media?parent=446"}],"curies":[{"name":"wp","href":"https:\/\/api.w.org\/{rel}","templated":true}]}}