{"id":445,"date":"2020-10-19T16:51:10","date_gmt":"2020-10-19T14:51:10","guid":{"rendered":"https:\/\/www.ilsancristoforo.com\/?page_id=445"},"modified":"2022-04-02T11:14:48","modified_gmt":"2022-04-02T09:14:48","slug":"long-sejour","status":"publish","type":"page","link":"https:\/\/www.ilsancristoforo.com\/fr\/offres-et-forfaits\/long-sejour\/","title":{"rendered":"Long S\u00e9jour"},"content":{"rendered":"<p>L&rsquo;offre <strong>Stay Longer For Less<\/strong> est id\u00e9ale pour ceux qui recherchent un s\u00e9jour plus long plein de services et de confort &#8230; la solution parfaite pour d\u00e9brancher et r\u00e9cup\u00e9rer votre \u00e9nergie!<\/p>\n<p>Si vous s\u00e9journez au moins <em>3 nuits<\/em> dans un h\u00f4tel, profitez de r\u00e9ductions exclusives pouvant aller jusqu&rsquo;\u00e0 <strong>10%.<\/strong><\/p>\n<p><em>R\u00c9SERVEZ MAINTENANT &#8211; OFFRE LIMIT\u00c9E<\/em><\/p>\n<p>TOUT CE QUE TU AS BESOIN DE SAVOIR:<\/p>\n<ul>\n<li>La promotion long s\u00e9jour n\u00e9cessite un s\u00e9jour minimum de<strong> 3 nuits<\/strong><\/li>\n<li>La promotion long s\u00e9jour peut \u00eatre annul\u00e9e jusqu&rsquo;\u00e0 <strong>7\u00a0jours<\/strong> avant la date d&rsquo;arriv\u00e9e. En cas d&rsquo;annulation au-del\u00e0 des termes, la totalit\u00e9 du s\u00e9jour sera factur\u00e9.<\/li>\n<li>La promotion long s\u00e9jour peut \u00eatre r\u00e9serv\u00e9e en ligne ou en appelant notre centre de r\u00e9servation au <a href=\"tel:0817712292\">+ 390817712292<\/a> pour demander la promotion Long S\u00e9jour.<\/li>\n<\/ul>\n","protected":false},"excerpt":{"rendered":"<p>L&rsquo;offre Stay Longer For Less est id\u00e9ale pour ceux qui recherchent un s\u00e9jour plus long plein de services et de confort &#8230; la solution parfaite pour d\u00e9brancher et r\u00e9cup\u00e9rer votre \u00e9nergie! Si vous s\u00e9journez au moins 3 nuits dans un h\u00f4tel, profitez de r\u00e9ductions exclusives pouvant aller jusqu&rsquo;\u00e0 10%. R\u00c9SERVEZ MAINTENANT &#8211; OFFRE LIMIT\u00c9E TOUT [&hellip;]<\/p>\n","protected":false},"author":13,"featured_media":0,"parent":442,"menu_order":1,"comment_status":"closed","ping_status":"closed","template":"","meta":{"footnotes":""},"class_list":["post-445","page","type-page","status-publish","hentry"],"yoast_head":"<!-- This site is optimized with the Yoast SEO plugin v26.9 - https:\/\/yoast.com\/product\/yoast-seo-wordpress\/ -->\n<title>Long s\u00e9jour pr\u00e8s du V\u00e9suve | Offre sp\u00e9ciale 3 nuits | Il San Cristoforo<\/title>\n<meta name=\"description\" content=\"Long s\u00e9jour pr\u00e8s du V\u00e9suve et b\u00e9n\u00e9ficiez d&#039;une r\u00e9duction allant jusqu&#039;\u00e0 10%. L&#039;offre ne peut \u00eatre r\u00e9serv\u00e9e que directement aupr\u00e8s de nous.\" \/>\n<meta name=\"robots\" content=\"index, follow, max-snippet:-1, max-image-preview:large, max-video-preview:-1\" \/>\n<link rel=\"canonical\" href=\"https:\/\/www.ilsancristoforo.com\/fr\/offres-et-forfaits\/long-sejour\/\" \/>\n<meta property=\"og:locale\" content=\"fr_FR\" \/>\n<meta property=\"og:type\" content=\"article\" \/>\n<meta property=\"og:title\" content=\"Long s\u00e9jour pr\u00e8s du V\u00e9suve | Offre sp\u00e9ciale 3 nuits | Il San Cristoforo\" \/>\n<meta property=\"og:description\" content=\"Long s\u00e9jour pr\u00e8s du V\u00e9suve et b\u00e9n\u00e9ficiez d&#039;une r\u00e9duction allant jusqu&#039;\u00e0 10%. L&#039;offre ne peut \u00eatre r\u00e9serv\u00e9e que directement aupr\u00e8s de nous.\" \/>\n<meta property=\"og:url\" content=\"https:\/\/www.ilsancristoforo.com\/fr\/offres-et-forfaits\/long-sejour\/\" \/>\n<meta property=\"og:site_name\" content=\"Il San Cristoforo\" \/>\n<meta property=\"article:modified_time\" content=\"2022-04-02T09:14:48+00:00\" \/>\n<meta name=\"twitter:card\" content=\"summary_large_image\" \/>\n<meta name=\"twitter:label1\" content=\"Dur\u00e9e de lecture estim\u00e9e\" \/>\n\t<meta name=\"twitter:data1\" content=\"1 minute\" \/>\n<script type=\"application\/ld+json\" class=\"yoast-schema-graph\">{\"@context\":\"https:\/\/schema.org\",\"@graph\":[{\"@type\":\"WebPage\",\"@id\":\"https:\/\/www.ilsancristoforo.com\/fr\/offres-et-forfaits\/long-sejour\/\",\"url\":\"https:\/\/www.ilsancristoforo.com\/fr\/offres-et-forfaits\/long-sejour\/\",\"name\":\"Long s\u00e9jour pr\u00e8s du V\u00e9suve | Offre sp\u00e9ciale 3 nuits | Il San Cristoforo\",\"isPartOf\":{\"@id\":\"https:\/\/www.ilsancristoforo.com\/fr\/#website\"},\"datePublished\":\"2020-10-19T14:51:10+00:00\",\"dateModified\":\"2022-04-02T09:14:48+00:00\",\"description\":\"Long s\u00e9jour pr\u00e8s du V\u00e9suve et b\u00e9n\u00e9ficiez d'une r\u00e9duction allant jusqu'\u00e0 10%. L'offre ne peut \u00eatre r\u00e9serv\u00e9e que directement aupr\u00e8s de nous.\",\"breadcrumb\":{\"@id\":\"https:\/\/www.ilsancristoforo.com\/fr\/offres-et-forfaits\/long-sejour\/#breadcrumb\"},\"inLanguage\":\"fr-FR\",\"potentialAction\":[{\"@type\":\"ReadAction\",\"target\":[\"https:\/\/www.ilsancristoforo.com\/fr\/offres-et-forfaits\/long-sejour\/\"]}]},{\"@type\":\"BreadcrumbList\",\"@id\":\"https:\/\/www.ilsancristoforo.com\/fr\/offres-et-forfaits\/long-sejour\/#breadcrumb\",\"itemListElement\":[{\"@type\":\"ListItem\",\"position\":1,\"name\":\"Home\",\"item\":\"https:\/\/www.ilsancristoforo.com\/fr\/\"},{\"@type\":\"ListItem\",\"position\":2,\"name\":\"Offres et forfaits\",\"item\":\"https:\/\/www.ilsancristoforo.com\/fr\/offres-et-forfaits\/\"},{\"@type\":\"ListItem\",\"position\":3,\"name\":\"Long S\u00e9jour\"}]},{\"@type\":\"WebSite\",\"@id\":\"https:\/\/www.ilsancristoforo.com\/fr\/#website\",\"url\":\"https:\/\/www.ilsancristoforo.com\/fr\/\",\"name\":\"Il San Cristoforo\",\"description\":\"Ecco un altro sito ms.decms.eu\",\"potentialAction\":[{\"@type\":\"SearchAction\",\"target\":{\"@type\":\"EntryPoint\",\"urlTemplate\":\"https:\/\/www.ilsancristoforo.com\/fr\/?s={search_term_string}\"},\"query-input\":{\"@type\":\"PropertyValueSpecification\",\"valueRequired\":true,\"valueName\":\"search_term_string\"}}],\"inLanguage\":\"fr-FR\"}]}<\/script>\n<!-- \/ Yoast SEO plugin. -->","yoast_head_json":{"title":"Long s\u00e9jour pr\u00e8s du V\u00e9suve | Offre sp\u00e9ciale 3 nuits | Il San Cristoforo","description":"Long s\u00e9jour pr\u00e8s du V\u00e9suve et b\u00e9n\u00e9ficiez d'une r\u00e9duction allant jusqu'\u00e0 10%. L'offre ne peut \u00eatre r\u00e9serv\u00e9e que directement aupr\u00e8s de nous.","robots":{"index":"index","follow":"follow","max-snippet":"max-snippet:-1","max-image-preview":"max-image-preview:large","max-video-preview":"max-video-preview:-1"},"canonical":"https:\/\/www.ilsancristoforo.com\/fr\/offres-et-forfaits\/long-sejour\/","og_locale":"fr_FR","og_type":"article","og_title":"Long s\u00e9jour pr\u00e8s du V\u00e9suve | Offre sp\u00e9ciale 3 nuits | Il San Cristoforo","og_description":"Long s\u00e9jour pr\u00e8s du V\u00e9suve et b\u00e9n\u00e9ficiez d'une r\u00e9duction allant jusqu'\u00e0 10%. L'offre ne peut \u00eatre r\u00e9serv\u00e9e que directement aupr\u00e8s de nous.","og_url":"https:\/\/www.ilsancristoforo.com\/fr\/offres-et-forfaits\/long-sejour\/","og_site_name":"Il San Cristoforo","article_modified_time":"2022-04-02T09:14:48+00:00","twitter_card":"summary_large_image","twitter_misc":{"Dur\u00e9e de lecture estim\u00e9e":"1 minute"},"schema":{"@context":"https:\/\/schema.org","@graph":[{"@type":"WebPage","@id":"https:\/\/www.ilsancristoforo.com\/fr\/offres-et-forfaits\/long-sejour\/","url":"https:\/\/www.ilsancristoforo.com\/fr\/offres-et-forfaits\/long-sejour\/","name":"Long s\u00e9jour pr\u00e8s du V\u00e9suve | Offre sp\u00e9ciale 3 nuits | Il San Cristoforo","isPartOf":{"@id":"https:\/\/www.ilsancristoforo.com\/fr\/#website"},"datePublished":"2020-10-19T14:51:10+00:00","dateModified":"2022-04-02T09:14:48+00:00","description":"Long s\u00e9jour pr\u00e8s du V\u00e9suve et b\u00e9n\u00e9ficiez d'une r\u00e9duction allant jusqu'\u00e0 10%. L'offre ne peut \u00eatre r\u00e9serv\u00e9e que directement aupr\u00e8s de nous.","breadcrumb":{"@id":"https:\/\/www.ilsancristoforo.com\/fr\/offres-et-forfaits\/long-sejour\/#breadcrumb"},"inLanguage":"fr-FR","potentialAction":[{"@type":"ReadAction","target":["https:\/\/www.ilsancristoforo.com\/fr\/offres-et-forfaits\/long-sejour\/"]}]},{"@type":"BreadcrumbList","@id":"https:\/\/www.ilsancristoforo.com\/fr\/offres-et-forfaits\/long-sejour\/#breadcrumb","itemListElement":[{"@type":"ListItem","position":1,"name":"Home","item":"https:\/\/www.ilsancristoforo.com\/fr\/"},{"@type":"ListItem","position":2,"name":"Offres et forfaits","item":"https:\/\/www.ilsancristoforo.com\/fr\/offres-et-forfaits\/"},{"@type":"ListItem","position":3,"name":"Long S\u00e9jour"}]},{"@type":"WebSite","@id":"https:\/\/www.ilsancristoforo.com\/fr\/#website","url":"https:\/\/www.ilsancristoforo.com\/fr\/","name":"Il San Cristoforo","description":"Ecco un altro sito ms.decms.eu","potentialAction":[{"@type":"SearchAction","target":{"@type":"EntryPoint","urlTemplate":"https:\/\/www.ilsancristoforo.com\/fr\/?s={search_term_string}"},"query-input":{"@type":"PropertyValueSpecification","valueRequired":true,"valueName":"search_term_string"}}],"inLanguage":"fr-FR"}]}},"acf":[],"_links":{"self":[{"href":"https:\/\/www.ilsancristoforo.com\/fr\/wp-json\/wp\/v2\/pages\/445","targetHints":{"allow":["GET"]}}],"collection":[{"href":"https:\/\/www.ilsancristoforo.com\/fr\/wp-json\/wp\/v2\/pages"}],"about":[{"href":"https:\/\/www.ilsancristoforo.com\/fr\/wp-json\/wp\/v2\/types\/page"}],"author":[{"embeddable":true,"href":"https:\/\/www.ilsancristoforo.com\/fr\/wp-json\/wp\/v2\/users\/13"}],"replies":[{"embeddable":true,"href":"https:\/\/www.ilsancristoforo.com\/fr\/wp-json\/wp\/v2\/comments?post=445"}],"version-history":[{"count":0,"href":"https:\/\/www.ilsancristoforo.com\/fr\/wp-json\/wp\/v2\/pages\/445\/revisions"}],"up":[{"embeddable":true,"href":"https:\/\/www.ilsancristoforo.com\/fr\/wp-json\/wp\/v2\/pages\/442"}],"wp:attachment":[{"href":"https:\/\/www.ilsancristoforo.com\/fr\/wp-json\/wp\/v2\/media?parent=445"}],"curies":[{"name":"wp","href":"https:\/\/api.w.org\/{rel}","templated":true}]}}