{"id":444,"date":"2020-10-19T16:49:50","date_gmt":"2020-10-19T14:49:50","guid":{"rendered":"https:\/\/www.ilsancristoforo.com\/?page_id=444"},"modified":"2022-11-04T11:45:15","modified_gmt":"2022-11-04T10:45:15","slug":"derniere-minute-meilleur-tarif-garanti","status":"publish","type":"page","link":"https:\/\/www.ilsancristoforo.com\/fr\/offres-et-forfaits\/derniere-minute-meilleur-tarif-garanti\/","title":{"rendered":"Derni\u00e8re minute"},"content":{"rendered":"<p>R\u00e9servez l&rsquo;offre de derni\u00e8re minute directement depuis notre site Web ou en appelant l&rsquo;h\u00f4tel et vous b\u00e9n\u00e9ficierez du meilleur tarif disponible sur le march\u00e9!<\/p>\n<p>Pour vous une remise de 5% sur les r\u00e9servations effectu\u00e9es dans les<strong> 72h de la date d&rsquo;arriv\u00e9e<\/strong> !!!<\/p>\n<p>D\u00e9couvrez <strong>Herculanum et le V\u00e9suve<\/strong> \u00e0 des tarifs r\u00e9serv\u00e9s \u00e0 nos clients et en profitant de services exclusifs pour ceux qui r\u00e9servent sur le site.<\/p>\n","protected":false},"excerpt":{"rendered":"<p>R\u00e9servez l&rsquo;offre de derni\u00e8re minute directement depuis notre site Web ou en appelant l&rsquo;h\u00f4tel et vous b\u00e9n\u00e9ficierez du meilleur tarif disponible sur le march\u00e9! Pour vous une remise de 5% sur les r\u00e9servations effectu\u00e9es dans les 72h de la date d&rsquo;arriv\u00e9e !!! D\u00e9couvrez Herculanum et le V\u00e9suve \u00e0 des tarifs r\u00e9serv\u00e9s \u00e0 nos clients et [&hellip;]<\/p>\n","protected":false},"author":13,"featured_media":0,"parent":442,"menu_order":10,"comment_status":"closed","ping_status":"closed","template":"","meta":{"footnotes":""},"class_list":["post-444","page","type-page","status-publish","hentry"],"yoast_head":"<!-- This site is optimized with the Yoast SEO plugin v26.9 - https:\/\/yoast.com\/product\/yoast-seo-wordpress\/ -->\n<title>Offre de Derni\u00e8re minute pr\u00e8s du V\u00e9suve | Il San Cristoforo<\/title>\n<meta name=\"description\" content=\"Derni\u00e8re minute pr\u00e8s du V\u00e9suve directement une remise de 15% sur les r\u00e9servations effectu\u00e9es dans les 48h.\" \/>\n<meta name=\"robots\" content=\"index, follow, max-snippet:-1, max-image-preview:large, max-video-preview:-1\" \/>\n<link rel=\"canonical\" href=\"https:\/\/www.ilsancristoforo.com\/fr\/offres-et-forfaits\/derniere-minute-meilleur-tarif-garanti\/\" \/>\n<meta property=\"og:locale\" content=\"fr_FR\" \/>\n<meta property=\"og:type\" content=\"article\" \/>\n<meta property=\"og:title\" content=\"Offre de Derni\u00e8re minute pr\u00e8s du V\u00e9suve | Il San Cristoforo\" \/>\n<meta property=\"og:description\" content=\"Derni\u00e8re minute pr\u00e8s du V\u00e9suve directement une remise de 15% sur les r\u00e9servations effectu\u00e9es dans les 48h.\" \/>\n<meta property=\"og:url\" content=\"https:\/\/www.ilsancristoforo.com\/fr\/offres-et-forfaits\/derniere-minute-meilleur-tarif-garanti\/\" \/>\n<meta property=\"og:site_name\" content=\"Il San Cristoforo\" \/>\n<meta property=\"article:modified_time\" content=\"2022-11-04T10:45:15+00:00\" \/>\n<meta name=\"twitter:card\" content=\"summary_large_image\" \/>\n<meta name=\"twitter:label1\" content=\"Dur\u00e9e de lecture estim\u00e9e\" \/>\n\t<meta name=\"twitter:data1\" content=\"1 minute\" \/>\n<script type=\"application\/ld+json\" class=\"yoast-schema-graph\">{\"@context\":\"https:\/\/schema.org\",\"@graph\":[{\"@type\":\"WebPage\",\"@id\":\"https:\/\/www.ilsancristoforo.com\/fr\/offres-et-forfaits\/derniere-minute-meilleur-tarif-garanti\/\",\"url\":\"https:\/\/www.ilsancristoforo.com\/fr\/offres-et-forfaits\/derniere-minute-meilleur-tarif-garanti\/\",\"name\":\"Offre de Derni\u00e8re minute pr\u00e8s du V\u00e9suve | Il San Cristoforo\",\"isPartOf\":{\"@id\":\"https:\/\/www.ilsancristoforo.com\/fr\/#website\"},\"datePublished\":\"2020-10-19T14:49:50+00:00\",\"dateModified\":\"2022-11-04T10:45:15+00:00\",\"description\":\"Derni\u00e8re minute pr\u00e8s du V\u00e9suve directement une remise de 15% sur les r\u00e9servations effectu\u00e9es dans les 48h.\",\"breadcrumb\":{\"@id\":\"https:\/\/www.ilsancristoforo.com\/fr\/offres-et-forfaits\/derniere-minute-meilleur-tarif-garanti\/#breadcrumb\"},\"inLanguage\":\"fr-FR\",\"potentialAction\":[{\"@type\":\"ReadAction\",\"target\":[\"https:\/\/www.ilsancristoforo.com\/fr\/offres-et-forfaits\/derniere-minute-meilleur-tarif-garanti\/\"]}]},{\"@type\":\"BreadcrumbList\",\"@id\":\"https:\/\/www.ilsancristoforo.com\/fr\/offres-et-forfaits\/derniere-minute-meilleur-tarif-garanti\/#breadcrumb\",\"itemListElement\":[{\"@type\":\"ListItem\",\"position\":1,\"name\":\"Home\",\"item\":\"https:\/\/www.ilsancristoforo.com\/fr\/\"},{\"@type\":\"ListItem\",\"position\":2,\"name\":\"Offres et forfaits\",\"item\":\"https:\/\/www.ilsancristoforo.com\/fr\/offres-et-forfaits\/\"},{\"@type\":\"ListItem\",\"position\":3,\"name\":\"Derni\u00e8re minute\"}]},{\"@type\":\"WebSite\",\"@id\":\"https:\/\/www.ilsancristoforo.com\/fr\/#website\",\"url\":\"https:\/\/www.ilsancristoforo.com\/fr\/\",\"name\":\"Il San Cristoforo\",\"description\":\"Ecco un altro sito ms.decms.eu\",\"potentialAction\":[{\"@type\":\"SearchAction\",\"target\":{\"@type\":\"EntryPoint\",\"urlTemplate\":\"https:\/\/www.ilsancristoforo.com\/fr\/?s={search_term_string}\"},\"query-input\":{\"@type\":\"PropertyValueSpecification\",\"valueRequired\":true,\"valueName\":\"search_term_string\"}}],\"inLanguage\":\"fr-FR\"}]}<\/script>\n<!-- \/ Yoast SEO plugin. -->","yoast_head_json":{"title":"Offre de Derni\u00e8re minute pr\u00e8s du V\u00e9suve | Il San Cristoforo","description":"Derni\u00e8re minute pr\u00e8s du V\u00e9suve directement une remise de 15% sur les r\u00e9servations effectu\u00e9es dans les 48h.","robots":{"index":"index","follow":"follow","max-snippet":"max-snippet:-1","max-image-preview":"max-image-preview:large","max-video-preview":"max-video-preview:-1"},"canonical":"https:\/\/www.ilsancristoforo.com\/fr\/offres-et-forfaits\/derniere-minute-meilleur-tarif-garanti\/","og_locale":"fr_FR","og_type":"article","og_title":"Offre de Derni\u00e8re minute pr\u00e8s du V\u00e9suve | Il San Cristoforo","og_description":"Derni\u00e8re minute pr\u00e8s du V\u00e9suve directement une remise de 15% sur les r\u00e9servations effectu\u00e9es dans les 48h.","og_url":"https:\/\/www.ilsancristoforo.com\/fr\/offres-et-forfaits\/derniere-minute-meilleur-tarif-garanti\/","og_site_name":"Il San Cristoforo","article_modified_time":"2022-11-04T10:45:15+00:00","twitter_card":"summary_large_image","twitter_misc":{"Dur\u00e9e de lecture estim\u00e9e":"1 minute"},"schema":{"@context":"https:\/\/schema.org","@graph":[{"@type":"WebPage","@id":"https:\/\/www.ilsancristoforo.com\/fr\/offres-et-forfaits\/derniere-minute-meilleur-tarif-garanti\/","url":"https:\/\/www.ilsancristoforo.com\/fr\/offres-et-forfaits\/derniere-minute-meilleur-tarif-garanti\/","name":"Offre de Derni\u00e8re minute pr\u00e8s du V\u00e9suve | Il San Cristoforo","isPartOf":{"@id":"https:\/\/www.ilsancristoforo.com\/fr\/#website"},"datePublished":"2020-10-19T14:49:50+00:00","dateModified":"2022-11-04T10:45:15+00:00","description":"Derni\u00e8re minute pr\u00e8s du V\u00e9suve directement une remise de 15% sur les r\u00e9servations effectu\u00e9es dans les 48h.","breadcrumb":{"@id":"https:\/\/www.ilsancristoforo.com\/fr\/offres-et-forfaits\/derniere-minute-meilleur-tarif-garanti\/#breadcrumb"},"inLanguage":"fr-FR","potentialAction":[{"@type":"ReadAction","target":["https:\/\/www.ilsancristoforo.com\/fr\/offres-et-forfaits\/derniere-minute-meilleur-tarif-garanti\/"]}]},{"@type":"BreadcrumbList","@id":"https:\/\/www.ilsancristoforo.com\/fr\/offres-et-forfaits\/derniere-minute-meilleur-tarif-garanti\/#breadcrumb","itemListElement":[{"@type":"ListItem","position":1,"name":"Home","item":"https:\/\/www.ilsancristoforo.com\/fr\/"},{"@type":"ListItem","position":2,"name":"Offres et forfaits","item":"https:\/\/www.ilsancristoforo.com\/fr\/offres-et-forfaits\/"},{"@type":"ListItem","position":3,"name":"Derni\u00e8re minute"}]},{"@type":"WebSite","@id":"https:\/\/www.ilsancristoforo.com\/fr\/#website","url":"https:\/\/www.ilsancristoforo.com\/fr\/","name":"Il San Cristoforo","description":"Ecco un altro sito ms.decms.eu","potentialAction":[{"@type":"SearchAction","target":{"@type":"EntryPoint","urlTemplate":"https:\/\/www.ilsancristoforo.com\/fr\/?s={search_term_string}"},"query-input":{"@type":"PropertyValueSpecification","valueRequired":true,"valueName":"search_term_string"}}],"inLanguage":"fr-FR"}]}},"acf":[],"_links":{"self":[{"href":"https:\/\/www.ilsancristoforo.com\/fr\/wp-json\/wp\/v2\/pages\/444","targetHints":{"allow":["GET"]}}],"collection":[{"href":"https:\/\/www.ilsancristoforo.com\/fr\/wp-json\/wp\/v2\/pages"}],"about":[{"href":"https:\/\/www.ilsancristoforo.com\/fr\/wp-json\/wp\/v2\/types\/page"}],"author":[{"embeddable":true,"href":"https:\/\/www.ilsancristoforo.com\/fr\/wp-json\/wp\/v2\/users\/13"}],"replies":[{"embeddable":true,"href":"https:\/\/www.ilsancristoforo.com\/fr\/wp-json\/wp\/v2\/comments?post=444"}],"version-history":[{"count":0,"href":"https:\/\/www.ilsancristoforo.com\/fr\/wp-json\/wp\/v2\/pages\/444\/revisions"}],"up":[{"embeddable":true,"href":"https:\/\/www.ilsancristoforo.com\/fr\/wp-json\/wp\/v2\/pages\/442"}],"wp:attachment":[{"href":"https:\/\/www.ilsancristoforo.com\/fr\/wp-json\/wp\/v2\/media?parent=444"}],"curies":[{"name":"wp","href":"https:\/\/api.w.org\/{rel}","templated":true}]}}