{"id":443,"date":"2020-10-19T16:48:24","date_gmt":"2020-10-19T14:48:24","guid":{"rendered":"https:\/\/www.ilsancristoforo.com\/?page_id=443"},"modified":"2020-12-10T16:42:29","modified_gmt":"2020-12-10T15:42:29","slug":"la-cuisine-du-vesuve","status":"publish","type":"page","link":"https:\/\/www.ilsancristoforo.com\/fr\/la-cuisine-du-vesuve\/","title":{"rendered":"La cuisine du V\u00e9suve"},"content":{"rendered":"<p>Sur les pentes du<em> V\u00e9suve<\/em>, il y a toujours quelque chose qui bouillonne dans la marmite &#8230;<\/p>\n<p>Du matin avec le<em> petit d\u00e9jeuner v\u00e9suve<\/em> en passant par <em>les ap\u00e9ritifs<\/em>, des collations au d\u00e9jeuner en passant par les <em>d\u00eeners aux chandelles<\/em>, la cuisine de \u00ab\u00a0Il San Cristoforo\u00a0\u00bb est toujours op\u00e9rationnelle pour ravir le palais avec des produits locaux astucieusement pr\u00e9par\u00e9s par notre Chef Antonio Tecchia et sa brigade.<\/p>\n<p>Au <strong>Restaurant \u00ab\u00a0Line\u00a0\u00bb<\/strong>, entour\u00e9 d&rsquo;une luxuriante plantation d&rsquo;agrumes, l&rsquo;ambiance chaleureuse et intimiste, la cuisine ouverte et seulement 40 couverts, rendront le moment du repas unique. L&rsquo;utilisation principalement de<em> produits propres<\/em> et de produits des fermes v\u00e9suviennes caract\u00e9rise notre proposition culinaire, pr\u00e9f\u00e9rant les produits typiques et caract\u00e9ris\u00e9e par les marques DOP, IGP, IGT, DOC et DOCG<\/p>\n<p>Si vous choisissez notre emplacement pour c\u00e9l\u00e9brer <strong>votre mariage<\/strong>, le <em>chef Antonio Tecchia<\/em> pr\u00e9parera des plats \u00e9l\u00e9gants et raffin\u00e9s dans la cuisine avec des mati\u00e8res premi\u00e8res de la plus haute qualit\u00e9 qui rendront cette journ\u00e9e inoubliable, en particulier pour vos invit\u00e9s.<\/p>\n","protected":false},"excerpt":{"rendered":"<p>Sur les pentes du V\u00e9suve, il y a toujours quelque chose qui bouillonne dans la marmite &#8230; Du matin avec le petit d\u00e9jeuner v\u00e9suve en passant par les ap\u00e9ritifs, des collations au d\u00e9jeuner en passant par les d\u00eeners aux chandelles, la cuisine de \u00ab\u00a0Il San Cristoforo\u00a0\u00bb est toujours op\u00e9rationnelle pour ravir le palais avec des [&hellip;]<\/p>\n","protected":false},"author":13,"featured_media":0,"parent":0,"menu_order":3,"comment_status":"closed","ping_status":"closed","template":"template-restaurant.php","meta":{"footnotes":""},"class_list":["post-443","page","type-page","status-publish","hentry"],"yoast_head":"<!-- This site is optimized with the Yoast SEO plugin v26.9 - https:\/\/yoast.com\/product\/yoast-seo-wordpress\/ -->\n<title>La cuisine du V\u00e9suve \u00e0 Herculanum | Il San Cristoforo Resort |<\/title>\n<meta name=\"description\" content=\"La cuisine du V\u00e9suve du &quot;Il San Cristoforo&quot; Agriresort. Le menu propose d&#039;excellents plats de notre chef r\u00e9sident Antonio Tecchia.\" \/>\n<meta name=\"robots\" content=\"index, follow, max-snippet:-1, max-image-preview:large, max-video-preview:-1\" \/>\n<link rel=\"canonical\" href=\"https:\/\/www.ilsancristoforo.com\/fr\/la-cuisine-du-vesuve\/\" \/>\n<meta property=\"og:locale\" content=\"fr_FR\" \/>\n<meta property=\"og:type\" content=\"article\" \/>\n<meta property=\"og:title\" content=\"La cuisine du V\u00e9suve \u00e0 Herculanum | Il San Cristoforo Resort |\" \/>\n<meta property=\"og:description\" content=\"La cuisine du V\u00e9suve du &quot;Il San Cristoforo&quot; Agriresort. Le menu propose d&#039;excellents plats de notre chef r\u00e9sident Antonio Tecchia.\" \/>\n<meta property=\"og:url\" content=\"https:\/\/www.ilsancristoforo.com\/fr\/la-cuisine-du-vesuve\/\" \/>\n<meta property=\"og:site_name\" content=\"Il San Cristoforo\" \/>\n<meta property=\"article:modified_time\" content=\"2020-12-10T15:42:29+00:00\" \/>\n<meta name=\"twitter:card\" content=\"summary_large_image\" \/>\n<meta name=\"twitter:label1\" content=\"Dur\u00e9e de lecture estim\u00e9e\" \/>\n\t<meta name=\"twitter:data1\" content=\"1 minute\" \/>\n<script type=\"application\/ld+json\" class=\"yoast-schema-graph\">{\"@context\":\"https:\/\/schema.org\",\"@graph\":[{\"@type\":\"WebPage\",\"@id\":\"https:\/\/www.ilsancristoforo.com\/fr\/la-cuisine-du-vesuve\/\",\"url\":\"https:\/\/www.ilsancristoforo.com\/fr\/la-cuisine-du-vesuve\/\",\"name\":\"La cuisine du V\u00e9suve \u00e0 Herculanum | Il San Cristoforo Resort |\",\"isPartOf\":{\"@id\":\"https:\/\/www.ilsancristoforo.com\/fr\/#website\"},\"datePublished\":\"2020-10-19T14:48:24+00:00\",\"dateModified\":\"2020-12-10T15:42:29+00:00\",\"description\":\"La cuisine du V\u00e9suve du \\\"Il San Cristoforo\\\" Agriresort. Le menu propose d'excellents plats de notre chef r\u00e9sident Antonio Tecchia.\",\"breadcrumb\":{\"@id\":\"https:\/\/www.ilsancristoforo.com\/fr\/la-cuisine-du-vesuve\/#breadcrumb\"},\"inLanguage\":\"fr-FR\",\"potentialAction\":[{\"@type\":\"ReadAction\",\"target\":[\"https:\/\/www.ilsancristoforo.com\/fr\/la-cuisine-du-vesuve\/\"]}]},{\"@type\":\"BreadcrumbList\",\"@id\":\"https:\/\/www.ilsancristoforo.com\/fr\/la-cuisine-du-vesuve\/#breadcrumb\",\"itemListElement\":[{\"@type\":\"ListItem\",\"position\":1,\"name\":\"Home\",\"item\":\"https:\/\/www.ilsancristoforo.com\/fr\/\"},{\"@type\":\"ListItem\",\"position\":2,\"name\":\"La cuisine du V\u00e9suve\"}]},{\"@type\":\"WebSite\",\"@id\":\"https:\/\/www.ilsancristoforo.com\/fr\/#website\",\"url\":\"https:\/\/www.ilsancristoforo.com\/fr\/\",\"name\":\"Il San Cristoforo\",\"description\":\"Ecco un altro sito ms.decms.eu\",\"potentialAction\":[{\"@type\":\"SearchAction\",\"target\":{\"@type\":\"EntryPoint\",\"urlTemplate\":\"https:\/\/www.ilsancristoforo.com\/fr\/?s={search_term_string}\"},\"query-input\":{\"@type\":\"PropertyValueSpecification\",\"valueRequired\":true,\"valueName\":\"search_term_string\"}}],\"inLanguage\":\"fr-FR\"}]}<\/script>\n<!-- \/ Yoast SEO plugin. -->","yoast_head_json":{"title":"La cuisine du V\u00e9suve \u00e0 Herculanum | Il San Cristoforo Resort |","description":"La cuisine du V\u00e9suve du \"Il San Cristoforo\" Agriresort. Le menu propose d'excellents plats de notre chef r\u00e9sident Antonio Tecchia.","robots":{"index":"index","follow":"follow","max-snippet":"max-snippet:-1","max-image-preview":"max-image-preview:large","max-video-preview":"max-video-preview:-1"},"canonical":"https:\/\/www.ilsancristoforo.com\/fr\/la-cuisine-du-vesuve\/","og_locale":"fr_FR","og_type":"article","og_title":"La cuisine du V\u00e9suve \u00e0 Herculanum | Il San Cristoforo Resort |","og_description":"La cuisine du V\u00e9suve du \"Il San Cristoforo\" Agriresort. Le menu propose d'excellents plats de notre chef r\u00e9sident Antonio Tecchia.","og_url":"https:\/\/www.ilsancristoforo.com\/fr\/la-cuisine-du-vesuve\/","og_site_name":"Il San Cristoforo","article_modified_time":"2020-12-10T15:42:29+00:00","twitter_card":"summary_large_image","twitter_misc":{"Dur\u00e9e de lecture estim\u00e9e":"1 minute"},"schema":{"@context":"https:\/\/schema.org","@graph":[{"@type":"WebPage","@id":"https:\/\/www.ilsancristoforo.com\/fr\/la-cuisine-du-vesuve\/","url":"https:\/\/www.ilsancristoforo.com\/fr\/la-cuisine-du-vesuve\/","name":"La cuisine du V\u00e9suve \u00e0 Herculanum | Il San Cristoforo Resort |","isPartOf":{"@id":"https:\/\/www.ilsancristoforo.com\/fr\/#website"},"datePublished":"2020-10-19T14:48:24+00:00","dateModified":"2020-12-10T15:42:29+00:00","description":"La cuisine du V\u00e9suve du \"Il San Cristoforo\" Agriresort. Le menu propose d'excellents plats de notre chef r\u00e9sident Antonio Tecchia.","breadcrumb":{"@id":"https:\/\/www.ilsancristoforo.com\/fr\/la-cuisine-du-vesuve\/#breadcrumb"},"inLanguage":"fr-FR","potentialAction":[{"@type":"ReadAction","target":["https:\/\/www.ilsancristoforo.com\/fr\/la-cuisine-du-vesuve\/"]}]},{"@type":"BreadcrumbList","@id":"https:\/\/www.ilsancristoforo.com\/fr\/la-cuisine-du-vesuve\/#breadcrumb","itemListElement":[{"@type":"ListItem","position":1,"name":"Home","item":"https:\/\/www.ilsancristoforo.com\/fr\/"},{"@type":"ListItem","position":2,"name":"La cuisine du V\u00e9suve"}]},{"@type":"WebSite","@id":"https:\/\/www.ilsancristoforo.com\/fr\/#website","url":"https:\/\/www.ilsancristoforo.com\/fr\/","name":"Il San Cristoforo","description":"Ecco un altro sito ms.decms.eu","potentialAction":[{"@type":"SearchAction","target":{"@type":"EntryPoint","urlTemplate":"https:\/\/www.ilsancristoforo.com\/fr\/?s={search_term_string}"},"query-input":{"@type":"PropertyValueSpecification","valueRequired":true,"valueName":"search_term_string"}}],"inLanguage":"fr-FR"}]}},"acf":[],"_links":{"self":[{"href":"https:\/\/www.ilsancristoforo.com\/fr\/wp-json\/wp\/v2\/pages\/443","targetHints":{"allow":["GET"]}}],"collection":[{"href":"https:\/\/www.ilsancristoforo.com\/fr\/wp-json\/wp\/v2\/pages"}],"about":[{"href":"https:\/\/www.ilsancristoforo.com\/fr\/wp-json\/wp\/v2\/types\/page"}],"author":[{"embeddable":true,"href":"https:\/\/www.ilsancristoforo.com\/fr\/wp-json\/wp\/v2\/users\/13"}],"replies":[{"embeddable":true,"href":"https:\/\/www.ilsancristoforo.com\/fr\/wp-json\/wp\/v2\/comments?post=443"}],"version-history":[{"count":0,"href":"https:\/\/www.ilsancristoforo.com\/fr\/wp-json\/wp\/v2\/pages\/443\/revisions"}],"wp:attachment":[{"href":"https:\/\/www.ilsancristoforo.com\/fr\/wp-json\/wp\/v2\/media?parent=443"}],"curies":[{"name":"wp","href":"https:\/\/api.w.org\/{rel}","templated":true}]}}