{"id":438,"date":"2020-10-19T15:18:13","date_gmt":"2020-10-19T13:18:13","guid":{"rendered":"https:\/\/www.ilsancristoforo.com\/?page_id=438"},"modified":"2020-10-26T13:02:48","modified_gmt":"2020-10-26T12:02:48","slug":"le-parc","status":"publish","type":"page","link":"https:\/\/www.ilsancristoforo.com\/fr\/services\/le-parc\/","title":{"rendered":"Le Parc"},"content":{"rendered":"<p>Entour\u00e9 par <strong>40.000m2<\/strong>\u00a0du parc <strong>Resort \u00ab\u00a0Il San Cristoforo\u00a0\u00bb<\/strong> est une oasis adjacente au <a href=\"https:\/\/www.parconazionaledelvesuvio.it\/en\/\">Parc National du V\u00e9suve<\/a><\/p>\n<p>Le long de l&rsquo;avenue principale, sign\u00e9e par une double rang\u00e9e d&rsquo;abord de ch\u00eanes verts puis d&rsquo;ormes et de peupliers cypr\u00e8s, il y a deux sc\u00e9narios devant lesquels la vue se perd: <strong>deux pins s\u00e9culaires<\/strong> pr\u00e9sents \u00e0 l&rsquo;ouest de l&rsquo;h\u00f4tel et <em>Naples<\/em> en arri\u00e8re-plan qui divisent la propri\u00e9t\u00e9 en deux zones avec des caract\u00e9ristiques diff\u00e9rentes. Au sud la colline, caract\u00e9ris\u00e9e par un chemin de mont\u00e9e lente depuis la piscine, permet d&rsquo;acc\u00e9der aux parkings et offre une alternance de zones ensoleill\u00e9es et ombrag\u00e9es. Un flux d&rsquo;eau relie visuellement<strong> la sculpture \u00ab\u00a0Ianua\u00a0\u00bb<\/strong> avec l&rsquo;entr\u00e9e de la structure qui symbolise <strong>la coul\u00e9e de lave de 1944<\/strong>. Dans ce domaine \u00ab\u00a0<em>Il Giardino Lilla\u00a0\u00bb<\/em> a \u00e9t\u00e9 con\u00e7u, \u00e0 l&rsquo;ombre des cypr\u00e8s et des peupliers de saule et entour\u00e9 par les sons de la cascade du terminal, lieu id\u00e9al pour s&rsquo;arr\u00eater, lire et entrer en contact avec la nature et le magma de notre terre,<\/p>\n<p>Au nord, la colline est marqu\u00e9e par des chemins curvilignes mis en valeur par une v\u00e9g\u00e9tation de couvre-sol, un p\u00e9rim\u00e8tre de for\u00eat dense, et un coin lecture plong\u00e9 dans la verdure et rendu unique par l&rsquo;installation <em>artistique permanente \u00abVorago\u00bb.<\/em><\/p>\n<p>La piscine, \u00e0 c\u00f4t\u00e9 de l&rsquo;h\u00f4tel, est cach\u00e9e par une dune dans le \u00abmaquis m\u00e9diterran\u00e9en\u00bb, qui avec des caroubiers et des li\u00e8ges garantit intimit\u00e9 et d\u00e9tente. Vous pourrez admirer la vue sur le complexe Somma-Vesuvius, sp\u00e9cialement con\u00e7u en association avec la conception des pentes de la colline sud. Dans une position plus arri\u00e8re, le belv\u00e9d\u00e8re est dot\u00e9 d&rsquo;une intimit\u00e9 d\u00e9rivant d&rsquo;escarpements toujours trait\u00e9s avec de grands arbustes massifs et \u00e9tay\u00e9s par des groupes de tilleuls et de ch\u00eanes verts, tandis que la zone sud est affect\u00e9e par<strong> la r\u00e9cup\u00e9ration de la citronneraie pr\u00e9existante.<\/strong><\/p>\n<p>Le parc \u00abIl San Cristoforo\u00bb est un programme de bourses d&rsquo;architecture et de paysage.<\/p>\n","protected":false},"excerpt":{"rendered":"<p>Entour\u00e9 par 40.000m2\u00a0du parc Resort \u00ab\u00a0Il San Cristoforo\u00a0\u00bb est une oasis adjacente au Parc National du V\u00e9suve Le long de l&rsquo;avenue principale, sign\u00e9e par une double rang\u00e9e d&rsquo;abord de ch\u00eanes verts puis d&rsquo;ormes et de peupliers cypr\u00e8s, il y a deux sc\u00e9narios devant lesquels la vue se perd: deux pins s\u00e9culaires pr\u00e9sents \u00e0 l&rsquo;ouest de [&hellip;]<\/p>\n","protected":false},"author":13,"featured_media":0,"parent":440,"menu_order":3,"comment_status":"closed","ping_status":"closed","template":"","meta":{"footnotes":""},"class_list":["post-438","page","type-page","status-publish","hentry"],"yoast_head":"<!-- This site is optimized with the Yoast SEO plugin v26.9 - https:\/\/yoast.com\/product\/yoast-seo-wordpress\/ -->\n<title>Le Parc \u00e0 l&#039;int\u00e9rieur du Resort &quot;Il San Cristoforo&quot; \u00e0 Herculanuem<\/title>\n<meta name=\"description\" content=\"Entour\u00e9 par 40.000m2\u00a0du parc Resort &quot;Il San Cristoforo&quot; est une oasis adjacente au Parc National du V\u00e9suve. De nombreuses vari\u00e9t\u00e9s de plantes.\" \/>\n<meta name=\"robots\" content=\"index, follow, max-snippet:-1, max-image-preview:large, max-video-preview:-1\" \/>\n<link rel=\"canonical\" href=\"https:\/\/www.ilsancristoforo.com\/fr\/services\/le-parc\/\" \/>\n<meta property=\"og:locale\" content=\"fr_FR\" \/>\n<meta property=\"og:type\" content=\"article\" \/>\n<meta property=\"og:title\" content=\"Le Parc \u00e0 l&#039;int\u00e9rieur du Resort &quot;Il San Cristoforo&quot; \u00e0 Herculanuem\" \/>\n<meta property=\"og:description\" content=\"Entour\u00e9 par 40.000m2\u00a0du parc Resort &quot;Il San Cristoforo&quot; est une oasis adjacente au Parc National du V\u00e9suve. De nombreuses vari\u00e9t\u00e9s de plantes.\" \/>\n<meta property=\"og:url\" content=\"https:\/\/www.ilsancristoforo.com\/fr\/services\/le-parc\/\" \/>\n<meta property=\"og:site_name\" content=\"Il San Cristoforo\" \/>\n<meta property=\"article:modified_time\" content=\"2020-10-26T12:02:48+00:00\" \/>\n<meta name=\"twitter:card\" content=\"summary_large_image\" \/>\n<meta name=\"twitter:label1\" content=\"Dur\u00e9e de lecture estim\u00e9e\" \/>\n\t<meta name=\"twitter:data1\" content=\"2 minutes\" \/>\n<script type=\"application\/ld+json\" class=\"yoast-schema-graph\">{\"@context\":\"https:\/\/schema.org\",\"@graph\":[{\"@type\":\"WebPage\",\"@id\":\"https:\/\/www.ilsancristoforo.com\/fr\/services\/le-parc\/\",\"url\":\"https:\/\/www.ilsancristoforo.com\/fr\/services\/le-parc\/\",\"name\":\"Le Parc \u00e0 l'int\u00e9rieur du Resort \\\"Il San Cristoforo\\\" \u00e0 Herculanuem\",\"isPartOf\":{\"@id\":\"https:\/\/www.ilsancristoforo.com\/fr\/#website\"},\"datePublished\":\"2020-10-19T13:18:13+00:00\",\"dateModified\":\"2020-10-26T12:02:48+00:00\",\"description\":\"Entour\u00e9 par 40.000m2\u00a0du parc Resort \\\"Il San Cristoforo\\\" est une oasis adjacente au Parc National du V\u00e9suve. De nombreuses vari\u00e9t\u00e9s de plantes.\",\"breadcrumb\":{\"@id\":\"https:\/\/www.ilsancristoforo.com\/fr\/services\/le-parc\/#breadcrumb\"},\"inLanguage\":\"fr-FR\",\"potentialAction\":[{\"@type\":\"ReadAction\",\"target\":[\"https:\/\/www.ilsancristoforo.com\/fr\/services\/le-parc\/\"]}]},{\"@type\":\"BreadcrumbList\",\"@id\":\"https:\/\/www.ilsancristoforo.com\/fr\/services\/le-parc\/#breadcrumb\",\"itemListElement\":[{\"@type\":\"ListItem\",\"position\":1,\"name\":\"Home\",\"item\":\"https:\/\/www.ilsancristoforo.com\/fr\/\"},{\"@type\":\"ListItem\",\"position\":2,\"name\":\"Services\",\"item\":\"https:\/\/www.ilsancristoforo.com\/fr\/services\/\"},{\"@type\":\"ListItem\",\"position\":3,\"name\":\"Le Parc\"}]},{\"@type\":\"WebSite\",\"@id\":\"https:\/\/www.ilsancristoforo.com\/fr\/#website\",\"url\":\"https:\/\/www.ilsancristoforo.com\/fr\/\",\"name\":\"Il San Cristoforo\",\"description\":\"Ecco un altro sito ms.decms.eu\",\"potentialAction\":[{\"@type\":\"SearchAction\",\"target\":{\"@type\":\"EntryPoint\",\"urlTemplate\":\"https:\/\/www.ilsancristoforo.com\/fr\/?s={search_term_string}\"},\"query-input\":{\"@type\":\"PropertyValueSpecification\",\"valueRequired\":true,\"valueName\":\"search_term_string\"}}],\"inLanguage\":\"fr-FR\"}]}<\/script>\n<!-- \/ Yoast SEO plugin. -->","yoast_head_json":{"title":"Le Parc \u00e0 l'int\u00e9rieur du Resort \"Il San Cristoforo\" \u00e0 Herculanuem","description":"Entour\u00e9 par 40.000m2\u00a0du parc Resort \"Il San Cristoforo\" est une oasis adjacente au Parc National du V\u00e9suve. De nombreuses vari\u00e9t\u00e9s de plantes.","robots":{"index":"index","follow":"follow","max-snippet":"max-snippet:-1","max-image-preview":"max-image-preview:large","max-video-preview":"max-video-preview:-1"},"canonical":"https:\/\/www.ilsancristoforo.com\/fr\/services\/le-parc\/","og_locale":"fr_FR","og_type":"article","og_title":"Le Parc \u00e0 l'int\u00e9rieur du Resort \"Il San Cristoforo\" \u00e0 Herculanuem","og_description":"Entour\u00e9 par 40.000m2\u00a0du parc Resort \"Il San Cristoforo\" est une oasis adjacente au Parc National du V\u00e9suve. De nombreuses vari\u00e9t\u00e9s de plantes.","og_url":"https:\/\/www.ilsancristoforo.com\/fr\/services\/le-parc\/","og_site_name":"Il San Cristoforo","article_modified_time":"2020-10-26T12:02:48+00:00","twitter_card":"summary_large_image","twitter_misc":{"Dur\u00e9e de lecture estim\u00e9e":"2 minutes"},"schema":{"@context":"https:\/\/schema.org","@graph":[{"@type":"WebPage","@id":"https:\/\/www.ilsancristoforo.com\/fr\/services\/le-parc\/","url":"https:\/\/www.ilsancristoforo.com\/fr\/services\/le-parc\/","name":"Le Parc \u00e0 l'int\u00e9rieur du Resort \"Il San Cristoforo\" \u00e0 Herculanuem","isPartOf":{"@id":"https:\/\/www.ilsancristoforo.com\/fr\/#website"},"datePublished":"2020-10-19T13:18:13+00:00","dateModified":"2020-10-26T12:02:48+00:00","description":"Entour\u00e9 par 40.000m2\u00a0du parc Resort \"Il San Cristoforo\" est une oasis adjacente au Parc National du V\u00e9suve. De nombreuses vari\u00e9t\u00e9s de plantes.","breadcrumb":{"@id":"https:\/\/www.ilsancristoforo.com\/fr\/services\/le-parc\/#breadcrumb"},"inLanguage":"fr-FR","potentialAction":[{"@type":"ReadAction","target":["https:\/\/www.ilsancristoforo.com\/fr\/services\/le-parc\/"]}]},{"@type":"BreadcrumbList","@id":"https:\/\/www.ilsancristoforo.com\/fr\/services\/le-parc\/#breadcrumb","itemListElement":[{"@type":"ListItem","position":1,"name":"Home","item":"https:\/\/www.ilsancristoforo.com\/fr\/"},{"@type":"ListItem","position":2,"name":"Services","item":"https:\/\/www.ilsancristoforo.com\/fr\/services\/"},{"@type":"ListItem","position":3,"name":"Le Parc"}]},{"@type":"WebSite","@id":"https:\/\/www.ilsancristoforo.com\/fr\/#website","url":"https:\/\/www.ilsancristoforo.com\/fr\/","name":"Il San Cristoforo","description":"Ecco un altro sito ms.decms.eu","potentialAction":[{"@type":"SearchAction","target":{"@type":"EntryPoint","urlTemplate":"https:\/\/www.ilsancristoforo.com\/fr\/?s={search_term_string}"},"query-input":{"@type":"PropertyValueSpecification","valueRequired":true,"valueName":"search_term_string"}}],"inLanguage":"fr-FR"}]}},"acf":[],"_links":{"self":[{"href":"https:\/\/www.ilsancristoforo.com\/fr\/wp-json\/wp\/v2\/pages\/438","targetHints":{"allow":["GET"]}}],"collection":[{"href":"https:\/\/www.ilsancristoforo.com\/fr\/wp-json\/wp\/v2\/pages"}],"about":[{"href":"https:\/\/www.ilsancristoforo.com\/fr\/wp-json\/wp\/v2\/types\/page"}],"author":[{"embeddable":true,"href":"https:\/\/www.ilsancristoforo.com\/fr\/wp-json\/wp\/v2\/users\/13"}],"replies":[{"embeddable":true,"href":"https:\/\/www.ilsancristoforo.com\/fr\/wp-json\/wp\/v2\/comments?post=438"}],"version-history":[{"count":0,"href":"https:\/\/www.ilsancristoforo.com\/fr\/wp-json\/wp\/v2\/pages\/438\/revisions"}],"up":[{"embeddable":true,"href":"https:\/\/www.ilsancristoforo.com\/fr\/wp-json\/wp\/v2\/pages\/440"}],"wp:attachment":[{"href":"https:\/\/www.ilsancristoforo.com\/fr\/wp-json\/wp\/v2\/media?parent=438"}],"curies":[{"name":"wp","href":"https:\/\/api.w.org\/{rel}","templated":true}]}}